{"id":5390,"date":"2022-05-11T09:42:30","date_gmt":"2022-05-11T09:42:30","guid":{"rendered":"https:\/\/www.medisonics.com\/102_leitfaden\/"},"modified":"2022-07-29T09:28:31","modified_gmt":"2022-07-29T09:28:31","slug":"102_leitfaden","status":"publish","type":"page","link":"https:\/\/www.medisonics.com\/fr\/102_leitfaden\/","title":{"rendered":"102_Leitfaden"},"content":{"rendered":"<p>[vc_row full_height=\u00a0\u00bbyes\u00a0\u00bb columns_placement=\u00a0\u00bbtop\u00a0\u00bb][vc_column]\n\t\t\t<!-- START Home 100 REVOLUTION SLIDER 6.6.20 --><p class=\"rs-p-wp-fix\"><\/p>\n\t\t\t<rs-module-wrap id=\"rev_slider_13_1_wrapper\" data-source=\"gallery\" style=\"visibility:hidden;background:transparent;padding:0;margin:0px auto;margin-top:0;margin-bottom:0;\">\n\t\t\t\t<rs-module id=\"rev_slider_13_1\" style=\"\" data-version=\"6.6.20\">\n\t\t\t\t\t<rs-slides style=\"overflow: hidden; position: absolute;\">\n\t\t\t\t\t\t<rs-slide style=\"position: absolute;\" data-key=\"rs-36\" data-title=\"Slide\" data-invisible=\"true\" data-anim=\"adpr:false;ms:50;\" data-in=\"o:1;\" data-out=\"a:false;\">\n\t\t\t\t\t\t\t<img decoding=\"async\" src=\"\/\/www.medisonics.com\/wp-content\/plugins\/revslider\/public\/assets\/assets\/dummy.png\" alt=\"Slide\" title=\"100_1-3_36.jpeg\" width=\"1920\" height=\"1080\" class=\"rev-slidebg tp-rs-img rs-lazyload\" data-lazyload=\"\/\/www.medisonics.com\/wp-content\/plugins\/revslider\/public\/assets\/assets\/transparent.png\" data-parallax=\"off\" data-no-retina>\n<!--\n\t\t\t\t\t\t\t--><rs-layer\n\t\t\t\t\t\t\t\tid=\"slider-13-slide-36-layer-0\" \n\t\t\t\t\t\t\t\tclass=\"rs-layer-video intrinsic-ignore\"\n\t\t\t\t\t\t\t\tdata-type=\"video\"\n\t\t\t\t\t\t\t\tdata-rsp_ch=\"on\"\n\t\t\t\t\t\t\t\tdata-text=\"w:normal;\"\n\t\t\t\t\t\t\t\tdata-dim=\"w:100%;h:100%;\"\n\t\t\t\t\t\t\t\tdata-basealign=\"slide\"\n\t\t\t\t\t\t\t\tdata-video=\"vfc:true;twa:false;vd:50;rwd:f;l:true;ptimer:false;nse:f;sav:f;afs:f;vc:t;inl:f;\"\n\t\t\t\t\t\t\t\tdata-poster=\"\/\/www.medisonics.com\/wp-content\/uploads\/revslider\/video-media\/100_1-3_36_layer.jpeg\"\n\t\t\t\t\t\t\t\tdata-mp4=\"\/\/www.medisonics.com\/wp-content\/uploads\/2022\/05\/100_1-3.mp4\"\n\t\t\t\t\t\t\t\tdata-frame_999=\"o:0;st:w;\"\n\t\t\t\t\t\t\t\tstyle=\"z-index:8;\"\n\t\t\t\t\t\t\t>\n\t\t\t\t\t\t\t<\/rs-layer><!--\n-->\t\t\t\t\t\t<\/rs-slide>\n\t\t\t\t\t<\/rs-slides>\n\t\t\t\t\t<rs-static-layers><!--\n\t\t\t\t\t--><\/rs-static-layers>\n\t\t\t\t<\/rs-module>\n\t\t\t\t<script>\n\t\t\t\t\tsetREVStartSize({c: 'rev_slider_13_1',rl:[1240,1024,778,480],el:[650],gw:[1240],gh:[650],type:'hero',justify:'',layout:'fullwidth',mh:\"0\"});if (window.RS_MODULES!==undefined && window.RS_MODULES.modules!==undefined && window.RS_MODULES.modules[\"revslider131\"]!==undefined) {window.RS_MODULES.modules[\"revslider131\"].once = false;window.revapi13 = undefined;if (window.RS_MODULES.checkMinimal!==undefined) window.RS_MODULES.checkMinimal()}\n\t\t\t\t<\/script>\n\t\t\t<\/rs-module-wrap>\n\t\t\t<!-- END REVOLUTION SLIDER -->\n[vc_empty_space height=\u00a0\u00bb10px\u00a0\u00bb][vc_column_text]<\/p>\n<pre><strong><span style=\"font-family: arial, helvetica, sans-serif; font-size: 24px; color: #000000;\">Guide<\/span><\/strong><\/pre>\n<hr>\n<pre><strong><span style=\"font-family: arial, helvetica, sans-serif; font-size: 14px;\">En tant que soci\u00e9t\u00e9 de d\u00e9veloppement, de production et de services, nous sommes:<\/span><\/strong>\n<span style=\"font-family: arial, helvetica, sans-serif; font-size: 14px; color: #808080;\">\u203a autonome dans toutes les d\u00e9cisions<\/span>\n<span style=\"font-family: arial, helvetica, sans-serif; font-size: 14px; color: #808080;\">\u203a ind\u00e9pendant financi\u00e8rement et hi\u00e9rarchiquement<\/span>\n<span style=\"font-family: arial, helvetica, sans-serif; font-size: 14px; color: #808080;\">\u203a cr\u00e9atifs, orient\u00e9s vers le client et les applications<\/span>\n<span style=\"font-family: arial, helvetica, sans-serif; font-size: 14px; color: #808080;\">\u203a ouvert \u00e0 des formes appropri\u00e9es de coop\u00e9ration<\/span>\n<span style=\"font-family: arial, helvetica, sans-serif; font-size: 14px; color: #808080;\">\u203a Soucieux d'un traitement durable et respectueux de l'environnement de<\/span>\n<span style=\"font-family: arial, helvetica, sans-serif; font-size: 14px; color: #808080;\">  les ressources de notre environnement<\/span>\n<span style=\"font-family: arial, helvetica, sans-serif; font-size: 14px; color: #808080;\">\u203a s'efforce de se d\u00e9velopper davantage et de rester innovant<\/span>\n\n<strong><span style=\"font-family: arial, helvetica, sans-serif; font-size: 14px;\">Nos clients:<\/span><\/strong>\n<span style=\"font-family: arial, helvetica, sans-serif; font-size: 14px; color: #808080;\">\u203a nous le prenons au s\u00e9rieux et r\u00e9pondons \u00e0 vos exigences et \u00e0 vos souhaits<\/span>\n<span style=\"font-family: arial, helvetica, sans-serif; font-size: 14px; color: #808080;\">\u203a nous conseillons de mani\u00e8re comp\u00e9tente et orient\u00e9e vers les solutions<\/span>\n<span style=\"font-family: arial, helvetica, sans-serif; font-size: 14px; color: #808080;\">\u203a nous les traitons personnellement, \u00e9quitablement et correctement<\/span>\n<span style=\"font-family: arial, helvetica, sans-serif; font-size: 14px; color: #808080;\">\u203a Nous nous occupons de tout, de l'offre \u00e0 la livraison, en passant par le suivi.<\/span>\n<span style=\"font-family: arial, helvetica, sans-serif; font-size: 14px; color: #808080;\">\u203a nous voulons gagner en tant que partenaires satisfaits et \u00e0 long terme<\/span>\n\n<strong><span style=\"font-family: arial, helvetica, sans-serif; font-size: 14px;\">Nous offrons:<\/span><\/strong>\n<span style=\"font-family: arial, helvetica, sans-serif; font-size: 14px; color: #808080;\">\u203a des conseils comp\u00e9tents et ax\u00e9s sur les solutions<\/span>\n<span style=\"font-family: arial, helvetica, sans-serif; font-size: 14px; color: #808080;\">\u203a Soutien de l'offre \u00e0 la livraison et au service apr\u00e8s-vente<\/span>\n<span style=\"font-family: arial, helvetica, sans-serif; font-size: 14px; color: #808080;\">\u203a Une valeur ajout\u00e9e gr\u00e2ce \u00e0 des solutions sp\u00e9ciales innovantes et sp\u00e9cifiques aux clients<\/span>\n<span style=\"font-family: arial, helvetica, sans-serif; font-size: 14px; color: #808080;\">\u203a Des produits au plus haut niveau technique et \u00e0 la pointe de la technologie<\/span>\n<span style=\"font-family: arial, helvetica, sans-serif; font-size: 14px; color: #808080;\">\u203a Maintenance et service apr\u00e8s livraison<\/span><\/pre>\n<p>[\/vc_column_text][\/vc_column][\/vc_row]<\/p>\n","protected":false},"excerpt":{"rendered":"<p>[vc_row full_height=\u00a0\u00bbyes\u00a0\u00bb columns_placement=\u00a0\u00bbtop\u00a0\u00bb][vc_column][vc_empty_space height=\u00a0\u00bb10px\u00a0\u00bb][vc_column_text] Guide En tant que soci\u00e9t\u00e9 de d\u00e9veloppement, de production et de services, nous sommes: \u203a autonome dans toutes les d\u00e9cisions \u203a ind\u00e9pendant financi\u00e8rement et hi\u00e9rarchiquement \u203a cr\u00e9atifs, orient\u00e9s vers le client et les applications \u203a ouvert \u00e0 des formes appropri\u00e9es de coop\u00e9ration \u203a Soucieux d&rsquo;un traitement durable et respectueux de l&rsquo;environnement [&hellip;]<\/p>\n","protected":false},"author":1,"featured_media":0,"parent":0,"menu_order":0,"comment_status":"closed","ping_status":"closed","template":"","meta":{"_monsterinsights_skip_tracking":false,"_monsterinsights_sitenote_active":false,"_monsterinsights_sitenote_note":"","_monsterinsights_sitenote_category":0,"footnotes":""},"jetpack_sharing_enabled":true,"_links":{"self":[{"href":"https:\/\/www.medisonics.com\/fr\/wp-json\/wp\/v2\/pages\/5390"}],"collection":[{"href":"https:\/\/www.medisonics.com\/fr\/wp-json\/wp\/v2\/pages"}],"about":[{"href":"https:\/\/www.medisonics.com\/fr\/wp-json\/wp\/v2\/types\/page"}],"author":[{"embeddable":true,"href":"https:\/\/www.medisonics.com\/fr\/wp-json\/wp\/v2\/users\/1"}],"replies":[{"embeddable":true,"href":"https:\/\/www.medisonics.com\/fr\/wp-json\/wp\/v2\/comments?post=5390"}],"version-history":[{"count":4,"href":"https:\/\/www.medisonics.com\/fr\/wp-json\/wp\/v2\/pages\/5390\/revisions"}],"predecessor-version":[{"id":7365,"href":"https:\/\/www.medisonics.com\/fr\/wp-json\/wp\/v2\/pages\/5390\/revisions\/7365"}],"wp:attachment":[{"href":"https:\/\/www.medisonics.com\/fr\/wp-json\/wp\/v2\/media?parent=5390"}],"curies":[{"name":"wp","href":"https:\/\/api.w.org\/{rel}","templated":true}]}}