{"id":5527,"date":"2022-05-11T11:36:02","date_gmt":"2022-05-11T11:36:02","guid":{"rendered":"https:\/\/www.medisonics.com\/104_copyright\/"},"modified":"2022-07-30T08:57:34","modified_gmt":"2022-07-30T08:57:34","slug":"104_copyright","status":"publish","type":"page","link":"https:\/\/www.medisonics.com\/fr\/104_copyright\/","title":{"rendered":"104_Copyright"},"content":{"rendered":"<p>[vc_row content_placement=\u00a0\u00bbtop\u00a0\u00bb][vc_column]\n\t\t\t<!-- START Home 101 REVOLUTION SLIDER 6.6.20 --><p class=\"rs-p-wp-fix\"><\/p>\n\t\t\t<rs-module-wrap id=\"rev_slider_16_1_wrapper\" data-source=\"gallery\" style=\"visibility:hidden;background:transparent;padding:0;margin:0px auto;margin-top:0;margin-bottom:0;\">\n\t\t\t\t<rs-module id=\"rev_slider_16_1\" style=\"\" data-version=\"6.6.20\">\n\t\t\t\t\t<rs-slides style=\"overflow: hidden; position: absolute;\">\n\t\t\t\t\t\t<rs-slide style=\"position: absolute;\" data-key=\"rs-42\" data-title=\"Slide\" data-anim=\"adpr:false;\" data-in=\"o:0;\" data-out=\"a:false;\">\n\t\t\t\t\t\t\t<img decoding=\"async\" src=\"\/\/www.medisonics.com\/wp-content\/plugins\/revslider\/public\/assets\/assets\/dummy.png\" alt=\"Slide\" class=\"rev-slidebg tp-rs-img rs-lazyload\" data-lazyload=\"\/\/www.medisonics.com\/wp-content\/plugins\/revslider\/public\/assets\/assets\/transparent.png\" data-no-retina>\n<!--\n\t\t\t\t\t\t\t--><rs-layer\n\t\t\t\t\t\t\t\tid=\"slider-16-slide-42-layer-0\" \n\t\t\t\t\t\t\t\tclass=\"rs-nolc rs-layer-video intrinsic-ignore\"\n\t\t\t\t\t\t\t\tdata-type=\"video\"\n\t\t\t\t\t\t\t\tdata-rsp_ch=\"on\"\n\t\t\t\t\t\t\t\tdata-text=\"w:normal;\"\n\t\t\t\t\t\t\t\tdata-dim=\"w:100%;h:100%;\"\n\t\t\t\t\t\t\t\tdata-basealign=\"slide\"\n\t\t\t\t\t\t\t\tdata-video=\"vfc:true;twa:false;vd:100;rwd:f;l:true;ptimer:false;nse:f;sav:f;afs:f;inl:f;\"\n\t\t\t\t\t\t\t\tdata-poster=\"\/\/www.medisonics.com\/wp-content\/uploads\/revslider\/video-media\/100_1-3_42_layer.jpeg\"\n\t\t\t\t\t\t\t\tdata-mp4=\"\/\/www.medisonics.com\/wp-content\/uploads\/2022\/05\/100_1-3.mp4\"\n\t\t\t\t\t\t\t\tdata-frame_1=\"sp:50;\"\n\t\t\t\t\t\t\t\tdata-frame_999=\"o:0;st:w;sR:8950;\"\n\t\t\t\t\t\t\t\tstyle=\"z-index:5;\"\n\t\t\t\t\t\t\t>\n\t\t\t\t\t\t\t<\/rs-layer><!--\n-->\t\t\t\t\t\t<\/rs-slide>\n\t\t\t\t\t<\/rs-slides>\n\t\t\t\t<\/rs-module>\n\t\t\t\t<script>\n\t\t\t\t\tsetREVStartSize({c: 'rev_slider_16_1',rl:[1240,1024,778,480],el:[650],gw:[1240],gh:[650],type:'hero',justify:'',layout:'fullwidth',mh:\"0\"});if (window.RS_MODULES!==undefined && window.RS_MODULES.modules!==undefined && window.RS_MODULES.modules[\"revslider161\"]!==undefined) {window.RS_MODULES.modules[\"revslider161\"].once = false;window.revapi16 = undefined;if (window.RS_MODULES.checkMinimal!==undefined) window.RS_MODULES.checkMinimal()}\n\t\t\t\t<\/script>\n\t\t\t<\/rs-module-wrap>\n\t\t\t<!-- END REVOLUTION SLIDER -->\n[vc_empty_space height=\u00a0\u00bb10px\u00a0\u00bb][vc_column_text]<\/p>\n<pre><strong><span style=\"font-family: arial, helvetica, sans-serif; font-size: 24px; color: #000000;\">Droits d'auteur<\/span><\/strong><\/pre>\n<hr \/>\n<h6><span style=\"font-family: arial, helvetica, sans-serif; font-size: 14px; color: #808080;\">En cas d&rsquo;infraction au droit d&rsquo;auteur ou \u00e0 d&rsquo;autres droits de tiers par l&rsquo;exploitant du site, la notification de l&rsquo;infraction doit \u00eatre faite par lettre recommand\u00e9e \u00e0 la soci\u00e9t\u00e9<br \/>\n<\/span><\/h6>\n<p><span style=\"color: #000000; font-size: 16px;\">MediSonics AG<br \/>\n<\/span><span style=\"color: #808080;\"> <span style=\"font-size: 14px; font-family: arial, helvetica, sans-serif;\">Weststrasse 115<br \/>\n<\/span> <span style=\"font-size: 14px; font-family: arial, helvetica, sans-serif;\">8408 Winterthur<\/span><br \/>\n<span style=\"font-size: 14px; font-family: arial, helvetica, sans-serif;\">Suisse<\/span><\/span><\/p>\n<table style=\"border-collapse: collapse; width: 4.65417%; height: 159px;\">\n<tbody>\n<tr style=\"height: 70px;\">\n<td style=\"width: 56.1704%; height: 10px; border-style: hidden; text-align: left; vertical-align: top;\">\n<h6><span style=\"color: #808080;\"><span style=\"font-family: arial, helvetica, sans-serif; font-size: 14px;\">T\u00e9l\u00e9phone:<\/span> <span style=\"font-family: arial, helvetica, sans-serif; font-size: 14px;\">Fax:<\/span> <span style=\"font-family: arial, helvetica, sans-serif; font-size: 14px;\">Mobile:<\/span> <span style=\"font-family: arial, helvetica, sans-serif; font-size: 14px;\">E-mail:<\/span> <span style=\"font-family: arial, helvetica, sans-serif; font-size: 14px;\">Skype :<\/span><\/span><\/h6>\n<\/td>\n<td style=\"width: 43.8297%; height: 10px; border-style: hidden;\">\n<h6><span style=\"color: #808080;\"><span style=\"font-family: arial, helvetica, sans-serif; font-size: 14px;\">(+41) 52 544 54 56<\/span> <span style=\"font-family: arial, helvetica, sans-serif; font-size: 14px;\">(+41) 52 544 54 57<\/span> <span style=\"font-family: arial, helvetica, sans-serif; font-size: 14px;\">(+41) 78 404 71 18<\/span> <span style=\"font-family: arial, helvetica, sans-serif; font-size: 14px;\">info@medisonics.com <\/span> <span style=\"font-size: 14px; font-family: arial, helvetica, sans-serif;\">medisonics <\/span> <\/span><\/h6>\n<\/td>\n<\/tr>\n<\/tbody>\n<\/table>\n<h6><span style=\"color: #000000;\"><span style=\"font-family: arial, helvetica, sans-serif; font-size: 14px;\">de faire remarquer<\/span><\/span><\/h6>\n<h6><span style=\"color: #808080;\"><span style=\"font-family: arial, helvetica, sans-serif; font-size: 14px;\"> En cas de violation, il sera retir\u00e9 imm\u00e9diatement. L&rsquo;op\u00e9rateur n&rsquo;assume aucune responsabilit\u00e9 pour les dommages caus\u00e9s par le site web ou les fichiers propos\u00e9s.<br \/>\n<\/span><\/span><span style=\"color: #808080;\"><span style=\"font-family: arial, helvetica, sans-serif; font-size: 14px;\"> De m\u00eame, aucune garantie n&rsquo;est donn\u00e9e quant \u00e0 l&rsquo;accessibilit\u00e9 de notre service et les fichiers peuvent \u00eatre repris. Toutefois, nous nous effor\u00e7ons d&rsquo;atteindre la plus grande accessibilit\u00e9 possible. Cependant, cela ne peut pas toujours \u00eatre r\u00e9alis\u00e9 techniquement.<\/span><\/span><\/h6>\n<h6><span style=\"color: #808080;\"><span style=\"font-family: arial, helvetica, sans-serif; font-size: 14px;\"> L&rsquo;op\u00e9rateur n&rsquo;assume aucune garantie ni responsabilit\u00e9 pour les dommages, les dommages indirects ou les d\u00e9faillances qui pourraient survenir. Les utilisateurs renoncent \u00e0 tout type de r\u00e9clamation \u00e0 l&rsquo;encontre des op\u00e9rateurs qui pourrait d\u00e9couler de ces \u00e9v\u00e9nements.<\/span> <span style=\"font-size: 14px; font-family: arial, helvetica, sans-serif;\">Explication :<\/span> <span style=\"font-size: 14px; font-family: arial, helvetica, sans-serif;\">Nos liens externes sont une s\u00e9lection subjective de r\u00e9f\u00e9rences \u00e0 d&rsquo;autres sites Internet. Toutes les marques publi\u00e9es, les noms de produits et les \u00e9tiquettes sont la propri\u00e9t\u00e9 de leurs d\u00e9tenteurs respectifs.<\/span><\/span><\/h6>\n<p>[\/vc_column_text][\/vc_column][\/vc_row]<\/p>\n","protected":false},"excerpt":{"rendered":"<p>[vc_row content_placement=\u00a0\u00bbtop\u00a0\u00bb][vc_column][vc_empty_space height=\u00a0\u00bb10px\u00a0\u00bb][vc_column_text] Droits d&rsquo;auteur En cas d&rsquo;infraction au droit d&rsquo;auteur ou \u00e0 d&rsquo;autres droits de tiers par l&rsquo;exploitant du site, la notification de l&rsquo;infraction doit \u00eatre faite par lettre recommand\u00e9e \u00e0 la soci\u00e9t\u00e9 MediSonics AG Weststrasse 115 8408 Winterthur Suisse T\u00e9l\u00e9phone: Fax: Mobile: E-mail: Skype : (+41) 52 544 54 56 (+41) 52 544 [&hellip;]<\/p>\n","protected":false},"author":1,"featured_media":0,"parent":0,"menu_order":0,"comment_status":"closed","ping_status":"closed","template":"","meta":{"_monsterinsights_skip_tracking":false,"_monsterinsights_sitenote_active":false,"_monsterinsights_sitenote_note":"","_monsterinsights_sitenote_category":0,"footnotes":""},"jetpack_sharing_enabled":true,"_links":{"self":[{"href":"https:\/\/www.medisonics.com\/fr\/wp-json\/wp\/v2\/pages\/5527"}],"collection":[{"href":"https:\/\/www.medisonics.com\/fr\/wp-json\/wp\/v2\/pages"}],"about":[{"href":"https:\/\/www.medisonics.com\/fr\/wp-json\/wp\/v2\/types\/page"}],"author":[{"embeddable":true,"href":"https:\/\/www.medisonics.com\/fr\/wp-json\/wp\/v2\/users\/1"}],"replies":[{"embeddable":true,"href":"https:\/\/www.medisonics.com\/fr\/wp-json\/wp\/v2\/comments?post=5527"}],"version-history":[{"count":20,"href":"https:\/\/www.medisonics.com\/fr\/wp-json\/wp\/v2\/pages\/5527\/revisions"}],"predecessor-version":[{"id":7530,"href":"https:\/\/www.medisonics.com\/fr\/wp-json\/wp\/v2\/pages\/5527\/revisions\/7530"}],"wp:attachment":[{"href":"https:\/\/www.medisonics.com\/fr\/wp-json\/wp\/v2\/media?parent=5527"}],"curies":[{"name":"wp","href":"https:\/\/api.w.org\/{rel}","templated":true}]}}