{"id":5579,"date":"2022-05-17T11:10:21","date_gmt":"2022-05-17T11:10:21","guid":{"rendered":"https:\/\/www.medisonics.com\/201_ultraschall_prinzip\/"},"modified":"2022-07-30T09:13:40","modified_gmt":"2022-07-30T09:13:40","slug":"201_ultraschall_prinzip","status":"publish","type":"page","link":"https:\/\/www.medisonics.com\/fr\/201_ultraschall_prinzip\/","title":{"rendered":"201_Ultraschall_Prinzip"},"content":{"rendered":"<p>[vc_row full_height=\u00a0\u00bbyes\u00a0\u00bb columns_placement=\u00a0\u00bbtop\u00a0\u00bb][vc_column]\n\t\t\t<!-- START Home 200_1 REVOLUTION SLIDER 6.6.20 --><p class=\"rs-p-wp-fix\"><\/p>\n\t\t\t<rs-module-wrap id=\"rev_slider_17_1_wrapper\" data-source=\"gallery\" style=\"visibility:hidden;background:transparent;padding:0;margin:0px auto;margin-top:0;margin-bottom:0;\">\n\t\t\t\t<rs-module id=\"rev_slider_17_1\" style=\"\" data-version=\"6.6.20\">\n\t\t\t\t\t<rs-slides style=\"overflow: hidden; position: absolute;\">\n\t\t\t\t\t\t<rs-slide style=\"position: absolute;\" data-key=\"rs-43\" data-title=\"Slide\" data-anim=\"adpr:false;ms:50;\" data-in=\"o:0;\" data-out=\"a:false;\">\n\t\t\t\t\t\t\t<img decoding=\"async\" src=\"\/\/www.medisonics.com\/wp-content\/plugins\/revslider\/public\/assets\/assets\/dummy.png\" alt=\"Slide\" class=\"rev-slidebg tp-rs-img rs-lazyload\" data-lazyload=\"\/\/www.medisonics.com\/wp-content\/plugins\/revslider\/public\/assets\/assets\/transparent.png\" data-no-retina>\n<!--\n\t\t\t\t\t\t\t--><rs-layer\n\t\t\t\t\t\t\t\tid=\"slider-17-slide-43-layer-0\" \n\t\t\t\t\t\t\t\tclass=\"rs-nolc rs-layer-video intrinsic-ignore\"\n\t\t\t\t\t\t\t\tdata-type=\"video\"\n\t\t\t\t\t\t\t\tdata-rsp_ch=\"on\"\n\t\t\t\t\t\t\t\tdata-text=\"w:normal;\"\n\t\t\t\t\t\t\t\tdata-dim=\"w:100%;h:100%;\"\n\t\t\t\t\t\t\t\tdata-basealign=\"slide\"\n\t\t\t\t\t\t\t\tdata-video=\"vfc:true;vd:100;l:false;ptimer:false;vc:t;\"\n\t\t\t\t\t\t\t\tdata-poster=\"\/\/www.medisonics.com\/wp-content\/uploads\/revslider\/video-media\/200_01_43_layer1.jpeg\"\n\t\t\t\t\t\t\t\tdata-mp4=\"\/\/www.medisonics.com\/wp-content\/uploads\/2022\/05\/200_01.mp4\"\n\t\t\t\t\t\t\t\tdata-frame_999=\"o:0;st:w;\"\n\t\t\t\t\t\t\t\tstyle=\"z-index:8;\"\n\t\t\t\t\t\t\t>\n\t\t\t\t\t\t\t<\/rs-layer><!--\n-->\t\t\t\t\t\t<\/rs-slide>\n\t\t\t\t\t<\/rs-slides>\n\t\t\t\t<\/rs-module>\n\t\t\t\t<script>\n\t\t\t\t\tsetREVStartSize({c: 'rev_slider_17_1',rl:[1240,1024,778,480],el:[650],gw:[1240],gh:[650],type:'hero',justify:'',layout:'fullwidth',mh:\"0\"});if (window.RS_MODULES!==undefined && window.RS_MODULES.modules!==undefined && window.RS_MODULES.modules[\"revslider171\"]!==undefined) {window.RS_MODULES.modules[\"revslider171\"].once = false;window.revapi17 = undefined;if (window.RS_MODULES.checkMinimal!==undefined) window.RS_MODULES.checkMinimal()}\n\t\t\t\t<\/script>\n\t\t\t<\/rs-module-wrap>\n\t\t\t<!-- END REVOLUTION SLIDER -->\n[vc_empty_space height=\u00a0\u00bb10px\u00a0\u00bb][vc_column_text]<\/p>\n<h6><span style=\"font-family: arial, helvetica, sans-serif; font-size: 24px; color: #000000;\"><strong>Le principe des ultrasons<\/strong><\/span><\/h6>\n<hr \/>\n<p><span style=\"font-size: 20px;\"><strong><span style=\"font-family: arial, helvetica, sans-serif; color: #000000;\">Technologie<\/span><\/strong><\/span><br \/>\n<span style=\"font-family: arial, helvetica, sans-serif; font-size: 14px; color: #808080;\">Des syst\u00e8mes de transducteurs pi\u00e9zoc\u00e9ramiques sont utilis\u00e9s pour g\u00e9n\u00e9rer les vibrations ultrasoniques. Ceux-ci sont coll\u00e9s au r\u00e9servoir oscillant et contiennent un disque pi\u00e9zoc\u00e9ramique qui se dilate ou se contracte lorsqu&rsquo;une tension est appliqu\u00e9e. Pour g\u00e9n\u00e9rer des ultrasons, un g\u00e9n\u00e9rateur haute fr\u00e9quence est utilis\u00e9 pour convertir la fr\u00e9quence du r\u00e9seau de 50 Hz \u00e0 au moins 20 kHz. La fr\u00e9quence de r\u00e9sonance d&rsquo;un syst\u00e8me de vibration ultrasonique est d\u00e9finie par l&rsquo;assemblage et ne peut \u00eatre modifi\u00e9e apr\u00e8s la fabrication.<\/span><\/p>\n<p><strong><span style=\"font-size: 16px;\"><span style=\"font-family: arial, helvetica, sans-serif; color: #000000;\"><span style=\"font-size: 20px;\">Fr\u00e9quences<\/span><br \/>\n<\/span><\/span><\/strong> <span style=\"font-family: arial, helvetica, sans-serif; font-size: 14px; color: #808080;\">Des fr\u00e9quences de 20 kHz \u00e0 400 kHz sont couramment utilis\u00e9es. Les basses fr\u00e9quences autour de 20 kHz produisent des bulles de plus grand diam\u00e8tre avec une p\u00e9n\u00e9tration plus puissante, tandis que les fr\u00e9quences plus \u00e9lev\u00e9es \u00e0 partir de 35 kHz sont plus adapt\u00e9es au nettoyage intensif et doux des surfaces. La fr\u00e9quence courante pour les particules d&rsquo;un diam\u00e8tre sup\u00e9rieur \u00e0 1 \u00b5m est d&rsquo;environ 200 kHz. La gamme de fr\u00e9quences allant de 400 kHz \u00e0 1,2 MHz est \u00e9galement appel\u00e9e m\u00e9gasonique dans la litt\u00e9rature technique. Ici, les particules d&rsquo;un diam\u00e8tre inf\u00e9rieur \u00e0 1 \u00b5m sont d\u00e9tach\u00e9es de mani\u00e8re optimale. La fr\u00e9quence requise est d\u00e9termin\u00e9e par la plus petite ouverture ou structure qui peut \u00eatre nettoy\u00e9e par le son.<\/span><\/p>\n<p><strong><span style=\"font-size: 16px;\"><span style=\"font-family: arial, helvetica, sans-serif; color: #808080;\"><span style=\"color: #000000;\">Application<br \/>\n<\/span> <\/span><\/span><\/strong> <span style=\"font-family: arial, helvetica, sans-serif; font-size: 14px; color: #808080;\">L&rsquo;utilisation de solvants, d&rsquo;acides ou d&rsquo;alcalis renforce consid\u00e9rablement l&rsquo;effet nettoyant des bains \u00e0 ultrasons. En particulier, la tension superficielle de l&rsquo;eau doit \u00eatre r\u00e9duite \u00e0 l&rsquo;aide d&rsquo;une pr\u00e9paration de nettoyage appropri\u00e9e pour un nettoyage efficace par ultrasons. Aucun liquide inflammable n&rsquo;est utilis\u00e9 comme agent de nettoyage, car les ultrasons provoquent toujours un apport de chaleur dans le liquide, ce qui pourrait entra\u00eener l&rsquo;inflammation du liquide du bain si la temp\u00e9rature d&rsquo;inflammation est d\u00e9pass\u00e9e. Les bains \u00e0 ultrasons sont \u00e9galement utilis\u00e9s dans la pr\u00e9paration des \u00e9chantillons pour cliver, c&rsquo;est-\u00e0-dire fragmenter, les substances biologiques dans le laboratoire d&rsquo;analyse. Les bains \u00e0 ultrasons sont utilis\u00e9s pour la d\u00e9sint\u00e9gration des cellules ou pour cisailler l&rsquo;ADN.<\/span><\/p>\n<p><span style=\"font-size: 20px;\"><strong><span style=\"font-family: arial, helvetica, sans-serif; color: #000000;\">\u00c9quipement \u00e0 ultrasons<\/span><\/strong><\/span><br \/>\n<span style=\"font-family: arial, helvetica, sans-serif; font-size: 14px; color: #808080;\">Les \u00e9quipements de nettoyage par ultrasons sont souvent utilis\u00e9s pour nettoyer des composants de petite taille, complexes et finement structur\u00e9s. Par exemple, les bijoutiers, les orf\u00e8vres, les techniciens dentaires, les horlogers et les opticiens utilisent des bains de nettoyage \u00e0 ultrasons pour nettoyer leurs produits. Dans l&rsquo;industrie m\u00e9dicale, les bains \u00e0 ultrasons \u00e0 haute performance sont utilis\u00e9s pour le retraitement des instruments chirurgicaux. Les r\u00e9sidus de sang et de tissus peuvent \u00eatre dissous efficacement des joints des instruments. En outre, les ultrasons raccourcissent le temps d&rsquo;exposition n\u00e9cessaire aux d\u00e9sinfectants. Dans l&rsquo;industrie automobile, les bains \u00e0 ultrasons sont utilis\u00e9s pour nettoyer les carburateurs, les bougies d&rsquo;allumage et les buses d&rsquo;injection. Les syst\u00e8mes de nettoyage par ultrasons industriels de plus grande taille sont utilis\u00e9s pour le nettoyage de pi\u00e8ces brutes, par exemple pour le traitement de surface (galvanoplastie).<\/span><\/p>\n<p><strong><span style=\"font-family: arial, helvetica, sans-serif; font-size: 16px;\"><span style=\"color: #000000;\"><span style=\"font-size: 20px;\">Structure<\/span><br \/>\n<\/span><\/span><\/strong> <span style=\"font-family: arial, helvetica, sans-serif; font-size: 14px; color: #808080;\">Le syst\u00e8me se compose d&rsquo;un r\u00e9servoir rempli de liquide, \u00e9ventuellement chauffable, d&rsquo;un ou plusieurs transducteurs ou oscillateurs \u00e0 ultrasons et d&rsquo;un g\u00e9n\u00e9rateur qui alimente le ou les transducteurs en \u00e9nergie \u00e9lectrique \u00e0 haute fr\u00e9quence. Les transducteurs de son peuvent \u00eatre coll\u00e9s \u00e0 la fois directement sur l&rsquo;ext\u00e9rieur des parois et sous le fond du r\u00e9servoir. Avec cette conception, les ultrasons sont alors introduits directement dans le liquide via les parois et\/ou le sol. Une autre variante est le transducteur dit submersible, qui est suspendu dans le liquide ou fix\u00e9 \u00e0 des supports dans le r\u00e9servoir. Enfin, il existe des transducteurs \u00e0 plaque qui sont brid\u00e9s \u00e0 une ouverture correspondante dans la paroi du r\u00e9servoir. Les dispositifs sont g\u00e9n\u00e9ralement fabriqu\u00e9s en acier inoxydable. La disposition et la r\u00e9partition des transducteurs sonores doivent \u00eatre telles qu&rsquo;un champ sonore non statique, uniform\u00e9ment puissant, soit cr\u00e9\u00e9. Dans certains cas, la fr\u00e9quence est modul\u00e9e pour \u00e9viter les ondes stationnaires. Une fonction de d\u00e9gazage du liquide de nettoyage n&rsquo;est pas rare non plus. Ici, la puissance de sortie de l&rsquo;appareil est puls\u00e9e pour permettre aux \u00e9ventuelles bulles de gaz de remonter \u00e0 la surface. En arri\u00e8re-plan, il y a la mauvaise formation des bulles de cavitation en pr\u00e9sence de bulles de gaz, car celles-ci absorberaient la puissance. La puissance sonore minimale requise pour un bon r\u00e9sultat de nettoyage est d&rsquo;environ 10-20 watts par litre de liquide de nettoyage.<\/span> <span style=\"font-family: arial, helvetica, sans-serif; font-size: 14px; color: #808080;\">Les g\u00e9n\u00e9rateurs de son n\u00e9cessitent une distance minimale de 1 \u00e0 2 cm pour former un champ sonore homog\u00e8ne. Le contact des personnes avec un bain \u00e0 ultrasons actif entra\u00eene une atteinte \u00e0 la structure cellulaire et doit \u00eatre \u00e9vit\u00e9.<\/span>[\/vc_column_text][\/vc_column][\/vc_row]<\/p>\n","protected":false},"excerpt":{"rendered":"<p>[vc_row full_height=\u00a0\u00bbyes\u00a0\u00bb columns_placement=\u00a0\u00bbtop\u00a0\u00bb][vc_column][vc_empty_space height=\u00a0\u00bb10px\u00a0\u00bb][vc_column_text] Le principe des ultrasons Technologie Des syst\u00e8mes de transducteurs pi\u00e9zoc\u00e9ramiques sont utilis\u00e9s pour g\u00e9n\u00e9rer les vibrations ultrasoniques. Ceux-ci sont coll\u00e9s au r\u00e9servoir oscillant et contiennent un disque pi\u00e9zoc\u00e9ramique qui se dilate ou se contracte lorsqu&rsquo;une tension est appliqu\u00e9e. Pour g\u00e9n\u00e9rer des ultrasons, un g\u00e9n\u00e9rateur haute fr\u00e9quence est utilis\u00e9 pour convertir la [&hellip;]<\/p>\n","protected":false},"author":1,"featured_media":0,"parent":0,"menu_order":0,"comment_status":"closed","ping_status":"closed","template":"","meta":{"_monsterinsights_skip_tracking":false,"_monsterinsights_sitenote_active":false,"_monsterinsights_sitenote_note":"","_monsterinsights_sitenote_category":0,"footnotes":""},"jetpack_sharing_enabled":true,"_links":{"self":[{"href":"https:\/\/www.medisonics.com\/fr\/wp-json\/wp\/v2\/pages\/5579"}],"collection":[{"href":"https:\/\/www.medisonics.com\/fr\/wp-json\/wp\/v2\/pages"}],"about":[{"href":"https:\/\/www.medisonics.com\/fr\/wp-json\/wp\/v2\/types\/page"}],"author":[{"embeddable":true,"href":"https:\/\/www.medisonics.com\/fr\/wp-json\/wp\/v2\/users\/1"}],"replies":[{"embeddable":true,"href":"https:\/\/www.medisonics.com\/fr\/wp-json\/wp\/v2\/comments?post=5579"}],"version-history":[{"count":5,"href":"https:\/\/www.medisonics.com\/fr\/wp-json\/wp\/v2\/pages\/5579\/revisions"}],"predecessor-version":[{"id":7540,"href":"https:\/\/www.medisonics.com\/fr\/wp-json\/wp\/v2\/pages\/5579\/revisions\/7540"}],"wp:attachment":[{"href":"https:\/\/www.medisonics.com\/fr\/wp-json\/wp\/v2\/media?parent=5579"}],"curies":[{"name":"wp","href":"https:\/\/api.w.org\/{rel}","templated":true}]}}