{"id":5607,"date":"2022-05-17T11:21:56","date_gmt":"2022-05-17T11:21:56","guid":{"rendered":"https:\/\/www.medisonics.com\/202_ultraschall_kavitation\/"},"modified":"2022-10-26T07:00:10","modified_gmt":"2022-10-26T07:00:10","slug":"202_ultraschall_kavitation","status":"publish","type":"page","link":"https:\/\/www.medisonics.com\/fr\/202_ultraschall_kavitation\/","title":{"rendered":"202_Ultraschall_Kavitation"},"content":{"rendered":"<p>[vc_row][vc_column]\n\t\t\t<!-- START Home 200_2 REVOLUTION SLIDER 6.6.20 --><p class=\"rs-p-wp-fix\"><\/p>\n\t\t\t<rs-module-wrap id=\"rev_slider_18_1_wrapper\" data-source=\"gallery\" style=\"visibility:hidden;background:transparent;padding:0;margin:0px auto;margin-top:0;margin-bottom:0;\">\n\t\t\t\t<rs-module id=\"rev_slider_18_1\" style=\"\" data-version=\"6.6.20\">\n\t\t\t\t\t<rs-slides style=\"overflow: hidden; position: absolute;\">\n\t\t\t\t\t\t<rs-slide style=\"position: absolute;\" data-key=\"rs-44\" data-title=\"Slide\" data-anim=\"adpr:false;ms:50;\" data-in=\"o:0;\" data-out=\"a:false;\">\n\t\t\t\t\t\t\t<img decoding=\"async\" src=\"\/\/www.medisonics.com\/wp-content\/plugins\/revslider\/public\/assets\/assets\/dummy.png\" alt=\"Slide\" class=\"rev-slidebg tp-rs-img rs-lazyload\" data-lazyload=\"\/\/www.medisonics.com\/wp-content\/plugins\/revslider\/public\/assets\/assets\/transparent.png\" data-no-retina>\n<!--\n\t\t\t\t\t\t\t--><rs-layer\n\t\t\t\t\t\t\t\tid=\"slider-18-slide-44-layer-0\" \n\t\t\t\t\t\t\t\tclass=\"rs-fsv rs-nolc rs-layer-video intrinsic-ignore\"\n\t\t\t\t\t\t\t\tdata-type=\"video\"\n\t\t\t\t\t\t\t\tdata-rsp_ch=\"on\"\n\t\t\t\t\t\t\t\tdata-xy=\"x:0;y:0;\"\n\t\t\t\t\t\t\t\tdata-text=\"w:normal;\"\n\t\t\t\t\t\t\t\tdata-dim=\"w:100%;h:100%;\"\n\t\t\t\t\t\t\t\tdata-basealign=\"slide\"\n\t\t\t\t\t\t\t\tdata-layeronlimit=\"on\"\n\t\t\t\t\t\t\t\tdata-video=\"vfc:true;twa:false;vd:100;rwd:f;fc:true;ar:4:3;l:true;ptimer:false;nse:f;sav:f;afs:f;vc:t;inl:f;\"\n\t\t\t\t\t\t\t\tdata-poster=\"\/\/www.medisonics.com\/wp-content\/uploads\/revslider\/video-media\/202_2_44_layer1.jpeg\"\n\t\t\t\t\t\t\t\tdata-mp4=\"\/\/www.medisonics.com\/wp-content\/uploads\/2022\/05\/202_2.mp4\"\n\t\t\t\t\t\t\t\tdata-frame_1=\"sp:50;\"\n\t\t\t\t\t\t\t\tdata-frame_999=\"o:0;st:w;sR:8950;\"\n\t\t\t\t\t\t\t\tstyle=\"z-index:8;\"\n\t\t\t\t\t\t\t>\n\t\t\t\t\t\t\t<\/rs-layer><!--\n-->\t\t\t\t\t\t<\/rs-slide>\n\t\t\t\t\t<\/rs-slides>\n\t\t\t\t<\/rs-module>\n\t\t\t\t<script>\n\t\t\t\t\tsetREVStartSize({c: 'rev_slider_18_1',rl:[1240,1024,778,480],el:[650],gw:[1240],gh:[650],type:'hero',justify:'',layout:'fullwidth',mh:\"0\"});if (window.RS_MODULES!==undefined && window.RS_MODULES.modules!==undefined && window.RS_MODULES.modules[\"revslider181\"]!==undefined) {window.RS_MODULES.modules[\"revslider181\"].once = false;window.revapi18 = undefined;if (window.RS_MODULES.checkMinimal!==undefined) window.RS_MODULES.checkMinimal()}\n\t\t\t\t<\/script>\n\t\t\t<\/rs-module-wrap>\n\t\t\t<!-- END REVOLUTION SLIDER -->\n[vc_empty_space height=\u00a0\u00bb10px\u00a0\u00bb][vc_empty_space height=\u00a0\u00bb10px\u00a0\u00bb][vc_column_text]<\/p>\n<h6><span style=\"color: #000000; font-size: 24px;\"><strong><span style=\"font-family: arial, helvetica, sans-serif;\">Cavitation<\/span><\/strong><\/span><\/h6>\n<hr \/>\n<h6><span style=\"font-family: arial, helvetica, sans-serif; font-size: 14px; color: #808080;\">Un ph\u00e9nom\u00e8ne naturel \u00e0 500\u00b0C et 500 bars de pression !<\/span><\/h6>\n<h6><span style=\"font-family: arial, helvetica, sans-serif; font-size: 14px; color: #808080;\">Le nettoyage par ultrasons est la m\u00e9thode de nettoyage la plus moderne aujourd&rsquo;hui. Les avantages particuliers sont la plus grande propret\u00e9 des pi\u00e8ces \u00e0 nettoyer dans le temps le plus court, sans travail manuel suppl\u00e9mentaire et sans endommager le mat\u00e9riel de nettoyage.<\/span><\/h6>\n<h6><span style=\"font-family: arial, helvetica, sans-serif; font-size: 14px; color: #808080;\">L&rsquo;effet de nettoyage en profondeur des syst\u00e8mes \u00e0 ultrasons MediSonics ne peut \u00eatre atteint par les m\u00e9thodes conventionnelles. M\u00eame la salet\u00e9 tenace dans les al\u00e9sages et les cavit\u00e9s est \u00e9limin\u00e9e en quelques secondes lors du traitement par ultrasons Le principe actif du nettoyage par ultrasons est la cavitation. La cavitation est la formation et la dissolution de cavit\u00e9s dans les liquides en raison des fluctuations de pression.<\/span><\/h6>\n<h6><span style=\"font-family: arial, helvetica, sans-serif; font-size: 14px; color: #808080;\">La cavitation douce n&rsquo;\u00e9tant pas souhaitable dans le nettoyage par ultrasons, le liquide est souvent d\u00e9gaz\u00e9 \u00e0 l&rsquo;aide d&rsquo;un programme sp\u00e9cial de d\u00e9gazage du syst\u00e8me \u00e0 ultrasons avant le processus de nettoyage. L&rsquo;\u00e9nergie \u00e9lectrique ainsi obtenue est transmise au transducteur par une ligne blind\u00e9e. Le transducteur convertit cette \u00e9nergie \u00e9lectrique en vibrations sonores m\u00e9caniques.<\/span><\/h6>\n<h6><span style=\"font-family: arial, helvetica, sans-serif; font-size: 14px; color: #808080;\">Ces vibrations sonores cr\u00e9ent alternativement une phase de surpression et de vide dans le liquide. Cela provoque l&rsquo;effet physique de la cavitation. Bulle de cavitation \u00e9largie multiple \u00e0 une fr\u00e9quence d&rsquo;environ. 25 kHz au moment de l&rsquo;implosion. \u00c0 une fr\u00e9quence ultrasonique de 25 kHz, par exemple, des temp\u00e9ratures de plus de 5000\u00b0C (conditions similaires \u00e0 celles de la surface du soleil) et des pressions allant jusqu&rsquo;\u00e0 500 bars sont g\u00e9n\u00e9r\u00e9es pendant une courte p\u00e9riode.<\/span><\/h6>\n<h6><span style=\"font-family: arial, helvetica, sans-serif; font-size: 14px; color: #808080;\">Ces temp\u00e9ratures et pressions \u00e9lev\u00e9es peuvent d\u00e9truire des structures fragiles ou tuer les plus petites bact\u00e9ries. Autour des bulles de cavitation, l&rsquo;implosion en forme de bang cr\u00e9e des pressions locales \u00e9lev\u00e9es, ainsi que de fortes turbulences et des courants (jets) dans le liquide. Ces ph\u00e9nom\u00e8nes sont les crit\u00e8res r\u00e9els qui conduisent au d\u00e9tachement des particules de salet\u00e9 sur la surface d&rsquo;un substrat.<\/span><\/h6>\n<p>[\/vc_column_text][\/vc_column][\/vc_row][vc_row][vc_column][vc_empty_space height=\u00a0\u00bb95px\u00a0\u00bb][\/vc_column][\/vc_row]<\/p>\n","protected":false},"excerpt":{"rendered":"<p>[vc_row][vc_column][vc_empty_space height=\u00a0\u00bb10px\u00a0\u00bb][vc_empty_space height=\u00a0\u00bb10px\u00a0\u00bb][vc_column_text] Cavitation Un ph\u00e9nom\u00e8ne naturel \u00e0 500\u00b0C et 500 bars de pression ! Le nettoyage par ultrasons est la m\u00e9thode de nettoyage la plus moderne aujourd&rsquo;hui. Les avantages particuliers sont la plus grande propret\u00e9 des pi\u00e8ces \u00e0 nettoyer dans le temps le plus court, sans travail manuel suppl\u00e9mentaire et sans endommager le mat\u00e9riel [&hellip;]<\/p>\n","protected":false},"author":1,"featured_media":0,"parent":0,"menu_order":0,"comment_status":"closed","ping_status":"closed","template":"","meta":{"_monsterinsights_skip_tracking":false,"_monsterinsights_sitenote_active":false,"_monsterinsights_sitenote_note":"","_monsterinsights_sitenote_category":0,"footnotes":""},"jetpack_sharing_enabled":true,"_links":{"self":[{"href":"https:\/\/www.medisonics.com\/fr\/wp-json\/wp\/v2\/pages\/5607"}],"collection":[{"href":"https:\/\/www.medisonics.com\/fr\/wp-json\/wp\/v2\/pages"}],"about":[{"href":"https:\/\/www.medisonics.com\/fr\/wp-json\/wp\/v2\/types\/page"}],"author":[{"embeddable":true,"href":"https:\/\/www.medisonics.com\/fr\/wp-json\/wp\/v2\/users\/1"}],"replies":[{"embeddable":true,"href":"https:\/\/www.medisonics.com\/fr\/wp-json\/wp\/v2\/comments?post=5607"}],"version-history":[{"count":2,"href":"https:\/\/www.medisonics.com\/fr\/wp-json\/wp\/v2\/pages\/5607\/revisions"}],"predecessor-version":[{"id":10553,"href":"https:\/\/www.medisonics.com\/fr\/wp-json\/wp\/v2\/pages\/5607\/revisions\/10553"}],"wp:attachment":[{"href":"https:\/\/www.medisonics.com\/fr\/wp-json\/wp\/v2\/media?parent=5607"}],"curies":[{"name":"wp","href":"https:\/\/api.w.org\/{rel}","templated":true}]}}