{"id":5776,"date":"2022-05-17T14:52:43","date_gmt":"2022-05-17T14:52:43","guid":{"rendered":"https:\/\/www.medisonics.com\/701_support\/"},"modified":"2022-07-28T08:25:27","modified_gmt":"2022-07-28T08:25:27","slug":"701_support","status":"publish","type":"page","link":"https:\/\/www.medisonics.com\/fr\/701_support\/","title":{"rendered":"701_support"},"content":{"rendered":"<p>[vc_row][vc_column]\n\t\t\t<!-- START Home 101 REVOLUTION SLIDER 6.6.20 --><p class=\"rs-p-wp-fix\"><\/p>\n\t\t\t<rs-module-wrap id=\"rev_slider_16_1_wrapper\" data-source=\"gallery\" style=\"visibility:hidden;background:transparent;padding:0;margin:0px auto;margin-top:0;margin-bottom:0;\">\n\t\t\t\t<rs-module id=\"rev_slider_16_1\" style=\"\" data-version=\"6.6.20\">\n\t\t\t\t\t<rs-slides style=\"overflow: hidden; position: absolute;\">\n\t\t\t\t\t\t<rs-slide style=\"position: absolute;\" data-key=\"rs-42\" data-title=\"Slide\" data-anim=\"adpr:false;\" data-in=\"o:0;\" data-out=\"a:false;\">\n\t\t\t\t\t\t\t<img decoding=\"async\" src=\"\/\/www.medisonics.com\/wp-content\/plugins\/revslider\/public\/assets\/assets\/dummy.png\" alt=\"Slide\" class=\"rev-slidebg tp-rs-img rs-lazyload\" data-lazyload=\"\/\/www.medisonics.com\/wp-content\/plugins\/revslider\/public\/assets\/assets\/transparent.png\" data-no-retina>\n<!--\n\t\t\t\t\t\t\t--><rs-layer\n\t\t\t\t\t\t\t\tid=\"slider-16-slide-42-layer-0\" \n\t\t\t\t\t\t\t\tclass=\"rs-nolc rs-layer-video intrinsic-ignore\"\n\t\t\t\t\t\t\t\tdata-type=\"video\"\n\t\t\t\t\t\t\t\tdata-rsp_ch=\"on\"\n\t\t\t\t\t\t\t\tdata-text=\"w:normal;\"\n\t\t\t\t\t\t\t\tdata-dim=\"w:100%;h:100%;\"\n\t\t\t\t\t\t\t\tdata-basealign=\"slide\"\n\t\t\t\t\t\t\t\tdata-video=\"vfc:true;twa:false;vd:100;rwd:f;l:true;ptimer:false;nse:f;sav:f;afs:f;inl:f;\"\n\t\t\t\t\t\t\t\tdata-poster=\"\/\/www.medisonics.com\/wp-content\/uploads\/revslider\/video-media\/100_1-3_42_layer.jpeg\"\n\t\t\t\t\t\t\t\tdata-mp4=\"\/\/www.medisonics.com\/wp-content\/uploads\/2022\/05\/100_1-3.mp4\"\n\t\t\t\t\t\t\t\tdata-frame_1=\"sp:50;\"\n\t\t\t\t\t\t\t\tdata-frame_999=\"o:0;st:w;sR:8950;\"\n\t\t\t\t\t\t\t\tstyle=\"z-index:5;\"\n\t\t\t\t\t\t\t>\n\t\t\t\t\t\t\t<\/rs-layer><!--\n-->\t\t\t\t\t\t<\/rs-slide>\n\t\t\t\t\t<\/rs-slides>\n\t\t\t\t<\/rs-module>\n\t\t\t\t<script>\n\t\t\t\t\tsetREVStartSize({c: 'rev_slider_16_1',rl:[1240,1024,778,480],el:[650],gw:[1240],gh:[650],type:'hero',justify:'',layout:'fullwidth',mh:\"0\"});if (window.RS_MODULES!==undefined && window.RS_MODULES.modules!==undefined && window.RS_MODULES.modules[\"revslider161\"]!==undefined) {window.RS_MODULES.modules[\"revslider161\"].once = false;window.revapi16 = undefined;if (window.RS_MODULES.checkMinimal!==undefined) window.RS_MODULES.checkMinimal()}\n\t\t\t\t<\/script>\n\t\t\t<\/rs-module-wrap>\n\t\t\t<!-- END REVOLUTION SLIDER -->\n[vc_empty_space height=\u00a0\u00bb10px\u00a0\u00bb][vc_column_text]<\/p>\n<pre><strong><span style=\"font-family: arial, helvetica, sans-serif; font-size: 24px;\">Support<\/span><\/strong>\n<strong><span style=\"font-family: arial, helvetica, sans-serif; font-size: 16px; color: #808080;\">We are at your disposal!<\/span><\/strong><\/pre>\n<hr>\n<h6><span style=\"font-family: arial, helvetica, sans-serif; font-size: 14px; color: #808080;\">Les mauvaises surprises dues \u00e0 des dysfonctionnements du syst\u00e8me peuvent \u00eatre r\u00e9duites au minimum. En plus de la maintenance technique assur\u00e9e par nos sp\u00e9cialistes qualifi\u00e9s, nous offrons une assistance qualifi\u00e9e et pouvons ainsi garantir des processus de production sans probl\u00e8me \u00e0 long terme. Les travaux de service sont adapt\u00e9s individuellement \u00e0 vos besoins. MediSonics vous accompagne d\u00e8s le d\u00e9but.<\/span><\/h6>\n<p><span style=\"font-family: arial, helvetica, sans-serif; font-size: 14px; color: #808080;\">En tant que partenaire fiable et expert lors de l&rsquo;installation de nos appareils, \u00e9quipements et syst\u00e8mes de nettoyage par ultrasons, ainsi que pendant le fonctionnement quotidien, nous traitons chaque d\u00e9tail avec le plus grand soin. L&rsquo;assurance qualit\u00e9 fait tout autant partie de notre service que les tests de r\u00e9ception correspondants, que nous r\u00e9alisons bien entendu d&rsquo;abord pour vous sur place, dans notre usine et dans vos locaux.<\/span><\/p>\n<p><span style=\"font-family: arial, helvetica, sans-serif; font-size: 14px; color: #808080;\">Nos concepts de service sont orient\u00e9s vers vos besoins et garantissent la meilleure performance de votre syst\u00e8me pendant toute la dur\u00e9e de fonctionnement. En m\u00eame temps, une assistance qui peut \u00eatre sp\u00e9cifi\u00e9e pr\u00e9cis\u00e9ment par contrat vous permet de minimiser les co\u00fbts d&rsquo;exploitation. Gr\u00e2ce \u00e0 des mesures de maintenance et d&rsquo;entretien pr\u00e9ventives, la qualit\u00e9 et la rentabilit\u00e9 de votre syst\u00e8me peuvent \u00eatre garanties \u00e0 long terme.<\/span><\/p>\n<p><span style=\"font-family: arial, helvetica, sans-serif; font-size: 14px; color: #808080;\">Vous pouvez obtenir une assistance imm\u00e9diate de notre part, directement sur notre site en Suisse ou dans nos points de service \u00e0 l&rsquo;\u00e9tranger. Nos contrats de service sont synonymes de conseils et de diagnostics rapides en cas d&rsquo;assistance. Notre service en ligne vous fait gagner du temps et de l&rsquo;argent. Les missions sur site sont pr\u00e9par\u00e9es efficacement ou sont m\u00eame souvent inutiles gr\u00e2ce \u00e0 des discussions directes au t\u00e9l\u00e9phone ou avec l&rsquo;aide de nos instructions de service et de vos sp\u00e9cialistes de service internes.<\/span>[\/vc_column_text][\/vc_column][\/vc_row][vc_row][vc_column][vc_empty_space height=\u00a0\u00bb130px\u00a0\u00bb][\/vc_column][\/vc_row]<\/p>\n","protected":false},"excerpt":{"rendered":"<p>[vc_row][vc_column][vc_empty_space height=\u00a0\u00bb10px\u00a0\u00bb][vc_column_text] Support We are at your disposal! Les mauvaises surprises dues \u00e0 des dysfonctionnements du syst\u00e8me peuvent \u00eatre r\u00e9duites au minimum. En plus de la maintenance technique assur\u00e9e par nos sp\u00e9cialistes qualifi\u00e9s, nous offrons une assistance qualifi\u00e9e et pouvons ainsi garantir des processus de production sans probl\u00e8me \u00e0 long terme. Les travaux de service [&hellip;]<\/p>\n","protected":false},"author":1,"featured_media":0,"parent":0,"menu_order":0,"comment_status":"closed","ping_status":"closed","template":"","meta":{"_monsterinsights_skip_tracking":false,"_monsterinsights_sitenote_active":false,"_monsterinsights_sitenote_note":"","_monsterinsights_sitenote_category":0,"footnotes":""},"jetpack_sharing_enabled":true,"_links":{"self":[{"href":"https:\/\/www.medisonics.com\/fr\/wp-json\/wp\/v2\/pages\/5776"}],"collection":[{"href":"https:\/\/www.medisonics.com\/fr\/wp-json\/wp\/v2\/pages"}],"about":[{"href":"https:\/\/www.medisonics.com\/fr\/wp-json\/wp\/v2\/types\/page"}],"author":[{"embeddable":true,"href":"https:\/\/www.medisonics.com\/fr\/wp-json\/wp\/v2\/users\/1"}],"replies":[{"embeddable":true,"href":"https:\/\/www.medisonics.com\/fr\/wp-json\/wp\/v2\/comments?post=5776"}],"version-history":[{"count":3,"href":"https:\/\/www.medisonics.com\/fr\/wp-json\/wp\/v2\/pages\/5776\/revisions"}],"predecessor-version":[{"id":7069,"href":"https:\/\/www.medisonics.com\/fr\/wp-json\/wp\/v2\/pages\/5776\/revisions\/7069"}],"wp:attachment":[{"href":"https:\/\/www.medisonics.com\/fr\/wp-json\/wp\/v2\/media?parent=5776"}],"curies":[{"name":"wp","href":"https:\/\/api.w.org\/{rel}","templated":true}]}}