{"id":5867,"date":"2022-05-25T06:02:00","date_gmt":"2022-05-25T06:02:00","guid":{"rendered":"https:\/\/www.medisonics.com\/602_meduse_industriel\/"},"modified":"2023-01-26T15:33:57","modified_gmt":"2023-01-26T15:33:57","slug":"602_meduse_industriel","status":"publish","type":"page","link":"https:\/\/www.medisonics.com\/fr\/602_meduse_industriel\/","title":{"rendered":"602_verwendung_industriell"},"content":{"rendered":"<p>[vc_row][vc_column]\n\t\t\t<!-- START Home 101 REVOLUTION SLIDER 6.6.20 --><p class=\"rs-p-wp-fix\"><\/p>\n\t\t\t<rs-module-wrap id=\"rev_slider_16_1_wrapper\" data-source=\"gallery\" style=\"visibility:hidden;background:transparent;padding:0;margin:0px auto;margin-top:0;margin-bottom:0;\">\n\t\t\t\t<rs-module id=\"rev_slider_16_1\" style=\"\" data-version=\"6.6.20\">\n\t\t\t\t\t<rs-slides style=\"overflow: hidden; position: absolute;\">\n\t\t\t\t\t\t<rs-slide style=\"position: absolute;\" data-key=\"rs-42\" data-title=\"Slide\" data-anim=\"adpr:false;\" data-in=\"o:0;\" data-out=\"a:false;\">\n\t\t\t\t\t\t\t<img decoding=\"async\" src=\"\/\/www.medisonics.com\/wp-content\/plugins\/revslider\/public\/assets\/assets\/dummy.png\" alt=\"Slide\" class=\"rev-slidebg tp-rs-img rs-lazyload\" data-lazyload=\"\/\/www.medisonics.com\/wp-content\/plugins\/revslider\/public\/assets\/assets\/transparent.png\" data-no-retina>\n<!--\n\t\t\t\t\t\t\t--><rs-layer\n\t\t\t\t\t\t\t\tid=\"slider-16-slide-42-layer-0\" \n\t\t\t\t\t\t\t\tclass=\"rs-nolc rs-layer-video intrinsic-ignore\"\n\t\t\t\t\t\t\t\tdata-type=\"video\"\n\t\t\t\t\t\t\t\tdata-rsp_ch=\"on\"\n\t\t\t\t\t\t\t\tdata-text=\"w:normal;\"\n\t\t\t\t\t\t\t\tdata-dim=\"w:100%;h:100%;\"\n\t\t\t\t\t\t\t\tdata-basealign=\"slide\"\n\t\t\t\t\t\t\t\tdata-video=\"vfc:true;twa:false;vd:100;rwd:f;l:true;ptimer:false;nse:f;sav:f;afs:f;inl:f;\"\n\t\t\t\t\t\t\t\tdata-poster=\"\/\/www.medisonics.com\/wp-content\/uploads\/revslider\/video-media\/100_1-3_42_layer.jpeg\"\n\t\t\t\t\t\t\t\tdata-mp4=\"\/\/www.medisonics.com\/wp-content\/uploads\/2022\/05\/100_1-3.mp4\"\n\t\t\t\t\t\t\t\tdata-frame_1=\"sp:50;\"\n\t\t\t\t\t\t\t\tdata-frame_999=\"o:0;st:w;sR:8950;\"\n\t\t\t\t\t\t\t\tstyle=\"z-index:5;\"\n\t\t\t\t\t\t\t>\n\t\t\t\t\t\t\t<\/rs-layer><!--\n-->\t\t\t\t\t\t<\/rs-slide>\n\t\t\t\t\t<\/rs-slides>\n\t\t\t\t<\/rs-module>\n\t\t\t\t<script>\n\t\t\t\t\tsetREVStartSize({c: 'rev_slider_16_1',rl:[1240,1024,778,480],el:[650],gw:[1240],gh:[650],type:'hero',justify:'',layout:'fullwidth',mh:\"0\"});if (window.RS_MODULES!==undefined && window.RS_MODULES.modules!==undefined && window.RS_MODULES.modules[\"revslider161\"]!==undefined) {window.RS_MODULES.modules[\"revslider161\"].once = false;window.revapi16 = undefined;if (window.RS_MODULES.checkMinimal!==undefined) window.RS_MODULES.checkMinimal()}\n\t\t\t\t<\/script>\n\t\t\t<\/rs-module-wrap>\n\t\t\t<!-- END REVOLUTION SLIDER -->\n[vc_empty_space height=\u00a0\u00bb10px\u00a0\u00bb][vc_column_text]<\/p>\n<div class=\"wpb_text_column wpb_content_element \">\n<pre><strong><span style=\"font-family: arial, helvetica, sans-serif; font-size: 24px;\">MedUSe DetInd<\/span><\/strong>\r\n<span style=\"font-size: 16px;\"><strong><span style=\"font-family: arial, helvetica, sans-serif; color: #808080;\">Pour le nettoyage par ultrasons des produits industriels<\/span><\/strong><\/span><\/pre>\n<hr \/>\n<h6><span style=\"font-family: arial, helvetica, sans-serif; font-size: 14px; color: #808080;\">Dans l&rsquo;industrie, selon le domaine d&rsquo;activit\u00e9, des r\u00e8gles d&rsquo;hygi\u00e8ne s&rsquo;appliquent \u00e9galement au nettoyage. La plupart des produits de nettoyage professionnels destin\u00e9s aux besoins industriels sont disponibles sous forme liquide.<\/span><span style=\"font-family: arial, helvetica, sans-serif; font-size: 14px; color: #808080;\">Certains concentr\u00e9s sont dos\u00e9s avec pr\u00e9cision juste avant d&rsquo;\u00eatre utilis\u00e9s dans le nettoyage, d&rsquo;autres sont d\u00e9j\u00e0 propos\u00e9s par les fabricants dans le bon rapport de m\u00e9lange.<\/span><\/h6>\n<h6><span style=\"font-family: arial, helvetica, sans-serif; font-size: 14px; color: #808080;\">Les nettoyants pour pi\u00e8ces d\u00e9graiss\u00e9es font \u00e9galement partie des produits de nettoyage importants dans l&rsquo;industrie. Afin de garantir la maturit\u00e9 commerciale de nos produits, nous travaillons en \u00e9troite collaboration avec des laboratoires d&rsquo;essai et des fabricants reconnus, de sorte que nos indications de performance reposent toujours sur une exp\u00e9rience et des produits solides. Cela donne \u00e0 l&rsquo;utilisateur de nos produits la s\u00e9curit\u00e9 souhait\u00e9e lors de la phase de pr\u00e9-nettoyage.<\/span><\/h6>\n<h6><span style=\"font-family: arial, helvetica, sans-serif; font-size: 14px; color: #808080;\">Assistance et conseil &#8211; nos points forts \u00c9laboration et optimisation de proc\u00e9d\u00e9s de nettoyage par ultrasons en combinaison avec des appareils et des technologies \u00e0 ultrasons MediSonics. La r\u00e9alisation d&rsquo;analyses de l&rsquo;eau et des surfaces ainsi que les validations, l&rsquo;organisation de formations sur les produits et les applications, l&rsquo;assistance lors des essais de type et les validations de processus sont effectu\u00e9es de mani\u00e8re cibl\u00e9e par nos sp\u00e9cialistes.<\/span><\/h6>\n<p><span style=\"font-family: arial, helvetica, sans-serif; font-size: 16px; color: #000000;\">D\u00e9tergent industriel<\/span><\/p>\n<h6><span style=\"font-family: arial, helvetica, sans-serif; font-size: 14px;\">\n<table id=\"tablepress-13\" class=\"tablepress tablepress-id-13\">\n<thead>\n<tr class=\"row-1 odd\">\n\t<th class=\"column-1\">Designation\/type<\/th><th class=\"column-2\">Application<\/th><th class=\"column-3\">Dilution\/Vol. %\t<\/th><th class=\"column-4\">pH-value<\/th><th class=\"column-5\">Liquid\/Powder<\/th><th class=\"column-6\">Corrosion protection<\/th><th class=\"column-7\">Article no:<\/th>\n<\/tr>\n<\/thead>\n<tbody class=\"row-hover\">\n<tr class=\"row-2 even\">\n\t<td class=\"column-1\">DetInd-610<\/td><td class=\"column-2\">Tauch- und spritzf\u00e4hig<\/td><td class=\"column-3\">1-3<\/td><td class=\"column-4\">8.3<\/td><td class=\"column-5\">F<\/td><td class=\"column-6\">x<\/td><td class=\"column-7\">DetInd 610-101<\/td>\n<\/tr>\n<tr class=\"row-3 odd\">\n\t<td class=\"column-1\">DetInd-620<\/td><td class=\"column-2\">Universal Reiniger<\/td><td class=\"column-3\">3-5<\/td><td class=\"column-4\">8.9<\/td><td class=\"column-5\">F<\/td><td class=\"column-6\">x<\/td><td class=\"column-7\">DetInd 620-102<\/td>\n<\/tr>\n<tr class=\"row-4 even\">\n\t<td class=\"column-1\">DetInd-630<\/td><td class=\"column-2\">Spritzen und tauchen<\/td><td class=\"column-3\">2.5-8<\/td><td class=\"column-4\">8.0<\/td><td class=\"column-5\">F<\/td><td class=\"column-6\">-<\/td><td class=\"column-7\">DetInd 630-103<\/td>\n<\/tr>\n<tr class=\"row-5 odd\">\n\t<td class=\"column-1\">DetInd-640<\/td><td class=\"column-2\">Aluminiumreiniger tauchen<\/td><td class=\"column-3\">4-5<\/td><td class=\"column-4\">9.2<\/td><td class=\"column-5\">P<\/td><td class=\"column-6\">-<\/td><td class=\"column-7\">DetInd 640-104<\/td>\n<\/tr>\n<tr class=\"row-6 even\">\n\t<td class=\"column-1\">DetInd-670<\/td><td class=\"column-2\">silikatfrei - Angriff auf Alu <\/td><td class=\"column-3\">3-5<\/td><td class=\"column-4\">9.5<\/td><td class=\"column-5\">P<\/td><td class=\"column-6\">-<\/td><td class=\"column-7\">DetInd 670-105<\/td>\n<\/tr>\n<tr class=\"row-7 odd\">\n\t<td class=\"column-1\">DetInd-690<\/td><td class=\"column-2\">stark alkalisch<\/td><td class=\"column-3\">1-10<\/td><td class=\"column-4\">12.9<\/td><td class=\"column-5\">F<\/td><td class=\"column-6\">-<\/td><td class=\"column-7\">DetInd 690-106<\/td>\n<\/tr>\n<tr class=\"row-8 even\">\n\t<td class=\"column-1\">DetInd-320<\/td><td class=\"column-2\">Korrosionsschutzmittel<\/td><td class=\"column-3\">0.1-2<\/td><td class=\"column-4\">9.5<\/td><td class=\"column-5\">F<\/td><td class=\"column-6\">x<\/td><td class=\"column-7\">DetInd 320-107<\/td>\n<\/tr>\n<tr class=\"row-9 odd\">\n\t<td class=\"column-1\">DetInd-330<\/td><td class=\"column-2\">silikatfrei mit Korrosionsschutz<\/td><td class=\"column-3\">2-5<\/td><td class=\"column-4\">11.0<\/td><td class=\"column-5\">F<\/td><td class=\"column-6\">-<\/td><td class=\"column-7\">DetInd 360-108<\/td>\n<\/tr>\n<tr class=\"row-10 even\">\n\t<td class=\"column-1\">DetInd-020<\/td><td class=\"column-2\">Tensidkombination<\/td><td class=\"column-3\">0.3-1<\/td><td class=\"column-4\">9.6<\/td><td class=\"column-5\">F<\/td><td class=\"column-6\">-<\/td><td class=\"column-7\">DetInd 020-109<\/td>\n<\/tr>\n<tr class=\"row-11 odd\">\n\t<td class=\"column-1\">DetInd-700<\/td><td class=\"column-2\">Spritzen und tauchen<\/td><td class=\"column-3\">2-6<\/td><td class=\"column-4\">8.2<\/td><td class=\"column-5\">F<\/td><td class=\"column-6\">-<\/td><td class=\"column-7\">DetInd 710-110<\/td>\n<\/tr>\n<tr class=\"row-12 even\">\n\t<td class=\"column-1\">DetInd-040<\/td><td class=\"column-2\">Tensidkombination<\/td><td class=\"column-3\">0.3-1<\/td><td class=\"column-4\">6.5<\/td><td class=\"column-5\">F<\/td><td class=\"column-6\">-<\/td><td class=\"column-7\">DetInd 040-111<\/td>\n<\/tr>\n<tr class=\"row-13 odd\">\n\t<td class=\"column-1\">DetInd-710<\/td><td class=\"column-2\">mildalkalischer Metallreiniger<\/td><td class=\"column-3\">2-8<\/td><td class=\"column-4\">12.8<\/td><td class=\"column-5\">F<\/td><td class=\"column-6\">-<\/td><td class=\"column-7\">DetInd 320-112<\/td>\n<\/tr>\n<tr class=\"row-14 even\">\n\t<td class=\"column-1\">DetInd-090<\/td><td class=\"column-2\">Tauch- und spritzf\u00e4hig<\/td><td class=\"column-3\">1-4<\/td><td class=\"column-4\">10.5<\/td><td class=\"column-5\">F<\/td><td class=\"column-6\">x<\/td><td class=\"column-7\">DetInd 090-113<\/td>\n<\/tr>\n<tr class=\"row-15 odd\">\n\t<td class=\"column-1\">DetInd-650<\/td><td class=\"column-2\">Spritzen und tauchen<\/td><td class=\"column-3\">3-7<\/td><td class=\"column-4\">9.2<\/td><td class=\"column-5\">F<\/td><td class=\"column-6\">-<\/td><td class=\"column-7\">DetInd 650-114<\/td>\n<\/tr>\n<\/tbody>\n<\/table>\n<!-- #tablepress-13 from cache --><\/span><\/h6>\n<\/div>\n<p>[\/vc_column_text][\/vc_column][\/vc_row]<\/p>\n","protected":false},"excerpt":{"rendered":"<p>[vc_row][vc_column][vc_empty_space height=\u00a0\u00bb10px\u00a0\u00bb][vc_column_text] MedUSe DetInd Pour le nettoyage par ultrasons des produits industriels Dans l&rsquo;industrie, selon le domaine d&rsquo;activit\u00e9, des r\u00e8gles d&rsquo;hygi\u00e8ne s&rsquo;appliquent \u00e9galement au nettoyage. La plupart des produits de nettoyage professionnels destin\u00e9s aux besoins industriels sont disponibles sous forme liquide.Certains concentr\u00e9s sont dos\u00e9s avec pr\u00e9cision juste avant d&rsquo;\u00eatre utilis\u00e9s dans le nettoyage, d&rsquo;autres sont [&hellip;]<\/p>\n","protected":false},"author":1,"featured_media":0,"parent":0,"menu_order":0,"comment_status":"closed","ping_status":"closed","template":"","meta":{"_monsterinsights_skip_tracking":false,"_monsterinsights_sitenote_active":false,"_monsterinsights_sitenote_note":"","_monsterinsights_sitenote_category":0,"footnotes":""},"jetpack_sharing_enabled":true,"_links":{"self":[{"href":"https:\/\/www.medisonics.com\/fr\/wp-json\/wp\/v2\/pages\/5867"}],"collection":[{"href":"https:\/\/www.medisonics.com\/fr\/wp-json\/wp\/v2\/pages"}],"about":[{"href":"https:\/\/www.medisonics.com\/fr\/wp-json\/wp\/v2\/types\/page"}],"author":[{"embeddable":true,"href":"https:\/\/www.medisonics.com\/fr\/wp-json\/wp\/v2\/users\/1"}],"replies":[{"embeddable":true,"href":"https:\/\/www.medisonics.com\/fr\/wp-json\/wp\/v2\/comments?post=5867"}],"version-history":[{"count":7,"href":"https:\/\/www.medisonics.com\/fr\/wp-json\/wp\/v2\/pages\/5867\/revisions"}],"predecessor-version":[{"id":10746,"href":"https:\/\/www.medisonics.com\/fr\/wp-json\/wp\/v2\/pages\/5867\/revisions\/10746"}],"wp:attachment":[{"href":"https:\/\/www.medisonics.com\/fr\/wp-json\/wp\/v2\/media?parent=5867"}],"curies":[{"name":"wp","href":"https:\/\/api.w.org\/{rel}","templated":true}]}}