{"id":5878,"date":"2022-05-17T12:50:19","date_gmt":"2022-05-17T12:50:19","guid":{"rendered":"https:\/\/www.medisonics.com\/402_meduse_hp\/"},"modified":"2022-07-30T07:45:59","modified_gmt":"2022-07-30T07:45:59","slug":"402_meduse_hp","status":"publish","type":"page","link":"https:\/\/www.medisonics.com\/fr\/402_meduse_hp\/","title":{"rendered":"402_meduse_hp"},"content":{"rendered":"<p>[vc_row][vc_column]\n\t\t\t<!-- START Home 400_1 REVOLUTION SLIDER 6.6.20 --><p class=\"rs-p-wp-fix\"><\/p>\n\t\t\t<rs-module-wrap id=\"rev_slider_20_1_wrapper\" data-source=\"gallery\" style=\"visibility:hidden;background:transparent;padding:0;margin:0px auto;margin-top:0;margin-bottom:0;\">\n\t\t\t\t<rs-module id=\"rev_slider_20_1\" style=\"\" data-version=\"6.6.20\">\n\t\t\t\t\t<rs-slides style=\"overflow: hidden; position: absolute;\">\n\t\t\t\t\t\t<rs-slide style=\"position: absolute;\" data-key=\"rs-46\" data-title=\"Slide\" data-anim=\"adpr:false;ms:50;\" data-in=\"o:0;\" data-out=\"a:false;\">\n\t\t\t\t\t\t\t<img decoding=\"async\" src=\"\/\/www.medisonics.com\/wp-content\/plugins\/revslider\/public\/assets\/assets\/dummy.png\" alt=\"Slide\" class=\"rev-slidebg tp-rs-img rs-lazyload\" data-lazyload=\"\/\/www.medisonics.com\/wp-content\/plugins\/revslider\/public\/assets\/assets\/transparent.png\" data-no-retina>\n<!--\n\t\t\t\t\t\t\t--><rs-layer\n\t\t\t\t\t\t\t\tid=\"slider-20-slide-46-layer-0\" \n\t\t\t\t\t\t\t\tclass=\"rs-fsv rs-nolc rs-layer-video intrinsic-ignore\"\n\t\t\t\t\t\t\t\tdata-type=\"video\"\n\t\t\t\t\t\t\t\tdata-rsp_ch=\"on\"\n\t\t\t\t\t\t\t\tdata-xy=\"x:0;y:0;\"\n\t\t\t\t\t\t\t\tdata-text=\"w:normal;s:20,17,12,7;l:0,21,15,9;\"\n\t\t\t\t\t\t\t\tdata-dim=\"w:100%;h:100%;\"\n\t\t\t\t\t\t\t\tdata-basealign=\"slide\"\n\t\t\t\t\t\t\t\tdata-video=\"vfc:true;vd:100;rwd:f;fc:true;l:true;ptimer:false;nse:f;sav:f;afs:f;vc:t;inl:f;\"\n\t\t\t\t\t\t\t\tdata-poster=\"\/\/www.medisonics.com\/wp-content\/uploads\/revslider\/video-media\/400_2_46_layer.jpeg\"\n\t\t\t\t\t\t\t\tdata-mp4=\"\/\/www.medisonics.com\/wp-content\/uploads\/2022\/05\/400_2.mp4\"\n\t\t\t\t\t\t\t\tdata-frame_1=\"sp:50;\"\n\t\t\t\t\t\t\t\tdata-frame_999=\"o:0;st:w;sR:8950;\"\n\t\t\t\t\t\t\t\tstyle=\"z-index:8;\"\n\t\t\t\t\t\t\t>\n\t\t\t\t\t\t\t<\/rs-layer><!--\n-->\t\t\t\t\t\t<\/rs-slide>\n\t\t\t\t\t<\/rs-slides>\n\t\t\t\t<\/rs-module>\n\t\t\t\t<script>\n\t\t\t\t\tsetREVStartSize({c: 'rev_slider_20_1',rl:[1240,1024,778,480],el:[640,768,960,720],gw:[1180,1024,778,480],gh:[640,768,960,720],type:'hero',justify:'',layout:'fullwidth',mh:\"0\"});if (window.RS_MODULES!==undefined && window.RS_MODULES.modules!==undefined && window.RS_MODULES.modules[\"revslider201\"]!==undefined) {window.RS_MODULES.modules[\"revslider201\"].once = false;window.revapi20 = undefined;if (window.RS_MODULES.checkMinimal!==undefined) window.RS_MODULES.checkMinimal()}\n\t\t\t\t<\/script>\n\t\t\t<\/rs-module-wrap>\n\t\t\t<!-- END REVOLUTION SLIDER -->\n[vc_empty_space height=\u00a0\u00bb10px\u00a0\u00bb][vc_empty_space height=\u00a0\u00bb10px\u00a0\u00bb][vc_column_text]<\/p>\n<pre><strong><span style=\"font-family: arial, helvetica, sans-serif; font-size: 24px;\">MedUSe HP\n<\/span><span style=\"font-family: arial, helvetica, sans-serif; font-size: 16px; color: #808080;\">\u00c9quipement de nettoyage par ultrasons<\/span><\/strong><\/pre>\n<hr>\n<h6><span style=\"font-family: arial, helvetica, sans-serif; font-size: 14px; color: #808080;\">Les unit\u00e9s de nettoyage par ultrasons \u00e0 haute puissance de la s\u00e9rie MedUSe HP, constitu\u00e9es de cuves en acier inoxydable, ont \u00e9t\u00e9 sp\u00e9cialement d\u00e9velopp\u00e9es pour une large gamme d&rsquo;applications dans les secteurs industriel et m\u00e9dical. Gr\u00e2ce \u00e0 de nombreuses ann\u00e9es d&rsquo;exp\u00e9rience et de d\u00e9veloppement innovant, la s\u00e9rie MedUSe a \u00e9t\u00e9 con\u00e7ue avec une technologie de pointe.<\/span><\/h6>\n<h6><span style=\"font-family: arial, helvetica, sans-serif; font-size: 14px; color: #808080;\">Les nettoyeurs \u00e0 ultrasons r\u00e9pondent aux besoins de nettoyage des clients dans leurs propres laboratoires de traitement et peuvent \u00eatre facilement plac\u00e9s comme mod\u00e8le de table. Le syst\u00e8me est con\u00e7u avec une technologie ultrasonique avanc\u00e9e et apporte une puissance ultrasonique \u00e9lev\u00e9e de 30 W\/litre. L&rsquo;apport d&rsquo;\u00e9nergie dans la cuve de traitement se fait par des \u00e9l\u00e9ments vibrants int\u00e9gr\u00e9s au sol et dot\u00e9s de la toute derni\u00e8re technologie multifr\u00e9quence.<\/span><\/h6>\n<h6><span style=\"font-family: arial, helvetica, sans-serif; font-size: 14px; color: #808080;\">Le d\u00e9veloppement de ce syst\u00e8me est prot\u00e9g\u00e9 par la loi suisse sur le droit d&rsquo;auteur (URG) SR231.1 de 1992 (r\u00e9v. 2008).<\/span><\/h6>\n<h6><strong><span style=\"font-family: arial, helvetica, sans-serif; font-size: 14px; color: #000000;\">Caract\u00e9ristiques :<br \/>\n<\/span><\/strong><span style=\"font-size: 14px; font-family: arial, helvetica, sans-serif; color: #808080;\">\u203a Cuves de nettoyage et bo\u00eetier en acier inoxydable massif<br \/>\n\u203a Affichage du temps de nettoyage restant via l&rsquo;\u00e9cran tactile<br \/>\n\u203a Fonctions de balayage, d&rsquo;amplification et de d\u00e9gazage<br \/>\n\u203a Syst\u00e8me de dosage<br \/>\n\u203a Syst\u00e8me de circulation<br \/>\n\u203a Panier de pi\u00e8ces<br \/>\n\u203a Couvercle de verre<\/span><\/h6>\n<p>[\/vc_column_text][\/vc_column][\/vc_row][vc_row][vc_column][vc_empty_space height=\u00a0\u00bb15px\u00a0\u00bb][\/vc_column][\/vc_row][vc_row][vc_column][vc_column_text]\n<table id=\"tablepress-4\" class=\"tablepress tablepress-id-4\">\n<thead>\n<tr class=\"row-1 odd\">\n\t<th class=\"column-1\">Designation\/type<\/th><th class=\"column-2\">Dim. Devices (mm)<\/th><th class=\"column-3\">Dim.\u00a0 Tub\u00a0 (mm)<\/th><th class=\"column-4\">Bath volume\u00a0 (Liter)<\/th><th class=\"column-5\">Heating (W)<\/th><th class=\"column-6\">Frequencies (kHz)<\/th><th class=\"column-7\">Power (W)<\/th><th class=\"column-8\">Voltage (V\/f)<\/th><th class=\"column-9\">Article no.<\/th>\n<\/tr>\n<\/thead>\n<tbody class=\"row-hover\">\n<tr class=\"row-2 even\">\n\t<td class=\"column-1\">MedUSe 10<\/td><td class=\"column-2\">350x400x250<\/td><td class=\"column-3\">300x350x200<\/td><td class=\"column-4\">10<\/td><td class=\"column-5\">200<\/td><td class=\"column-6\">30-120<\/td><td class=\"column-7\">1'000<\/td><td class=\"column-8\">110\/220\/50\/60<\/td><td class=\"column-9\">1.00022<\/td>\n<\/tr>\n<tr class=\"row-3 odd\">\n\t<td class=\"column-1\">MedUSe 20<\/td><td class=\"column-2\">400x450x300<\/td><td class=\"column-3\">350x400x250<\/td><td class=\"column-4\">20<\/td><td class=\"column-5\">400<\/td><td class=\"column-6\">30-120<\/td><td class=\"column-7\">1'000<\/td><td class=\"column-8\">110\/220\/50\/60<\/td><td class=\"column-9\">1.00023<\/td>\n<\/tr>\n<tr class=\"row-4 even\">\n\t<td class=\"column-1\">MedUSe 30<\/td><td class=\"column-2\">450x500x350<\/td><td class=\"column-3\">400x450x300<\/td><td class=\"column-4\">30<\/td><td class=\"column-5\">3000<\/td><td class=\"column-6\">30-120<\/td><td class=\"column-7\">1'000<\/td><td class=\"column-8\">110\/220\/50\/60<\/td><td class=\"column-9\">1.00024<\/td>\n<\/tr>\n<tr class=\"row-5 odd\">\n\t<td class=\"column-1\">MedUSe 40<\/td><td class=\"column-2\">500x550x400<\/td><td class=\"column-3\">450x500x350<\/td><td class=\"column-4\">40<\/td><td class=\"column-5\">3000<\/td><td class=\"column-6\">30-120<\/td><td class=\"column-7\">2'000<\/td><td class=\"column-8\">110\/220\/50\/60<\/td><td class=\"column-9\">1.00025<\/td>\n<\/tr>\n<tr class=\"row-6 even\">\n\t<td class=\"column-1\">MedUSe 50<\/td><td class=\"column-2\">550x600x450<\/td><td class=\"column-3\">500x550x400<\/td><td class=\"column-4\">50<\/td><td class=\"column-5\">5000<\/td><td class=\"column-6\">30-120<\/td><td class=\"column-7\">2'000<\/td><td class=\"column-8\">110\/220\/50\/60<\/td><td class=\"column-9\">1.00026<\/td>\n<\/tr>\n<\/tbody>\n<\/table>\n<!-- #tablepress-4 from cache -->[\/vc_column_text][\/vc_column][\/vc_row][vc_row][vc_column][vc_column_text]<\/p>\n<h6><span style=\"font-family: arial, helvetica, sans-serif; font-size: 10px; color: #808080;\">Les mesures peuvent \u00eatre modifi\u00e9es sans pr\u00e9avis !<\/span><\/h6>\n<p>[\/vc_column_text][\/vc_column][\/vc_row]<\/p>\n","protected":false},"excerpt":{"rendered":"<p>[vc_row][vc_column][vc_empty_space height=\u00a0\u00bb10px\u00a0\u00bb][vc_empty_space height=\u00a0\u00bb10px\u00a0\u00bb][vc_column_text] MedUSe HP \u00c9quipement de nettoyage par ultrasons Les unit\u00e9s de nettoyage par ultrasons \u00e0 haute puissance de la s\u00e9rie MedUSe HP, constitu\u00e9es de cuves en acier inoxydable, ont \u00e9t\u00e9 sp\u00e9cialement d\u00e9velopp\u00e9es pour une large gamme d&rsquo;applications dans les secteurs industriel et m\u00e9dical. Gr\u00e2ce \u00e0 de nombreuses ann\u00e9es d&rsquo;exp\u00e9rience et de d\u00e9veloppement innovant, [&hellip;]<\/p>\n","protected":false},"author":1,"featured_media":0,"parent":0,"menu_order":0,"comment_status":"closed","ping_status":"closed","template":"","meta":{"_monsterinsights_skip_tracking":false,"_monsterinsights_sitenote_active":false,"_monsterinsights_sitenote_note":"","_monsterinsights_sitenote_category":0,"footnotes":""},"jetpack_sharing_enabled":true,"_links":{"self":[{"href":"https:\/\/www.medisonics.com\/fr\/wp-json\/wp\/v2\/pages\/5878"}],"collection":[{"href":"https:\/\/www.medisonics.com\/fr\/wp-json\/wp\/v2\/pages"}],"about":[{"href":"https:\/\/www.medisonics.com\/fr\/wp-json\/wp\/v2\/types\/page"}],"author":[{"embeddable":true,"href":"https:\/\/www.medisonics.com\/fr\/wp-json\/wp\/v2\/users\/1"}],"replies":[{"embeddable":true,"href":"https:\/\/www.medisonics.com\/fr\/wp-json\/wp\/v2\/comments?post=5878"}],"version-history":[{"count":7,"href":"https:\/\/www.medisonics.com\/fr\/wp-json\/wp\/v2\/pages\/5878\/revisions"}],"predecessor-version":[{"id":7446,"href":"https:\/\/www.medisonics.com\/fr\/wp-json\/wp\/v2\/pages\/5878\/revisions\/7446"}],"wp:attachment":[{"href":"https:\/\/www.medisonics.com\/fr\/wp-json\/wp\/v2\/media?parent=5878"}],"curies":[{"name":"wp","href":"https:\/\/api.w.org\/{rel}","templated":true}]}}