{"id":6041,"date":"2022-05-17T14:25:56","date_gmt":"2022-05-17T14:25:56","guid":{"rendered":"https:\/\/www.medisonics.com\/505_meduse_50_6_ak\/"},"modified":"2022-07-30T08:17:58","modified_gmt":"2022-07-30T08:17:58","slug":"505_meduse_50_6_ak","status":"publish","type":"page","link":"https:\/\/www.medisonics.com\/fr\/505_meduse_50_6_ak\/","title":{"rendered":"505_meduse_50_6_ak"},"content":{"rendered":"<p>[vc_row][vc_column]\n\t\t\t<!-- START Home 500_5 REVOLUTION SLIDER 6.6.20 --><p class=\"rs-p-wp-fix\"><\/p>\n\t\t\t<rs-module-wrap id=\"rev_slider_40_1_wrapper\" data-source=\"gallery\" style=\"visibility:hidden;background:transparent;padding:0;margin:0px auto;margin-top:0;margin-bottom:0;\">\n\t\t\t\t<rs-module id=\"rev_slider_40_1\" style=\"\" data-version=\"6.6.20\">\n\t\t\t\t\t<rs-slides style=\"overflow: hidden; position: absolute;\">\n\t\t\t\t\t\t<rs-slide style=\"position: absolute;\" data-key=\"rs-71\" data-title=\"Slide\" data-anim=\"adpr:false;\" data-in=\"o:0;\" data-out=\"a:false;\">\n\t\t\t\t\t\t\t<img decoding=\"async\" src=\"\/\/www.medisonics.com\/wp-content\/plugins\/revslider\/public\/assets\/assets\/dummy.png\" alt=\"Slide\" title=\"505_meduse_50_6_ak\" class=\"rev-slidebg tp-rs-img rs-lazyload\" data-lazyload=\"\/\/www.medisonics.com\/wp-content\/plugins\/revslider\/public\/assets\/assets\/transparent.png\" data-no-retina>\n<!--\n\t\t\t\t\t\t\t--><rs-layer\n\t\t\t\t\t\t\t\tid=\"slider-40-slide-71-layer-0\" \n\t\t\t\t\t\t\t\tclass=\"rs-fsv rs-layer-video intrinsic-ignore\"\n\t\t\t\t\t\t\t\tdata-type=\"video\"\n\t\t\t\t\t\t\t\tdata-rsp_ch=\"on\"\n\t\t\t\t\t\t\t\tdata-xy=\"x:0;y:0;\"\n\t\t\t\t\t\t\t\tdata-text=\"w:normal;\"\n\t\t\t\t\t\t\t\tdata-dim=\"w:100%;h:100%;\"\n\t\t\t\t\t\t\t\tdata-basealign=\"slide\"\n\t\t\t\t\t\t\t\tdata-video=\"vfc:true;twa:false;vd:100;rwd:f;fc:true;l:true;ptimer:false;nse:f;afs:f;vc:t;inl:f;\"\n\t\t\t\t\t\t\t\tdata-poster=\"\/\/www.medisonics.com\/wp-content\/uploads\/revslider\/video-media\/500_5-1_71_layer.jpeg\"\n\t\t\t\t\t\t\t\tdata-mp4=\"\/\/www.medisonics.com\/wp-content\/uploads\/2022\/05\/500_5-1.mp4\"\n\t\t\t\t\t\t\t\tdata-frame_1=\"sp:50;\"\n\t\t\t\t\t\t\t\tdata-frame_999=\"o:0;st:w;sR:8950;\"\n\t\t\t\t\t\t\t\tstyle=\"z-index:8;\"\n\t\t\t\t\t\t\t>\n\t\t\t\t\t\t\t<\/rs-layer><!--\n-->\t\t\t\t\t\t<\/rs-slide>\n\t\t\t\t\t<\/rs-slides>\n\t\t\t\t<\/rs-module>\n\t\t\t\t<script>\n\t\t\t\t\tsetREVStartSize({c: 'rev_slider_40_1',rl:[1240,1024,778,480],el:[650],gw:[1180],gh:[650],type:'hero',justify:'',layout:'fullwidth',mh:\"0\"});if (window.RS_MODULES!==undefined && window.RS_MODULES.modules!==undefined && window.RS_MODULES.modules[\"revslider401\"]!==undefined) {window.RS_MODULES.modules[\"revslider401\"].once = false;window.revapi40 = undefined;if (window.RS_MODULES.checkMinimal!==undefined) window.RS_MODULES.checkMinimal()}\n\t\t\t\t<\/script>\n\t\t\t<\/rs-module-wrap>\n\t\t\t<!-- END REVOLUTION SLIDER -->\n[vc_empty_space height=\u00a0\u00bb10px\u00a0\u00bb][vc_column_text]<\/p>\n<pre><strong><span style=\"font-family: arial, helvetica, sans-serif; font-size: 24px;\">MedUSe 50-6AK\n<\/span><span style=\"font-family: arial, helvetica, sans-serif; font-size: 16px; color: #808080;\">Syst\u00e8me de nettoyage fin par ultrasons pour les implants<\/span><\/strong><\/pre>\n<hr>\n<h6><span style=\"font-family: arial, helvetica, sans-serif; font-size: 14px; color: #808080;\">Le MedUSe 50-6AK est un syst\u00e8me de nettoyage fin, qui est con\u00e7u de mani\u00e8re optimale pour le nettoyage fin des implants. Ce syst\u00e8me se caract\u00e9rise par sa haute qualit\u00e9, sa capacit\u00e9 de production et sa solution flexible pour un nettoyage par ultrasons efficace de pi\u00e8ces individuelles, de pi\u00e8ces de grande valeur dans des supports ou des mat\u00e9riaux en vrac. Conception de l&rsquo;usine : Cette conception permet de travailler m\u00eame dans des salles propres et ultra-propres jusqu&rsquo;\u00e0 une classe de salle blanche de 100.<\/span><\/h6>\n<h6><span style=\"font-family: arial, helvetica, sans-serif; font-size: 14px; color: #808080;\">L&rsquo;alimentation est enti\u00e8rement automatique et permet un d\u00e9bit de lots tr\u00e8s \u00e9lev\u00e9. Le syst\u00e8me de traitement de l&rsquo;eau permet un pr\u00e9traitement o\u00f6logique parfait de l&rsquo;eau pour les diff\u00e9rents bains d&rsquo;immersion. L&rsquo;unit\u00e9 d&#8217;emballage final en option permet de pr\u00e9parer les pi\u00e8ces pour l&rsquo;exp\u00e9dition sans contact dans des conditions de salle blanche absolue. L&rsquo;\u00e9tape finale de s\u00e9chage automatique est propos\u00e9e en quatre versions diff\u00e9rentes : Air chaud, infrarouge, air chaud et infrarouge, vide.<\/span><\/h6>\n<h6><span style=\"font-family: arial, helvetica, sans-serif; font-size: 14px; color: #808080;\">Technologie : Syst\u00e8me de traitement de l&rsquo;eau, Syst\u00e8me de contr\u00f4le visualis\u00e9, Assemblages modulaires, Machine de chargement et de d\u00e9chargement, Syst\u00e8me de r\u00e9g\u00e9n\u00e9ration de l&rsquo;eau sale, Syst\u00e8me de s\u00e9chage, Unit\u00e9 de conditionnement dans des conditions de salle blanche, Hottes d&rsquo;encapsulation avec syst\u00e8me de ventilation dans des conditions de salle blanche, Syst\u00e8me de contr\u00f4le. Le syst\u00e8me de contr\u00f4le visualis\u00e9 permet de programmer librement les diff\u00e9rents processus de nettoyage.<\/span><\/h6>\n<h6><span style=\"font-family: arial, helvetica, sans-serif; font-size: 14px; color: #808080;\">Les syst\u00e8mes de nettoyage fin MediSonics sont programm\u00e9s avec un syst\u00e8me de validation flexible. MediSonics se conforme aux exigences de l&rsquo;administration am\u00e9ricaine des denr\u00e9es alimentaires et des m\u00e9dicaments (FDA) dans le document 21 CFR Part 11, ce qui nous permet de r\u00e9pondre aux exigences de qualit\u00e9 de nos clients, r\u00e9sum\u00e9es sous le terme de bonnes pratiques de fabrication (BPF).<\/span><\/h6>\n<h6><span style=\"font-family: arial, helvetica, sans-serif; font-size: 14px; color: #808080;\">Le d\u00e9veloppement de ce syst\u00e8me est prot\u00e9g\u00e9 par la loi suisse sur le droit d&rsquo;auteur (URG) SR231.1 de 1992 (r\u00e9v. 2008).<\/span><\/h6>\n<p>[\/vc_column_text][\/vc_column][\/vc_row][vc_row][vc_column][vc_column_text]<\/p>\n<h6><span style=\"font-family: arial, helvetica, sans-serif; font-size: 10px; color: #808080;\">Les mesures peuvent \u00eatre modifi\u00e9es sans pr\u00e9avis !<\/span><\/h6>\n<p>[\/vc_column_text][\/vc_column][\/vc_row]<\/p>\n","protected":false},"excerpt":{"rendered":"<p>[vc_row][vc_column][vc_empty_space height=\u00a0\u00bb10px\u00a0\u00bb][vc_column_text] MedUSe 50-6AK Syst\u00e8me de nettoyage fin par ultrasons pour les implants Le MedUSe 50-6AK est un syst\u00e8me de nettoyage fin, qui est con\u00e7u de mani\u00e8re optimale pour le nettoyage fin des implants. Ce syst\u00e8me se caract\u00e9rise par sa haute qualit\u00e9, sa capacit\u00e9 de production et sa solution flexible pour un nettoyage par ultrasons [&hellip;]<\/p>\n","protected":false},"author":1,"featured_media":0,"parent":0,"menu_order":0,"comment_status":"closed","ping_status":"closed","template":"","meta":{"_monsterinsights_skip_tracking":false,"_monsterinsights_sitenote_active":false,"_monsterinsights_sitenote_note":"","_monsterinsights_sitenote_category":0,"footnotes":""},"jetpack_sharing_enabled":true,"_links":{"self":[{"href":"https:\/\/www.medisonics.com\/fr\/wp-json\/wp\/v2\/pages\/6041"}],"collection":[{"href":"https:\/\/www.medisonics.com\/fr\/wp-json\/wp\/v2\/pages"}],"about":[{"href":"https:\/\/www.medisonics.com\/fr\/wp-json\/wp\/v2\/types\/page"}],"author":[{"embeddable":true,"href":"https:\/\/www.medisonics.com\/fr\/wp-json\/wp\/v2\/users\/1"}],"replies":[{"embeddable":true,"href":"https:\/\/www.medisonics.com\/fr\/wp-json\/wp\/v2\/comments?post=6041"}],"version-history":[{"count":6,"href":"https:\/\/www.medisonics.com\/fr\/wp-json\/wp\/v2\/pages\/6041\/revisions"}],"predecessor-version":[{"id":7496,"href":"https:\/\/www.medisonics.com\/fr\/wp-json\/wp\/v2\/pages\/6041\/revisions\/7496"}],"wp:attachment":[{"href":"https:\/\/www.medisonics.com\/fr\/wp-json\/wp\/v2\/media?parent=6041"}],"curies":[{"name":"wp","href":"https:\/\/api.w.org\/{rel}","templated":true}]}}