{"id":6075,"date":"2022-05-12T08:54:41","date_gmt":"2022-05-12T08:54:41","guid":{"rendered":"https:\/\/www.medisonics.com\/politique-de-confidentialite\/"},"modified":"2022-07-28T08:25:48","modified_gmt":"2022-07-28T08:25:48","slug":"privacy-policy","status":"publish","type":"page","link":"https:\/\/www.medisonics.com\/fr\/privacy-policy\/","title":{"rendered":"Politique de confidentialit\u00e9"},"content":{"rendered":"<p>[vc_row][vc_column]\n\t\t\t<!-- START Home 101 REVOLUTION SLIDER 6.6.20 --><p class=\"rs-p-wp-fix\"><\/p>\n\t\t\t<rs-module-wrap id=\"rev_slider_16_1_wrapper\" data-source=\"gallery\" style=\"visibility:hidden;background:transparent;padding:0;margin:0px auto;margin-top:0;margin-bottom:0;\">\n\t\t\t\t<rs-module id=\"rev_slider_16_1\" style=\"\" data-version=\"6.6.20\">\n\t\t\t\t\t<rs-slides style=\"overflow: hidden; position: absolute;\">\n\t\t\t\t\t\t<rs-slide style=\"position: absolute;\" data-key=\"rs-42\" data-title=\"Slide\" data-anim=\"adpr:false;\" data-in=\"o:0;\" data-out=\"a:false;\">\n\t\t\t\t\t\t\t<img decoding=\"async\" src=\"\/\/www.medisonics.com\/wp-content\/plugins\/revslider\/public\/assets\/assets\/dummy.png\" alt=\"Slide\" class=\"rev-slidebg tp-rs-img rs-lazyload\" data-lazyload=\"\/\/www.medisonics.com\/wp-content\/plugins\/revslider\/public\/assets\/assets\/transparent.png\" data-no-retina>\n<!--\n\t\t\t\t\t\t\t--><rs-layer\n\t\t\t\t\t\t\t\tid=\"slider-16-slide-42-layer-0\" \n\t\t\t\t\t\t\t\tclass=\"rs-nolc rs-layer-video intrinsic-ignore\"\n\t\t\t\t\t\t\t\tdata-type=\"video\"\n\t\t\t\t\t\t\t\tdata-rsp_ch=\"on\"\n\t\t\t\t\t\t\t\tdata-text=\"w:normal;\"\n\t\t\t\t\t\t\t\tdata-dim=\"w:100%;h:100%;\"\n\t\t\t\t\t\t\t\tdata-basealign=\"slide\"\n\t\t\t\t\t\t\t\tdata-video=\"vfc:true;twa:false;vd:100;rwd:f;l:true;ptimer:false;nse:f;sav:f;afs:f;inl:f;\"\n\t\t\t\t\t\t\t\tdata-poster=\"\/\/www.medisonics.com\/wp-content\/uploads\/revslider\/video-media\/100_1-3_42_layer.jpeg\"\n\t\t\t\t\t\t\t\tdata-mp4=\"\/\/www.medisonics.com\/wp-content\/uploads\/2022\/05\/100_1-3.mp4\"\n\t\t\t\t\t\t\t\tdata-frame_1=\"sp:50;\"\n\t\t\t\t\t\t\t\tdata-frame_999=\"o:0;st:w;sR:8950;\"\n\t\t\t\t\t\t\t\tstyle=\"z-index:5;\"\n\t\t\t\t\t\t\t>\n\t\t\t\t\t\t\t<\/rs-layer><!--\n-->\t\t\t\t\t\t<\/rs-slide>\n\t\t\t\t\t<\/rs-slides>\n\t\t\t\t<\/rs-module>\n\t\t\t\t<script>\n\t\t\t\t\tsetREVStartSize({c: 'rev_slider_16_1',rl:[1240,1024,778,480],el:[650],gw:[1240],gh:[650],type:'hero',justify:'',layout:'fullwidth',mh:\"0\"});if (window.RS_MODULES!==undefined && window.RS_MODULES.modules!==undefined && window.RS_MODULES.modules[\"revslider161\"]!==undefined) {window.RS_MODULES.modules[\"revslider161\"].once = false;window.revapi16 = undefined;if (window.RS_MODULES.checkMinimal!==undefined) window.RS_MODULES.checkMinimal()}\n\t\t\t\t<\/script>\n\t\t\t<\/rs-module-wrap>\n\t\t\t<!-- END REVOLUTION SLIDER -->\n[vc_empty_space height=\u00a0\u00bb10px\u00a0\u00bb][vc_column_text]<\/p>\n<pre><span style=\"color: #004c76;\"><strong><span style=\"font-family: arial, helvetica, sans-serif; font-size: 20px;\">General Information<\/span><\/strong><\/span><\/pre>\n<p>Bienvenue sur notre page de politique de confidentialit\u00e9 ! Lorsque vous utilisez les services de notre site web, vous nous confiez vos informations. La pr\u00e9sente politique de confidentialit\u00e9 a pour but de vous aider \u00e0 comprendre quelles donn\u00e9es nous recueillons, pourquoi nous les recueillons et ce que nous en faisons. Lorsque vous partagez des informations avec nous, nous pouvons am\u00e9liorer encore nos services pour vous. Par exemple, nous pouvons vous montrer des r\u00e9sultats de recherche et des publicit\u00e9s plus pertinents, vous aider \u00e0 vous connecter avec des personnes ou faciliter et acc\u00e9l\u00e9rer le partage avec d&rsquo;autres. Lorsque vous utilisez nos services, nous voulons que vous sachiez clairement comment nous utilisons les informations et comment vous pouvez prot\u00e9ger votre vie priv\u00e9e. Ce document est important ; nous esp\u00e9rons que vous prendrez le temps de le lire attentivement. N&rsquo;oubliez pas que vous pouvez trouver des contr\u00f4les pour g\u00e9rer vos informations et prot\u00e9ger votre vie priv\u00e9e et votre s\u00e9curit\u00e9. Nous avons essay\u00e9 de le garder aussi simple que possible.<\/p>\n<pre><span style=\"font-family: arial, helvetica, sans-serif; font-size: 20px; color: #004c76;\"><strong>Right to access, correct and delete data and to object to data processing<\/strong><\/span><\/pre>\n<p>Nos clients disposent d&rsquo;un droit d&rsquo;acc\u00e8s, de rectification et de suppression des donn\u00e9es personnelles les concernant, ainsi que d&rsquo;un droit d&rsquo;opposition au traitement de ces donn\u00e9es, en adressant une demande \u00e9crite, \u00e0 tout moment. La Soci\u00e9t\u00e9 s&rsquo;efforce de mettre en place des pr\u00e9cautions appropri\u00e9es pour sauvegarder la s\u00e9curit\u00e9 et la confidentialit\u00e9 des donn\u00e9es personnelles, et pour emp\u00eacher qu&rsquo;elles soient modifi\u00e9es, corrompues, d\u00e9truites ou que des tiers non autoris\u00e9s y aient acc\u00e8s. Cependant, la Soci\u00e9t\u00e9 ne ma\u00eetrise pas tous les risques li\u00e9s \u00e0 l&rsquo;utilisation d&rsquo;Internet, et met donc en garde les utilisateurs du Site contre les risques potentiels li\u00e9s au fonctionnement et \u00e0 l&rsquo;utilisation d&rsquo;Internet. Le site peut inclure des liens vers d&rsquo;autres sites web ou d&rsquo;autres sources Internet. Dans la mesure o\u00f9 la Soci\u00e9t\u00e9 ne peut contr\u00f4ler ces sites Internet et ces sources externes, la Soci\u00e9t\u00e9 ne peut \u00eatre tenue pour responsable de la mise \u00e0 disposition ou de l&rsquo;affichage de ces sites Internet et sources externes, et ne peut supporter aucune responsabilit\u00e9 quant au contenu, publicit\u00e9s, produits, services ou tout autre mat\u00e9riel disponible sur ou \u00e0 partir de ces sites Internet ou sources externes.<\/p>\n<pre><span style=\"font-size: 20px; color: #004c76;\"><strong><span style=\"font-family: arial, helvetica, sans-serif;\">Management of personal data<\/span><\/strong><\/span><\/pre>\n<p>Vous pouvez consulter ou modifier vos donn\u00e9es personnelles en ligne pour un grand nombre de nos services. Vous pouvez \u00e9galement faire des choix concernant notre collecte et notre utilisation de vos donn\u00e9es. La mani\u00e8re dont vous pouvez acc\u00e9der \u00e0 vos donn\u00e9es personnelles ou les contr\u00f4ler d\u00e9pend des services que vous utilisez. Vous pouvez choisir de recevoir des communications promotionnelles de notre site web par courrier \u00e9lectronique, SMS, courrier physique et t\u00e9l\u00e9phone. Si vous recevez des e-mails ou des SMS promotionnels de notre part et que vous souhaitez vous d\u00e9sinscrire, vous pouvez le faire en suivant les instructions figurant dans ce message. Vous pouvez \u00e9galement choisir de recevoir des courriers \u00e9lectroniques, des appels t\u00e9l\u00e9phoniques et des courriers postaux promotionnels en visitant et en vous connectant au gestionnaire de communications promotionnelles de la soci\u00e9t\u00e9, qui vous permet de mettre \u00e0 jour vos coordonn\u00e9es, de g\u00e9rer vos pr\u00e9f\u00e9rences en mati\u00e8re de contact, de vous d\u00e9sabonner des abonnements aux courriers \u00e9lectroniques et de choisir de partager ou non vos coordonn\u00e9es avec nos partenaires. Ces choix ne s&rsquo;appliquent pas aux communications de service obligatoires qui font partie de certains services du site web.<\/p>\n<pre><span style=\"color: #004c76;\"><strong><span style=\"font-family: arial, helvetica, sans-serif; font-size: 20px;\">Information we collect<\/span><\/strong><\/span><\/pre>\n<p>Notre magasin collecte des donn\u00e9es pour fonctionner efficacement et vous offrir les meilleures exp\u00e9riences avec nos services. Vous fournissez certaines de ces donn\u00e9es directement, par exemple lorsque vous cr\u00e9ez un compte personnel. Nous en obtenons une partie en enregistrant la mani\u00e8re dont vous interagissez avec nos services, par exemple en utilisant des technologies telles que les cookies, et en recevant des rapports d&rsquo;erreur ou des donn\u00e9es d&rsquo;utilisation de logiciels fonctionnant sur votre appareil. Nous obtenons \u00e9galement des donn\u00e9es de tiers (y compris d&rsquo;autres entreprises). Par exemple, nous compl\u00e9tons les donn\u00e9es que nous collectons en achetant des donn\u00e9es d\u00e9mographiques \u00e0 d&rsquo;autres entreprises. Nous utilisons \u00e9galement des services d&rsquo;autres soci\u00e9t\u00e9s pour nous aider \u00e0 d\u00e9terminer une localisation sur la base de votre adresse IP afin de personnaliser certains services en fonction de votre localisation. Les donn\u00e9es que nous recueillons d\u00e9pendent des services et des fonctionnalit\u00e9s que vous utilisez.<\/p>\n<pre><span style=\"font-size: 20px; color: #004c76;\"><strong><span style=\"font-family: arial, helvetica, sans-serif;\">How we use your information<\/span><\/strong><\/span><\/pre>\n<p>Notre site web utilise les donn\u00e9es que nous collectons \u00e0 trois fins principales : pour faire fonctionner notre entreprise et fournir (y compris am\u00e9liorer et personnaliser) les services que nous offrons, pour envoyer des communications, y compris des communications promotionnelles, et pour afficher des publicit\u00e9s. Pour atteindre ces objectifs, nous combinons les donn\u00e9es que nous recueillons par le biais des diff\u00e9rents services du site web que vous utilisez afin de vous offrir une exp\u00e9rience plus homog\u00e8ne, coh\u00e9rente et personnalis\u00e9e. Toutefois, pour renforcer la protection de la vie priv\u00e9e, nous avons mis en place des garanties technologiques et proc\u00e9durales destin\u00e9es \u00e0 emp\u00eacher certaines combinaisons de donn\u00e9es. Par exemple, nous stockons les donn\u00e9es que nous recueillons aupr\u00e8s de vous lorsque vous n&rsquo;\u00eates pas authentifi\u00e9 (pas connect\u00e9) s\u00e9par\u00e9ment de toute information de compte qui vous identifie directement, comme votre nom, votre adresse \u00e9lectronique ou votre num\u00e9ro de t\u00e9l\u00e9phone.<\/p>\n<pre><strong><span style=\"font-family: arial, helvetica, sans-serif; font-size: 20px; color: #004c76;\">Sharing your information<\/span><\/strong><\/pre>\n<p>Nous partageons vos donn\u00e9es personnelles avec votre consentement ou si cela est n\u00e9cessaire pour mener \u00e0 bien toute transaction ou fournir tout service que vous avez demand\u00e9 ou autoris\u00e9. Par exemple, nous partageons votre contenu avec des tiers lorsque vous nous demandez de le faire. Lorsque vous fournissez des donn\u00e9es de paiement pour effectuer un achat, nous partageons ces donn\u00e9es avec des banques et d&rsquo;autres entit\u00e9s qui traitent les transactions de paiement ou fournissent d&rsquo;autres services financiers, ainsi qu&rsquo;\u00e0 des fins de pr\u00e9vention des fraudes et de r\u00e9duction des risques de cr\u00e9dit. En outre, nous partageons les donn\u00e9es personnelles entre les soci\u00e9t\u00e9s affili\u00e9es et les filiales que nous contr\u00f4lons. Nous partageons \u00e9galement des donn\u00e9es personnelles avec des vendeurs ou des agents travaillant pour notre compte aux fins d\u00e9crites dans la pr\u00e9sente d\u00e9claration. Par exemple, les entreprises que nous avons engag\u00e9es pour fournir un service d&rsquo;assistance \u00e0 la client\u00e8le ou pour aider \u00e0 prot\u00e9ger et \u00e0 s\u00e9curiser nos syst\u00e8mes et services peuvent avoir besoin d&rsquo;acc\u00e9der \u00e0 des donn\u00e9es \u00e0 caract\u00e8re personnel afin d&rsquo;assurer ces fonctions. Dans ce cas, ces soci\u00e9t\u00e9s doivent se conformer \u00e0 nos exigences en mati\u00e8re de confidentialit\u00e9 et de s\u00e9curit\u00e9 des donn\u00e9es et ne sont pas autoris\u00e9es \u00e0 utiliser les donn\u00e9es personnelles qu&rsquo;elles re\u00e7oivent de notre part \u00e0 d&rsquo;autres fins. Nous pouvons \u00e9galement divulguer des donn\u00e9es personnelles dans le cadre d&rsquo;une transaction d&rsquo;entreprise telle qu&rsquo;une fusion ou une vente d&rsquo;actifs.<\/p>\n<p>Courriel : <a href=\"mailto:info@demolink.org\">info@demolink.org<\/a><\/p>\n<p class=\"text-sm-left\"><strong>Derni\u00e8re mise \u00e0 jour :<\/strong><\/p>\n<pre><strong><span style=\"font-family: arial, helvetica, sans-serif; font-size: 20px; color: #004c76;\">What are cookies?<\/span><\/strong><\/pre>\n<p>Pour que ce site fonctionne correctement, nous pla\u00e7ons parfois de petits fichiers de donn\u00e9es appel\u00e9s cookies sur votre appareil. La plupart des grands sites web le font aussi.<\/p>\n<p>Un cookie est un petit fichier texte qu&rsquo;un site web enregistre sur votre ordinateur ou votre appareil mobile lorsque vous visitez le site. Il permet au site web de se souvenir de vos actions et de vos pr\u00e9f\u00e9rences (telles que la connexion, la langue, la taille de la police et d&rsquo;autres pr\u00e9f\u00e9rences d&rsquo;affichage) pendant un certain temps, afin que vous n&rsquo;ayez pas \u00e0 les saisir \u00e0 nouveau chaque fois que vous revenez sur le site ou que vous naviguez d&rsquo;une page \u00e0 l&rsquo;autre.<\/p>\n<pre><strong><span style=\"font-family: arial, helvetica, sans-serif; font-size: 20px; color: #004c76;\">Why do we use cookies?<\/span><\/strong><\/pre>\n<p>Nous utilisons des cookies de premi\u00e8re et de troisi\u00e8me parties pour plusieurs raisons. Certains cookies sont n\u00e9cessaires pour des raisons techniques afin que nos sites Web puissent fonctionner, et nous les appelons des cookies \u00a0\u00bb essentiels \u00a0\u00bb ou \u00a0\u00bb strictement n\u00e9cessaires \u00ab\u00a0. D&rsquo;autres cookies nous permettent \u00e9galement de suivre et de cibler les int\u00e9r\u00eats de nos utilisateurs afin d&rsquo;am\u00e9liorer leur exp\u00e9rience. Des tiers diffusent des cookies sur nos sites web \u00e0 des fins publicitaires, analytiques et autres.<\/p>\n<p>Nous pouvons \u00e9galement utiliser de petits \u00e9l\u00e9ments de code logiciel appel\u00e9s \u00ab\u00a0pixels invisibles\u00a0\u00bb ou \u00ab\u00a0pixels invisibles\u00a0\u00bb pour collecter des donn\u00e9es anonymes et globales sur la publicit\u00e9, telles que le nombre de pages consult\u00e9es, de promotions consult\u00e9es ou de r\u00e9ponses \u00e0 la publicit\u00e9. Une balise web est une image \u00e9lectronique, appel\u00e9e pixel unique ou GIF clair. Les balises web peuvent reconna\u00eetre certains types d&rsquo;informations sur l&rsquo;ordinateur de l&rsquo;utilisateur, comme le num\u00e9ro de cookie de l&rsquo;utilisateur, l&rsquo;heure et la date de consultation d&rsquo;une page, et la description de la page o\u00f9 la balise web est plac\u00e9e. Vous pouvez rendre certaines balises web inutilisables si vous choisissez de rejeter les cookies qui leur sont associ\u00e9s. Ces balises web peuvent \u00eatre utilis\u00e9es pour d\u00e9livrer des cookies conformes \u00e0 notre politique en mati\u00e8re de cookies.<\/p>\n<pre><span style=\"font-family: arial, helvetica, sans-serif; font-size: 20px; color: #004c76;\"><strong>How do we use cookies?<\/strong><\/span><\/pre>\n<p>[Adjust this part of the page according to your needs.]<\/p>\n<pre><strong><span style=\"font-family: arial, helvetica, sans-serif; font-size: 20px; color: #004c76;\">Cookies we use<\/span><\/strong><\/pre>\n<p>[Adjust this part of the page according to your needs.]<\/p>\n<pre><span style=\"color: #004c76;\"><strong><span style=\"font-family: arial, helvetica, sans-serif; font-size: 20px;\">How to control cookies?<\/span><\/strong><\/span><\/pre>\n<p>Vous pouvez contr\u00f4ler et\/ou supprimer les cookies comme vous le souhaitez &#8211; pour plus de d\u00e9tails, voir <a href=\"http:\/\/www.aboutcookies.org.uk\/\" target=\"blank\" rel=\"noopener\">http:\/\/www.aboutcookies.org.uk\/.<\/a> Vous pouvez supprimer tous les cookies qui se trouvent d\u00e9j\u00e0 sur votre ordinateur et vous pouvez param\u00e9trer la plupart des navigateurs pour qu&rsquo;ils ne soient pas plac\u00e9s. Toutefois, si vous le faites, il se peut que vous deviez ajuster manuellement certaines pr\u00e9f\u00e9rences chaque fois que vous visitez un site et que certains services et fonctionnalit\u00e9s ne fonctionnent pas. En outre, la plupart des r\u00e9seaux publicitaires vous offrent la possibilit\u00e9 de refuser les publicit\u00e9s cibl\u00e9es. Si vous souhaitez obtenir de plus amples informations, veuillez consulter le site <a href=\"http:\/\/www.aboutads.info\/choices\/\" target=\"blank\" rel=\"noopener\">http:\/\/www.aboutads.info\/choices\/<\/a> ou <a href=\"http:\/\/www.youronlinechoices.com\" target=\"blank\" rel=\"noopener\">http:\/\/www.youronlinechoices.com.<\/a> Sachez que si vous ne configurez pas votre navigateur, vous accepterez les cookies fournis par ce site web.<\/p>\n<pre><strong><span style=\"font-family: arial, helvetica, sans-serif; font-size: 20px; color: #004c76;\">Where can I get further information?<\/span><\/strong><\/pre>\n<p>Si vous souhaitez vous opposer \u00e0 l&rsquo;utilisation et \u00e0 la vente de vos informations personnelles, n&rsquo;h\u00e9sitez pas \u00e0 nous contacter via le <a href=\"..\/contact-us\/\" target=\"_blank\" rel=\"noopener\">formulaire de contact.<\/a><\/p>\n<pre><span style=\"color: #004c76; font-size: 20px;\"><strong><span style=\"font-family: arial, helvetica, sans-serif;\">Request personal data<\/span><\/strong><\/span><\/pre>\n<p>[wpgdprc_access_request_form]<\/p>\n<pre><span style=\"font-size: 20px; color: #004c76;\"><strong><span style=\"font-family: arial, helvetica, sans-serif;\">Google Analytics Opt-out<\/span><\/strong><\/span><\/pre>\n\n<pre><span style=\"font-size: 20px; color: #004c76;\"><strong><span style=\"font-family: arial, helvetica, sans-serif;\">Delete account<\/span><\/strong><\/span><\/pre>\n<p>[plugin_delete_me \/]<br \/>\nSi vous souhaitez vous opposer \u00e0 l&rsquo;utilisation et \u00e0 la vente de vos informations personnelles, n&rsquo;h\u00e9sitez pas \u00e0 nous contacter via le <a href=\"https:\/\/www.medisonics.com\/fr\/nous-contacter\/\">formulaire de contact<\/a>.[\/vc_column_text][\/vc_column][\/vc_row]<\/p>\n","protected":false},"excerpt":{"rendered":"<p>[vc_row][vc_column][vc_empty_space height=\u00a0\u00bb10px\u00a0\u00bb][vc_column_text] General Information Bienvenue sur notre page de politique de confidentialit\u00e9 ! Lorsque vous utilisez les services de notre site web, vous nous confiez vos informations. La pr\u00e9sente politique de confidentialit\u00e9 a pour but de vous aider \u00e0 comprendre quelles donn\u00e9es nous recueillons, pourquoi nous les recueillons et ce que nous en faisons. Lorsque [&hellip;]<\/p>\n","protected":false},"author":1,"featured_media":0,"parent":0,"menu_order":0,"comment_status":"closed","ping_status":"closed","template":"","meta":{"_monsterinsights_skip_tracking":false,"_monsterinsights_sitenote_active":false,"_monsterinsights_sitenote_note":"","_monsterinsights_sitenote_category":0,"footnotes":""},"jetpack_sharing_enabled":true,"_links":{"self":[{"href":"https:\/\/www.medisonics.com\/fr\/wp-json\/wp\/v2\/pages\/6075"}],"collection":[{"href":"https:\/\/www.medisonics.com\/fr\/wp-json\/wp\/v2\/pages"}],"about":[{"href":"https:\/\/www.medisonics.com\/fr\/wp-json\/wp\/v2\/types\/page"}],"author":[{"embeddable":true,"href":"https:\/\/www.medisonics.com\/fr\/wp-json\/wp\/v2\/users\/1"}],"replies":[{"embeddable":true,"href":"https:\/\/www.medisonics.com\/fr\/wp-json\/wp\/v2\/comments?post=6075"}],"version-history":[{"count":6,"href":"https:\/\/www.medisonics.com\/fr\/wp-json\/wp\/v2\/pages\/6075\/revisions"}],"predecessor-version":[{"id":7155,"href":"https:\/\/www.medisonics.com\/fr\/wp-json\/wp\/v2\/pages\/6075\/revisions\/7155"}],"wp:attachment":[{"href":"https:\/\/www.medisonics.com\/fr\/wp-json\/wp\/v2\/media?parent=6075"}],"curies":[{"name":"wp","href":"https:\/\/api.w.org\/{rel}","templated":true}]}}