{"id":6179,"date":"2022-05-27T09:12:30","date_gmt":"2022-05-27T09:12:30","guid":{"rendered":"https:\/\/www.medisonics.com\/404_meduse_30_eg\/"},"modified":"2022-08-01T06:25:49","modified_gmt":"2022-08-01T06:25:49","slug":"404_meduse_30_eg","status":"publish","type":"page","link":"https:\/\/www.medisonics.com\/fr\/404_meduse_30_eg\/","title":{"rendered":"404_meduse_30_eg"},"content":{"rendered":"<p>[vc_row][vc_column][vc_empty_space height=\u00a0\u00bb50&Prime;]\n\t\t\t<!-- START Home 404 REVOLUTION SLIDER 6.6.20 --><p class=\"rs-p-wp-fix\"><\/p>\n\t\t\t<rs-module-wrap id=\"rev_slider_54_1_wrapper\" data-source=\"gallery\" style=\"visibility:hidden;background:transparent;padding:0;margin:0px auto;margin-top:0;margin-bottom:0;\">\n\t\t\t\t<rs-module id=\"rev_slider_54_1\" style=\"\" data-version=\"6.6.20\">\n\t\t\t\t\t<rs-slides style=\"overflow: hidden; position: absolute;\">\n\t\t\t\t\t\t<rs-slide style=\"position: absolute;\" data-key=\"rs-85\" data-title=\"Slide\" data-anim=\"adpr:false;ms:50;\" data-in=\"o:0;\" data-out=\"a:false;\">\n\t\t\t\t\t\t\t<img decoding=\"async\" src=\"\/\/www.medisonics.com\/wp-content\/plugins\/revslider\/public\/assets\/assets\/dummy.png\" alt=\"Slide\" title=\"404_meduse_30_eg\" class=\"rev-slidebg tp-rs-img rs-lazyload\" data-lazyload=\"\/\/www.medisonics.com\/wp-content\/plugins\/revslider\/public\/assets\/assets\/transparent.png\" data-no-retina>\n<!--\n\t\t\t\t\t\t\t--><rs-layer\n\t\t\t\t\t\t\t\tid=\"slider-54-slide-85-layer-0\" \n\t\t\t\t\t\t\t\tdata-type=\"image\"\n\t\t\t\t\t\t\t\tdata-rsp_ch=\"on\"\n\t\t\t\t\t\t\t\tdata-xy=\"x:413px;\"\n\t\t\t\t\t\t\t\tdata-text=\"w:normal;\"\n\t\t\t\t\t\t\t\tdata-dim=\"w:450px;h:340px;\"\n\t\t\t\t\t\t\t\tdata-frame_999=\"o:0;st:w;\"\n\t\t\t\t\t\t\t\tstyle=\"z-index:5;\"\n\t\t\t\t\t\t\t><img decoding=\"async\" src=\"\/\/www.medisonics.com\/wp-content\/plugins\/revslider\/public\/assets\/assets\/dummy.png\" alt=\"\" class=\"tp-rs-img rs-lazyload\" width=\"439\" height=\"332\" data-lazyload=\"\/\/www.medisonics.com\/wp-content\/uploads\/2022\/05\/404-MedUSe-50-eg-.jpg\" data-no-retina> \n\t\t\t\t\t\t\t<\/rs-layer><!--\n-->\t\t\t\t\t\t<\/rs-slide>\n\t\t\t\t\t<\/rs-slides>\n\t\t\t\t<\/rs-module>\n\t\t\t\t<script>\n\t\t\t\t\tsetREVStartSize({c: 'rev_slider_54_1',rl:[1240,1024,778,480],el:[350],gw:[1240],gh:[350],type:'hero',justify:'',layout:'fullwidth',mh:\"0\"});if (window.RS_MODULES!==undefined && window.RS_MODULES.modules!==undefined && window.RS_MODULES.modules[\"revslider541\"]!==undefined) {window.RS_MODULES.modules[\"revslider541\"].once = false;window.revapi54 = undefined;if (window.RS_MODULES.checkMinimal!==undefined) window.RS_MODULES.checkMinimal()}\n\t\t\t\t<\/script>\n\t\t\t<\/rs-module-wrap>\n\t\t\t<!-- END REVOLUTION SLIDER -->\n[vc_empty_space height=\u00a0\u00bb10px\u00a0\u00bb][vc_column_text]<\/p>\n<pre><strong><span style=\"font-family: arial, helvetica, sans-serif; font-size: 24px; color: #000000;\">MedUSe 50-EG\n<\/span><span style=\"font-size: 16px; color: #808080;\"><span style=\"font-family: arial, helvetica, sans-serif;\">Ultrasonic cleaning equipment<\/span> <\/span><\/strong><\/pre>\n<hr>\n<h6><span style=\"font-family: arial, helvetica, sans-serif; font-size: 14px; color: #808080;\">L&rsquo;unit\u00e9 de nettoyage par ultrasons se compose d&rsquo;un syst\u00e8me \u00e0 ultrasons haute performance qui peut \u00eatre utilis\u00e9 sp\u00e9cifiquement pour une large gamme d&rsquo;applications dans les h\u00f4pitaux, les cabinets et les laboratoires. Gr\u00e2ce \u00e0 de nombreuses ann\u00e9es d&rsquo;exp\u00e9rience et de d\u00e9veloppement innovant, la s\u00e9rie MedUSe EG a \u00e9t\u00e9 con\u00e7ue comme une version d&rsquo;unit\u00e9 int\u00e9gr\u00e9e avec une technologie de pointe.<\/span><\/h6>\n<h6><span style=\"font-size: 14px; color: #808080;\">L&rsquo;\u00e9cran tactile 5\u00a0\u00bb permet la programmation de diff\u00e9rents processus de nettoyage, ce qui permet une qualit\u00e9 de nettoyage efficace et constante. Le syst\u00e8me est con\u00e7u avec la derni\u00e8re technologie ultrasonique et apporte une puissance ultrasonique \u00e9lev\u00e9e allant jusqu&rsquo;\u00e0 20W\/litre.<\/span><\/h6>\n<h6><\/h6>\n<h6><strong><br \/>\n  <span style=\"font-family: arial, helvetica, sans-serif; font-size: 14px; color: #000000;\">Manipulation facile<br \/>\n<\/span><br \/>\n<\/strong><span style=\"font-family: arial, helvetica, sans-serif; font-size: 14px; color: #808080;\">&lsquo; Permet une utilisation \u00e9conomique des m\u00e9dias, des d\u00e9tergents et des d\u00e9sinfectants.<br \/>\n<\/span><span style=\"font-family: arial, helvetica, sans-serif; font-size: 14px; color: #808080;\">&lsquo; Action ultrasonique homog\u00e8ne et efficace et d\u00e9tachement des contaminants.<br \/>\n<\/span><span style=\"font-family: arial, helvetica, sans-serif; font-size: 14px; color: #808080;\">&lsquo; Processus continus avec des r\u00e9sultats d&rsquo;excellente qualit\u00e9 Caract\u00e9ristiques du syst\u00e8me telles que : Puissance ultrasonique, d\u00e9gazage, balayage, dur\u00e9e du processus.<br \/>\n<\/span><span style=\"font-family: arial, helvetica, sans-serif; font-size: 14px; color: #808080;\">Panneau tactile de 5\u00a0\u00bb pour les processus horizontaux programmables individuellement.<br \/>\n<\/span><span style=\"font-family: arial, helvetica, sans-serif; font-size: 14px; color: #808080;\">&lsquo; Mots de passe pour l&rsquo;op\u00e9rateur et le superviseur<br \/>\n<\/span><span style=\"font-family: arial, helvetica, sans-serif; font-size: 14px; color: #808080;\">Couverture faite de temp. verre avec charni\u00e8res \u00e0 friction<br \/>\n<\/span><span style=\"font-family: arial, helvetica, sans-serif; font-size: 14px; color: #808080;\">&lsquo; Poign\u00e9e tournante lat\u00e9rale pour l&rsquo;\u00e9vacuation des fluides<br \/>\n<\/span><span style=\"font-family: arial, helvetica, sans-serif; font-size: 14px; color: #808080;\">&lsquo; Sondage de fond avec 20 transducteurs<br \/>\n<\/span><span style=\"font-family: arial, helvetica, sans-serif; font-size: 14px; color: #808080;\">L&rsquo;eau du couvercle retourne dans le r\u00e9servoir lorsqu&rsquo;il est ouvert.<br \/>\n<\/span><\/h6>\n<p>[\/vc_column_text][\/vc_column][\/vc_row][vc_row][vc_column][vc_column_text]<\/p>\n<h6><span style=\"font-family: arial, helvetica, sans-serif; font-size: 10px; color: #808080;\">Les mesures peuvent \u00eatre modifi\u00e9es sans pr\u00e9avis !<\/span><\/h6>\n<p>[\/vc_column_text][\/vc_column][\/vc_row]<\/p>\n","protected":false},"excerpt":{"rendered":"<p>[vc_row][vc_column][vc_empty_space height=\u00a0\u00bb50&Prime;][vc_empty_space height=\u00a0\u00bb10px\u00a0\u00bb][vc_column_text] MedUSe 50-EG Ultrasonic cleaning equipment L&rsquo;unit\u00e9 de nettoyage par ultrasons se compose d&rsquo;un syst\u00e8me \u00e0 ultrasons haute performance qui peut \u00eatre utilis\u00e9 sp\u00e9cifiquement pour une large gamme d&rsquo;applications dans les h\u00f4pitaux, les cabinets et les laboratoires. Gr\u00e2ce \u00e0 de nombreuses ann\u00e9es d&rsquo;exp\u00e9rience et de d\u00e9veloppement innovant, la s\u00e9rie MedUSe EG a \u00e9t\u00e9 [&hellip;]<\/p>\n","protected":false},"author":1,"featured_media":0,"parent":0,"menu_order":0,"comment_status":"closed","ping_status":"closed","template":"","meta":{"_monsterinsights_skip_tracking":false,"_monsterinsights_sitenote_active":false,"_monsterinsights_sitenote_note":"","_monsterinsights_sitenote_category":0,"footnotes":""},"jetpack_sharing_enabled":true,"_links":{"self":[{"href":"https:\/\/www.medisonics.com\/fr\/wp-json\/wp\/v2\/pages\/6179"}],"collection":[{"href":"https:\/\/www.medisonics.com\/fr\/wp-json\/wp\/v2\/pages"}],"about":[{"href":"https:\/\/www.medisonics.com\/fr\/wp-json\/wp\/v2\/types\/page"}],"author":[{"embeddable":true,"href":"https:\/\/www.medisonics.com\/fr\/wp-json\/wp\/v2\/users\/1"}],"replies":[{"embeddable":true,"href":"https:\/\/www.medisonics.com\/fr\/wp-json\/wp\/v2\/comments?post=6179"}],"version-history":[{"count":15,"href":"https:\/\/www.medisonics.com\/fr\/wp-json\/wp\/v2\/pages\/6179\/revisions"}],"predecessor-version":[{"id":7759,"href":"https:\/\/www.medisonics.com\/fr\/wp-json\/wp\/v2\/pages\/6179\/revisions\/7759"}],"wp:attachment":[{"href":"https:\/\/www.medisonics.com\/fr\/wp-json\/wp\/v2\/media?parent=6179"}],"curies":[{"name":"wp","href":"https:\/\/api.w.org\/{rel}","templated":true}]}}