{"id":6231,"date":"2022-05-17T14:34:40","date_gmt":"2022-05-17T14:34:40","guid":{"rendered":"https:\/\/www.medisonics.com\/506_meduse_150_7ak\/"},"modified":"2022-07-28T08:25:47","modified_gmt":"2022-07-28T08:25:47","slug":"506_meduse_150_7ak","status":"publish","type":"page","link":"https:\/\/www.medisonics.com\/fr\/506_meduse_150_7ak\/","title":{"rendered":"506_meduse_150_7ak"},"content":{"rendered":"<p>[vc_row][vc_column]\n\t\t\t<!-- START Home 500_6 REVOLUTION SLIDER 6.6.20 --><p class=\"rs-p-wp-fix\"><\/p>\n\t\t\t<rs-module-wrap id=\"rev_slider_41_1_wrapper\" data-source=\"gallery\" style=\"visibility:hidden;background:transparent;padding:0;margin:0px auto;margin-top:0;margin-bottom:0;\">\n\t\t\t\t<rs-module id=\"rev_slider_41_1\" style=\"\" data-version=\"6.6.20\">\n\t\t\t\t\t<rs-slides style=\"overflow: hidden; position: absolute;\">\n\t\t\t\t\t\t<rs-slide style=\"position: absolute;\" data-key=\"rs-72\" data-title=\"Slide\" data-anim=\"adpr:false;\" data-in=\"o:0;\" data-out=\"a:false;\">\n\t\t\t\t\t\t\t<img decoding=\"async\" src=\"\/\/www.medisonics.com\/wp-content\/plugins\/revslider\/public\/assets\/assets\/dummy.png\" alt=\"Slide\" title=\"506_meduse_150_7ak\" class=\"rev-slidebg tp-rs-img rs-lazyload\" data-lazyload=\"\/\/www.medisonics.com\/wp-content\/plugins\/revslider\/public\/assets\/assets\/transparent.png\" data-no-retina>\n<!--\n\t\t\t\t\t\t\t--><rs-layer\n\t\t\t\t\t\t\t\tid=\"slider-41-slide-72-layer-0\" \n\t\t\t\t\t\t\t\tclass=\"rs-fsv rs-layer-video intrinsic-ignore\"\n\t\t\t\t\t\t\t\tdata-type=\"video\"\n\t\t\t\t\t\t\t\tdata-rsp_ch=\"on\"\n\t\t\t\t\t\t\t\tdata-xy=\"x:0;y:0;\"\n\t\t\t\t\t\t\t\tdata-text=\"w:normal;\"\n\t\t\t\t\t\t\t\tdata-dim=\"w:100%;h:100%;\"\n\t\t\t\t\t\t\t\tdata-basealign=\"slide\"\n\t\t\t\t\t\t\t\tdata-video=\"vfc:true;twa:false;vd:100;rwd:f;fc:true;l:true;ptimer:false;nse:f;sav:f;afs:f;vc:t;inl:f;\"\n\t\t\t\t\t\t\t\tdata-poster=\"\/\/www.medisonics.com\/wp-content\/uploads\/revslider\/video-media\/500_6_72_layer.jpeg\"\n\t\t\t\t\t\t\t\tdata-mp4=\"\/\/www.medisonics.com\/wp-content\/uploads\/2022\/05\/500_6.mp4\"\n\t\t\t\t\t\t\t\tdata-frame_1=\"sp:50;\"\n\t\t\t\t\t\t\t\tdata-frame_999=\"o:0;st:w;sR:8950;\"\n\t\t\t\t\t\t\t\tstyle=\"z-index:8;\"\n\t\t\t\t\t\t\t>\n\t\t\t\t\t\t\t<\/rs-layer><!--\n-->\t\t\t\t\t\t<\/rs-slide>\n\t\t\t\t\t<\/rs-slides>\n\t\t\t\t<\/rs-module>\n\t\t\t\t<script>\n\t\t\t\t\tsetREVStartSize({c: 'rev_slider_41_1',rl:[1240,1024,778,480],el:[650],gw:[1180],gh:[650],type:'hero',justify:'',layout:'fullwidth',mh:\"0\"});if (window.RS_MODULES!==undefined && window.RS_MODULES.modules!==undefined && window.RS_MODULES.modules[\"revslider411\"]!==undefined) {window.RS_MODULES.modules[\"revslider411\"].once = false;window.revapi41 = undefined;if (window.RS_MODULES.checkMinimal!==undefined) window.RS_MODULES.checkMinimal()}\n\t\t\t\t<\/script>\n\t\t\t<\/rs-module-wrap>\n\t\t\t<!-- END REVOLUTION SLIDER -->\n[vc_empty_space height=\u00a0\u00bb10px\u00a0\u00bb][vc_column_text]<\/p>\n<pre><strong><span style=\"font-family: arial, helvetica, sans-serif; font-size: 24px;\">MedUSe 150-7AK\n<\/span><\/strong><span style=\"font-size: 16px; color: #808080;\"><strong><span style=\"font-family: arial, helvetica, sans-serif;\">U<\/span><\/strong><strong><span style=\"font-family: arial, helvetica, sans-serif;\">ltrasonic cleaning system for industry<\/span><\/strong><\/span><\/pre>\n<hr>\n<h6><span style=\"font-family: arial, helvetica, sans-serif; font-size: 14px; color: #808080;\">Le MedUSe 150-7AK est un syst\u00e8me de nettoyage con\u00e7u pour diverses applications dans l&rsquo;industrie. Cette machine se caract\u00e9rise par sa haute qualit\u00e9, sa capacit\u00e9 de production et sa solution flexible pour le nettoyage par ultrasons efficace de pi\u00e8ces individuelles, de pi\u00e8ces de grande valeur dans des supports ou des mat\u00e9riaux en vrac. Le robot de transport peut supporter un poids de 100 kg. Cette conception permet de travailler m\u00eame dans des salles propres et ultra-propres, jusqu&rsquo;\u00e0 une classe de salle blanche de 100.<\/span><\/h6>\n<h6><span style=\"font-family: arial, helvetica, sans-serif; font-size: 14px; color: #808080;\">L&rsquo;alimentation est enti\u00e8rement automatique et permet un d\u00e9bit de lots tr\u00e8s important. Le syst\u00e8me de traitement de l&rsquo;eau permet un pr\u00e9traitement de l&rsquo;eau o\u00f6logiquement parfait pour les diff\u00e9rents bains d&rsquo;immersion.Technologie : Syst\u00e8me de traitement de l&rsquo;eau, Syst\u00e8me de contr\u00f4le visualis\u00e9, Assemblages modulaires, Machine de chargement et de d\u00e9chargement, Syst\u00e8me de r\u00e9g\u00e9n\u00e9ration de l&rsquo;eau sale, Syst\u00e8me de s\u00e9chage, Unit\u00e9 de conditionnement dans des conditions de salle blanche, Hottes d&rsquo;encapsulation avec syst\u00e8me de ventilation, Syst\u00e8me de contr\u00f4le.<\/span><\/h6>\n<h6><span style=\"font-family: arial, helvetica, sans-serif; font-size: 14px; color: #808080;\">Le syst\u00e8me de contr\u00f4le visualis\u00e9 permet de programmer librement les diff\u00e9rents processus de nettoyage. Le d\u00e9veloppement de ce syst\u00e8me est prot\u00e9g\u00e9 par la loi suisse sur le droit d&rsquo;auteur (URG) SR231.1 de 1992 (r\u00e9v. 2008).<\/span><\/h6>\n<p>[\/vc_column_text][\/vc_column][\/vc_row][vc_row][vc_column][vc_column_text]<\/p>\n<h6><span style=\"font-family: arial, helvetica, sans-serif; font-size: 10px; color: #808080;\">Les mesures peuvent \u00eatre modifi\u00e9es sans pr\u00e9avis !<\/span><\/h6>\n<p>[\/vc_column_text][\/vc_column][\/vc_row][vc_row][vc_column][vc_empty_space height=\u00a0\u00bb100px\u00a0\u00bb][\/vc_column][\/vc_row]<\/p>\n","protected":false},"excerpt":{"rendered":"<p>[vc_row][vc_column][vc_empty_space height=\u00a0\u00bb10px\u00a0\u00bb][vc_column_text] MedUSe 150-7AK Ultrasonic cleaning system for industry Le MedUSe 150-7AK est un syst\u00e8me de nettoyage con\u00e7u pour diverses applications dans l&rsquo;industrie. Cette machine se caract\u00e9rise par sa haute qualit\u00e9, sa capacit\u00e9 de production et sa solution flexible pour le nettoyage par ultrasons efficace de pi\u00e8ces individuelles, de pi\u00e8ces de grande valeur dans des [&hellip;]<\/p>\n","protected":false},"author":1,"featured_media":0,"parent":0,"menu_order":0,"comment_status":"closed","ping_status":"closed","template":"","meta":{"_monsterinsights_skip_tracking":false,"_monsterinsights_sitenote_active":false,"_monsterinsights_sitenote_note":"","_monsterinsights_sitenote_category":0,"footnotes":""},"jetpack_sharing_enabled":true,"_links":{"self":[{"href":"https:\/\/www.medisonics.com\/fr\/wp-json\/wp\/v2\/pages\/6231"}],"collection":[{"href":"https:\/\/www.medisonics.com\/fr\/wp-json\/wp\/v2\/pages"}],"about":[{"href":"https:\/\/www.medisonics.com\/fr\/wp-json\/wp\/v2\/types\/page"}],"author":[{"embeddable":true,"href":"https:\/\/www.medisonics.com\/fr\/wp-json\/wp\/v2\/users\/1"}],"replies":[{"embeddable":true,"href":"https:\/\/www.medisonics.com\/fr\/wp-json\/wp\/v2\/comments?post=6231"}],"version-history":[{"count":3,"href":"https:\/\/www.medisonics.com\/fr\/wp-json\/wp\/v2\/pages\/6231\/revisions"}],"predecessor-version":[{"id":7139,"href":"https:\/\/www.medisonics.com\/fr\/wp-json\/wp\/v2\/pages\/6231\/revisions\/7139"}],"wp:attachment":[{"href":"https:\/\/www.medisonics.com\/fr\/wp-json\/wp\/v2\/media?parent=6231"}],"curies":[{"name":"wp","href":"https:\/\/api.w.org\/{rel}","templated":true}]}}