{"id":6253,"date":"2022-05-17T14:49:01","date_gmt":"2022-05-17T14:49:01","guid":{"rendered":"https:\/\/www.medisonics.com\/601_meduse_medical\/"},"modified":"2022-08-01T06:25:49","modified_gmt":"2022-08-01T06:25:49","slug":"601_meduse_medical","status":"publish","type":"page","link":"https:\/\/www.medisonics.com\/fr\/601_meduse_medical\/","title":{"rendered":"601_meduse_m\u00e9dical"},"content":{"rendered":"<p>[vc_row][vc_column]\n\t\t\t<!-- START Home 101 REVOLUTION SLIDER 6.6.20 --><p class=\"rs-p-wp-fix\"><\/p>\n\t\t\t<rs-module-wrap id=\"rev_slider_16_1_wrapper\" data-source=\"gallery\" style=\"visibility:hidden;background:transparent;padding:0;margin:0px auto;margin-top:0;margin-bottom:0;\">\n\t\t\t\t<rs-module id=\"rev_slider_16_1\" style=\"\" data-version=\"6.6.20\">\n\t\t\t\t\t<rs-slides style=\"overflow: hidden; position: absolute;\">\n\t\t\t\t\t\t<rs-slide style=\"position: absolute;\" data-key=\"rs-42\" data-title=\"Slide\" data-anim=\"adpr:false;\" data-in=\"o:0;\" data-out=\"a:false;\">\n\t\t\t\t\t\t\t<img decoding=\"async\" src=\"\/\/www.medisonics.com\/wp-content\/plugins\/revslider\/public\/assets\/assets\/dummy.png\" alt=\"Slide\" class=\"rev-slidebg tp-rs-img rs-lazyload\" data-lazyload=\"\/\/www.medisonics.com\/wp-content\/plugins\/revslider\/public\/assets\/assets\/transparent.png\" data-no-retina>\n<!--\n\t\t\t\t\t\t\t--><rs-layer\n\t\t\t\t\t\t\t\tid=\"slider-16-slide-42-layer-0\" \n\t\t\t\t\t\t\t\tclass=\"rs-nolc rs-layer-video intrinsic-ignore\"\n\t\t\t\t\t\t\t\tdata-type=\"video\"\n\t\t\t\t\t\t\t\tdata-rsp_ch=\"on\"\n\t\t\t\t\t\t\t\tdata-text=\"w:normal;\"\n\t\t\t\t\t\t\t\tdata-dim=\"w:100%;h:100%;\"\n\t\t\t\t\t\t\t\tdata-basealign=\"slide\"\n\t\t\t\t\t\t\t\tdata-video=\"vfc:true;twa:false;vd:100;rwd:f;l:true;ptimer:false;nse:f;sav:f;afs:f;inl:f;\"\n\t\t\t\t\t\t\t\tdata-poster=\"\/\/www.medisonics.com\/wp-content\/uploads\/revslider\/video-media\/100_1-3_42_layer.jpeg\"\n\t\t\t\t\t\t\t\tdata-mp4=\"\/\/www.medisonics.com\/wp-content\/uploads\/2022\/05\/100_1-3.mp4\"\n\t\t\t\t\t\t\t\tdata-frame_1=\"sp:50;\"\n\t\t\t\t\t\t\t\tdata-frame_999=\"o:0;st:w;sR:8950;\"\n\t\t\t\t\t\t\t\tstyle=\"z-index:5;\"\n\t\t\t\t\t\t\t>\n\t\t\t\t\t\t\t<\/rs-layer><!--\n-->\t\t\t\t\t\t<\/rs-slide>\n\t\t\t\t\t<\/rs-slides>\n\t\t\t\t<\/rs-module>\n\t\t\t\t<script>\n\t\t\t\t\tsetREVStartSize({c: 'rev_slider_16_1',rl:[1240,1024,778,480],el:[650],gw:[1240],gh:[650],type:'hero',justify:'',layout:'fullwidth',mh:\"0\"});if (window.RS_MODULES!==undefined && window.RS_MODULES.modules!==undefined && window.RS_MODULES.modules[\"revslider161\"]!==undefined) {window.RS_MODULES.modules[\"revslider161\"].once = false;window.revapi16 = undefined;if (window.RS_MODULES.checkMinimal!==undefined) window.RS_MODULES.checkMinimal()}\n\t\t\t\t<\/script>\n\t\t\t<\/rs-module-wrap>\n\t\t\t<!-- END REVOLUTION SLIDER -->\n[vc_empty_space height=\u00a0\u00bb10px\u00a0\u00bb][vc_column_text]<\/p>\n<pre><strong><span style=\"font-family: arial, helvetica, sans-serif; font-size: 24px;\">MedUSe DetMed<\/span>\n<span style=\"font-family: arial, helvetica, sans-serif; font-size: 16px; color: #808080;\">For ultrasonic cleaning of medical products<\/span><\/strong><\/pre>\n<hr>\n<h6><span style=\"font-family: arial, helvetica, sans-serif; color: #808080; font-size: 14px;\">Dans l&rsquo;industrie, en fonction de la zone de travail, des r\u00e8gles d&rsquo;hygi\u00e8ne pour le nettoyage s&rsquo;appliquent \u00e9galement. La majorit\u00e9 des produits de nettoyage professionnels pour les besoins industriels sont disponibles sous forme liquide.<br \/>\nCertains concentr\u00e9s sont dos\u00e9s avec pr\u00e9cision directement avant d&rsquo;\u00eatre utilis\u00e9s pour le nettoyage, tandis que d&rsquo;autres sont d\u00e9j\u00e0 propos\u00e9s par les fabricants dans le bon rapport de m\u00e9lange.<\/span><\/h6>\n<h6><span style=\"font-family: arial, helvetica, sans-serif; font-size: 14px; color: #808080;\">Parmi les agents de nettoyage importants dans l&rsquo;industrie figurent les nettoyeurs de pi\u00e8ces contenant des agents d\u00e9graissants. Pour garantir que les produits sont pr\u00eats pour le march\u00e9, nous travaillons en \u00e9troite collaboration avec des laboratoires d&rsquo;essai reconnus et avec les fabricants.<\/span><\/h6>\n<h6><span style=\"font-family: arial, helvetica, sans-serif; color: #808080; font-size: 14px;\">Ainsi, nos affirmations sur les performances des produits sont toujours bas\u00e9es sur une exp\u00e9rience et des produits bien fond\u00e9s. Cela donne \u00e0 l&rsquo;utilisateur de nos produits la s\u00e9curit\u00e9 souhait\u00e9e dans la phase de pr\u00e9-nettoyage.<\/span><\/h6>\n<h6><span style=\"font-family: arial, helvetica, sans-serif; font-size: 14px; color: #808080;\">Assistance et conseil &#8211; nos points forts Elaboration et optimisation des proc\u00e9dures de nettoyage par ultrasons en combinaison avec les \u00e9quipements MediSonics et les technologies ultrasoniques. La r\u00e9alisation d&rsquo;analyses d&rsquo;eau et de surface ainsi que les validations, l&rsquo;animation de formations sur les produits et les applications, le soutien aux essais de type et aux validations de processus, sont tous r\u00e9alis\u00e9s sp\u00e9cifiquement par nos sp\u00e9cialistes.<\/span><\/h6>\n<p><span style=\"font-size: 20px; color: #000000;\"><span style=\"font-size: 16px;\">D\u00e9tergent m\u00e9dical<\/span><br \/>\n<\/span><\/p>\n<h6><span style=\"font-family: arial, helvetica, sans-serif; font-size: 14px; color: #808080;\">\n<table id=\"tablepress-12\" class=\"tablepress tablepress-id-12\">\n<thead>\n<tr class=\"row-1 odd\">\n\t<th class=\"column-1\">Designation\/type<\/th><th class=\"column-2\">Application<\/th><th class=\"column-3\">Dilution\/Vol. %<\/th><th class=\"column-4\">pH-value<\/th><th class=\"column-5\">Liquid\/Powder<\/th><th class=\"column-6\">Corrosion protection<\/th><th class=\"column-7\">Article no:<\/th>\n<\/tr>\n<\/thead>\n<tbody class=\"row-hover\">\n<tr class=\"row-2 even\">\n\t<td class=\"column-1\">DetMed 100<\/td><td class=\"column-2\">neodisher Mediclean Forte<\/td><td class=\"column-3\">0,1 - 1<\/td><td class=\"column-4\">10,1<\/td><td class=\"column-5\">F<\/td><td class=\"column-6\">x<\/td><td class=\"column-7\">DetMed 100-101<\/td>\n<\/tr>\n<tr class=\"row-3 odd\">\n\t<td class=\"column-1\">DetMed 200<\/td><td class=\"column-2\">neodisher Septo Pre Clean<\/td><td class=\"column-3\">1 - 10<\/td><td class=\"column-4\">9,4<\/td><td class=\"column-5\">F<\/td><td class=\"column-6\">x<\/td><td class=\"column-7\">DetMed 200-201<\/td>\n<\/tr>\n<tr class=\"row-4 even\">\n\t<td class=\"column-1\">DetMed 300<\/td><td class=\"column-2\">neodisher Mediclean Advanced<\/td><td class=\"column-3\">0,1 - 1<\/td><td class=\"column-4\">10,6<\/td><td class=\"column-5\">F<\/td><td class=\"column-6\">x<\/td><td class=\"column-7\">DetMed 300-301<\/td>\n<\/tr>\n<\/tbody>\n<\/table>\n<!-- #tablepress-12 from cache --><\/span><\/h6>\n<h6><span style=\"font-family: arial, helvetica, sans-serif; font-size: 14px; color: #808080;\"><span style=\"font-size: 20px; color: #000000;\"> <\/span><\/span><\/h6>\n<p>[\/vc_column_text][\/vc_column][\/vc_row][vc_row][vc_column][vc_empty_space height=\u00a0\u00bb18px\u00a0\u00bb][\/vc_column][\/vc_row]<\/p>\n","protected":false},"excerpt":{"rendered":"<p>[vc_row][vc_column][vc_empty_space height=\u00a0\u00bb10px\u00a0\u00bb][vc_column_text] MedUSe DetMed For ultrasonic cleaning of medical products Dans l&rsquo;industrie, en fonction de la zone de travail, des r\u00e8gles d&rsquo;hygi\u00e8ne pour le nettoyage s&rsquo;appliquent \u00e9galement. La majorit\u00e9 des produits de nettoyage professionnels pour les besoins industriels sont disponibles sous forme liquide. Certains concentr\u00e9s sont dos\u00e9s avec pr\u00e9cision directement avant d&rsquo;\u00eatre utilis\u00e9s pour le [&hellip;]<\/p>\n","protected":false},"author":1,"featured_media":0,"parent":0,"menu_order":0,"comment_status":"closed","ping_status":"closed","template":"","meta":{"_monsterinsights_skip_tracking":false,"_monsterinsights_sitenote_active":false,"_monsterinsights_sitenote_note":"","_monsterinsights_sitenote_category":0,"footnotes":""},"jetpack_sharing_enabled":true,"_links":{"self":[{"href":"https:\/\/www.medisonics.com\/fr\/wp-json\/wp\/v2\/pages\/6253"}],"collection":[{"href":"https:\/\/www.medisonics.com\/fr\/wp-json\/wp\/v2\/pages"}],"about":[{"href":"https:\/\/www.medisonics.com\/fr\/wp-json\/wp\/v2\/types\/page"}],"author":[{"embeddable":true,"href":"https:\/\/www.medisonics.com\/fr\/wp-json\/wp\/v2\/users\/1"}],"replies":[{"embeddable":true,"href":"https:\/\/www.medisonics.com\/fr\/wp-json\/wp\/v2\/comments?post=6253"}],"version-history":[{"count":15,"href":"https:\/\/www.medisonics.com\/fr\/wp-json\/wp\/v2\/pages\/6253\/revisions"}],"predecessor-version":[{"id":7775,"href":"https:\/\/www.medisonics.com\/fr\/wp-json\/wp\/v2\/pages\/6253\/revisions\/7775"}],"wp:attachment":[{"href":"https:\/\/www.medisonics.com\/fr\/wp-json\/wp\/v2\/media?parent=6253"}],"curies":[{"name":"wp","href":"https:\/\/api.w.org\/{rel}","templated":true}]}}