{"id":10037,"date":"2022-05-17T11:21:56","date_gmt":"2022-05-17T11:21:56","guid":{"rendered":"https:\/\/www.medisonics.com\/202_ultraschall_kavitation\/"},"modified":"2023-01-30T14:45:09","modified_gmt":"2023-01-30T14:45:09","slug":"202_ultraschall_kavitation","status":"publish","type":"page","link":"https:\/\/www.medisonics.com\/pt-br\/202_ultraschall_kavitation\/","title":{"rendered":"202_Ultraschall_Kavitation"},"content":{"rendered":"<p>[vc_row][vc_column]\n\t\t\t<!-- START Home 200_2 REVOLUTION SLIDER 6.6.20 --><p class=\"rs-p-wp-fix\"><\/p>\n\t\t\t<rs-module-wrap id=\"rev_slider_18_1_wrapper\" data-source=\"gallery\" style=\"visibility:hidden;background:transparent;padding:0;margin:0px auto;margin-top:0;margin-bottom:0;\">\n\t\t\t\t<rs-module id=\"rev_slider_18_1\" style=\"\" data-version=\"6.6.20\">\n\t\t\t\t\t<rs-slides style=\"overflow: hidden; position: absolute;\">\n\t\t\t\t\t\t<rs-slide style=\"position: absolute;\" data-key=\"rs-44\" data-title=\"Slide\" data-anim=\"adpr:false;ms:50;\" data-in=\"o:0;\" data-out=\"a:false;\">\n\t\t\t\t\t\t\t<img decoding=\"async\" src=\"\/\/www.medisonics.com\/wp-content\/plugins\/revslider\/public\/assets\/assets\/dummy.png\" alt=\"Slide\" class=\"rev-slidebg tp-rs-img rs-lazyload\" data-lazyload=\"\/\/www.medisonics.com\/wp-content\/plugins\/revslider\/public\/assets\/assets\/transparent.png\" data-no-retina>\n<!--\n\t\t\t\t\t\t\t--><rs-layer\n\t\t\t\t\t\t\t\tid=\"slider-18-slide-44-layer-0\" \n\t\t\t\t\t\t\t\tclass=\"rs-fsv rs-nolc rs-layer-video intrinsic-ignore\"\n\t\t\t\t\t\t\t\tdata-type=\"video\"\n\t\t\t\t\t\t\t\tdata-rsp_ch=\"on\"\n\t\t\t\t\t\t\t\tdata-xy=\"x:0;y:0;\"\n\t\t\t\t\t\t\t\tdata-text=\"w:normal;\"\n\t\t\t\t\t\t\t\tdata-dim=\"w:100%;h:100%;\"\n\t\t\t\t\t\t\t\tdata-basealign=\"slide\"\n\t\t\t\t\t\t\t\tdata-layeronlimit=\"on\"\n\t\t\t\t\t\t\t\tdata-video=\"vfc:true;twa:false;vd:100;rwd:f;fc:true;ar:4:3;l:true;ptimer:false;nse:f;sav:f;afs:f;vc:t;inl:f;\"\n\t\t\t\t\t\t\t\tdata-poster=\"\/\/www.medisonics.com\/wp-content\/uploads\/revslider\/video-media\/202_2_44_layer1.jpeg\"\n\t\t\t\t\t\t\t\tdata-mp4=\"\/\/www.medisonics.com\/wp-content\/uploads\/2022\/05\/202_2.mp4\"\n\t\t\t\t\t\t\t\tdata-frame_1=\"sp:50;\"\n\t\t\t\t\t\t\t\tdata-frame_999=\"o:0;st:w;sR:8950;\"\n\t\t\t\t\t\t\t\tstyle=\"z-index:8;\"\n\t\t\t\t\t\t\t>\n\t\t\t\t\t\t\t<\/rs-layer><!--\n-->\t\t\t\t\t\t<\/rs-slide>\n\t\t\t\t\t<\/rs-slides>\n\t\t\t\t<\/rs-module>\n\t\t\t\t<script>\n\t\t\t\t\tsetREVStartSize({c: 'rev_slider_18_1',rl:[1240,1024,778,480],el:[650],gw:[1240],gh:[650],type:'hero',justify:'',layout:'fullwidth',mh:\"0\"});if (window.RS_MODULES!==undefined && window.RS_MODULES.modules!==undefined && window.RS_MODULES.modules[\"revslider181\"]!==undefined) {window.RS_MODULES.modules[\"revslider181\"].once = false;window.revapi18 = undefined;if (window.RS_MODULES.checkMinimal!==undefined) window.RS_MODULES.checkMinimal()}\n\t\t\t\t<\/script>\n\t\t\t<\/rs-module-wrap>\n\t\t\t<!-- END REVOLUTION SLIDER -->\n[vc_empty_space height=&#8221;10px&#8221;][vc_empty_space height=&#8221;10px&#8221;][vc_column_text]<\/p>\n<h6><span style=\"color: #000000; font-size: 24px;\"><strong><span style=\"font-family: arial, helvetica, sans-serif;\">Cavita\u00e7\u00e3o<\/span><\/strong><\/span><\/h6>\n<hr \/>\n<h6><span style=\"font-family: arial, helvetica, sans-serif; font-size: 14px; color: #808080;\">Um fen\u00f3meno natural a 500\u00b0C e 500 bar de press\u00e3o!<\/span><\/h6>\n<h6><span style=\"font-family: arial, helvetica, sans-serif; font-size: 14px; color: #808080;\">A limpeza por ultra-sons \u00e9 o m\u00e9todo de limpeza mais moderno da atualidade. As vantagens especiais s\u00e3o a maior limpeza das pe\u00e7as a serem limpas em tempo mais curto, sem trabalho manual adicional e sem danos do material de limpeza.<\/span><\/h6>\n<h6><span style=\"font-family: arial, helvetica, sans-serif; font-size: 14px; color: #808080;\">O efeito de limpeza profunda dos sistemas ultra-sonicos MediSonics n\u00e3o pode ser alcan\u00e7ado por m\u00e9todos convencionais. Mesmo a sujidade teimosa em furos e cavidades \u00e9 removida em segundos durante o tratamento com ultra-sons O princ\u00edpio ativo da limpeza ultra-sonica \u00e9 a cavita\u00e7\u00e3o. Cavita\u00e7\u00e3o \u00e9 a forma\u00e7\u00e3o e dissolu\u00e7\u00e3o de cavidades em l\u00edquidos devido a flutua\u00e7\u00f5es de press\u00e3o.<\/span><\/h6>\n<h6><span style=\"font-family: arial, helvetica, sans-serif; font-size: 14px; color: #808080;\">A cavita\u00e7\u00e3o suave \u00e9 indesej\u00e1vel na limpeza ultra-sonica, por isso o l\u00edquido \u00e9 frequentemente desgaseificado com um programa especial de desgaseifica\u00e7\u00e3o do sistema ultra-sonico antes do processo de limpeza. A energia el\u00e9trica assim obtida \u00e9 alimentada para o transdutor atrav\u00e9s de uma linha blindada. O transdutor converte esta energia el\u00e9trica em vibra\u00e7\u00f5es mec\u00e2nicas de som.<\/span><\/h6>\n<h6><span style=\"font-family: arial, helvetica, sans-serif; font-size: 14px; color: #808080;\">Estas vibra\u00e7\u00f5es sonoras criam alternadamente uma sobrepress\u00e3o e uma fase de v\u00e1cuo no l\u00edquido. Isto causa o efeito f\u00edsico da cavita\u00e7\u00e3o. Bolha de cavita\u00e7\u00e3o m\u00faltipla aumentada a uma frequ\u00eancia de aproximadamente 25 kHz na altura da implos\u00e3o. A uma frequ\u00eancia ultra-sonica de, por exemplo, 25kHz, s\u00e3o geradas temperaturas superiores a 5000\u00b0C (condi\u00e7\u00f5es semelhantes \u00e0s da superf\u00edcie do sol) e press\u00f5es de at\u00e9 500 bar durante um curto per\u00edodo de tempo.<\/span><\/h6>\n<h6><span style=\"font-family: arial, helvetica, sans-serif; font-size: 14px; color: #808080;\">Estas altas temperaturas e press\u00f5es podem destruir estruturas fr\u00e1geis ou matar as mais pequenas bact\u00e9rias. Em redor das bolhas de cavita\u00e7\u00e3o, a implos\u00e3o em forma de banda cria press\u00f5es locais elevadas, bem como forte turbul\u00eancia e correntes (jatos) no l\u00edquido. Estes fen\u00f3menos s\u00e3o os verdadeiros crit\u00e9rios que levam ao destacamento de part\u00edculas de sujidade numa superf\u00edcie do substrato.<\/span><\/h6>\n<p>[\/vc_column_text][\/vc_column][\/vc_row][vc_row][vc_column][vc_empty_space height=&#8221;95px&#8221;][\/vc_column][\/vc_row]<\/p>\n","protected":false},"excerpt":{"rendered":"<p>[vc_row][vc_column][vc_empty_space height=&#8221;10px&#8221;][vc_empty_space height=&#8221;10px&#8221;][vc_column_text] Cavita\u00e7\u00e3o Um fen\u00f3meno natural a 500\u00b0C e 500 bar de press\u00e3o! A limpeza por ultra-sons \u00e9 o m\u00e9todo de limpeza mais moderno da atualidade. As vantagens especiais s\u00e3o a maior limpeza das pe\u00e7as a serem limpas em tempo mais curto, sem trabalho manual adicional e sem danos do material de limpeza. O [&hellip;]<\/p>\n","protected":false},"author":1,"featured_media":0,"parent":0,"menu_order":0,"comment_status":"closed","ping_status":"closed","template":"","meta":{"_monsterinsights_skip_tracking":false,"_monsterinsights_sitenote_active":false,"_monsterinsights_sitenote_note":"","_monsterinsights_sitenote_category":0,"footnotes":""},"jetpack_sharing_enabled":true,"_links":{"self":[{"href":"https:\/\/www.medisonics.com\/pt-br\/wp-json\/wp\/v2\/pages\/10037"}],"collection":[{"href":"https:\/\/www.medisonics.com\/pt-br\/wp-json\/wp\/v2\/pages"}],"about":[{"href":"https:\/\/www.medisonics.com\/pt-br\/wp-json\/wp\/v2\/types\/page"}],"author":[{"embeddable":true,"href":"https:\/\/www.medisonics.com\/pt-br\/wp-json\/wp\/v2\/users\/1"}],"replies":[{"embeddable":true,"href":"https:\/\/www.medisonics.com\/pt-br\/wp-json\/wp\/v2\/comments?post=10037"}],"version-history":[{"count":2,"href":"https:\/\/www.medisonics.com\/pt-br\/wp-json\/wp\/v2\/pages\/10037\/revisions"}],"predecessor-version":[{"id":10778,"href":"https:\/\/www.medisonics.com\/pt-br\/wp-json\/wp\/v2\/pages\/10037\/revisions\/10778"}],"wp:attachment":[{"href":"https:\/\/www.medisonics.com\/pt-br\/wp-json\/wp\/v2\/media?parent=10037"}],"curies":[{"name":"wp","href":"https:\/\/api.w.org\/{rel}","templated":true}]}}