{"id":10063,"date":"2022-05-12T08:54:41","date_gmt":"2022-05-12T08:54:41","guid":{"rendered":"https:\/\/www.medisonics.com\/privacy-policy\/"},"modified":"2023-01-30T14:36:09","modified_gmt":"2023-01-30T14:36:09","slug":"privacy-policy","status":"publish","type":"page","link":"https:\/\/www.medisonics.com\/pt-br\/privacy-policy\/","title":{"rendered":"Pol\u00edtica de privacidade"},"content":{"rendered":"<p>[vc_row][vc_column]\n\t\t\t<!-- START Home 101 REVOLUTION SLIDER 6.6.20 --><p class=\"rs-p-wp-fix\"><\/p>\n\t\t\t<rs-module-wrap id=\"rev_slider_16_1_wrapper\" data-source=\"gallery\" style=\"visibility:hidden;background:transparent;padding:0;margin:0px auto;margin-top:0;margin-bottom:0;\">\n\t\t\t\t<rs-module id=\"rev_slider_16_1\" style=\"\" data-version=\"6.6.20\">\n\t\t\t\t\t<rs-slides style=\"overflow: hidden; position: absolute;\">\n\t\t\t\t\t\t<rs-slide style=\"position: absolute;\" data-key=\"rs-42\" data-title=\"Slide\" data-anim=\"adpr:false;\" data-in=\"o:0;\" data-out=\"a:false;\">\n\t\t\t\t\t\t\t<img decoding=\"async\" src=\"\/\/www.medisonics.com\/wp-content\/plugins\/revslider\/public\/assets\/assets\/dummy.png\" alt=\"Slide\" class=\"rev-slidebg tp-rs-img rs-lazyload\" data-lazyload=\"\/\/www.medisonics.com\/wp-content\/plugins\/revslider\/public\/assets\/assets\/transparent.png\" data-no-retina>\n<!--\n\t\t\t\t\t\t\t--><rs-layer\n\t\t\t\t\t\t\t\tid=\"slider-16-slide-42-layer-0\" \n\t\t\t\t\t\t\t\tclass=\"rs-nolc rs-layer-video intrinsic-ignore\"\n\t\t\t\t\t\t\t\tdata-type=\"video\"\n\t\t\t\t\t\t\t\tdata-rsp_ch=\"on\"\n\t\t\t\t\t\t\t\tdata-text=\"w:normal;\"\n\t\t\t\t\t\t\t\tdata-dim=\"w:100%;h:100%;\"\n\t\t\t\t\t\t\t\tdata-basealign=\"slide\"\n\t\t\t\t\t\t\t\tdata-video=\"vfc:true;twa:false;vd:100;rwd:f;l:true;ptimer:false;nse:f;sav:f;afs:f;inl:f;\"\n\t\t\t\t\t\t\t\tdata-poster=\"\/\/www.medisonics.com\/wp-content\/uploads\/revslider\/video-media\/100_1-3_42_layer.jpeg\"\n\t\t\t\t\t\t\t\tdata-mp4=\"\/\/www.medisonics.com\/wp-content\/uploads\/2022\/05\/100_1-3.mp4\"\n\t\t\t\t\t\t\t\tdata-frame_1=\"sp:50;\"\n\t\t\t\t\t\t\t\tdata-frame_999=\"o:0;st:w;sR:8950;\"\n\t\t\t\t\t\t\t\tstyle=\"z-index:5;\"\n\t\t\t\t\t\t\t>\n\t\t\t\t\t\t\t<\/rs-layer><!--\n-->\t\t\t\t\t\t<\/rs-slide>\n\t\t\t\t\t<\/rs-slides>\n\t\t\t\t<\/rs-module>\n\t\t\t\t<script>\n\t\t\t\t\tsetREVStartSize({c: 'rev_slider_16_1',rl:[1240,1024,778,480],el:[650],gw:[1240],gh:[650],type:'hero',justify:'',layout:'fullwidth',mh:\"0\"});if (window.RS_MODULES!==undefined && window.RS_MODULES.modules!==undefined && window.RS_MODULES.modules[\"revslider161\"]!==undefined) {window.RS_MODULES.modules[\"revslider161\"].once = false;window.revapi16 = undefined;if (window.RS_MODULES.checkMinimal!==undefined) window.RS_MODULES.checkMinimal()}\n\t\t\t\t<\/script>\n\t\t\t<\/rs-module-wrap>\n\t\t\t<!-- END REVOLUTION SLIDER -->\n[vc_empty_space height=&#8221;10px&#8221;][vc_column_text]<\/p>\n<pre><span style=\"color: #004c76;\"><strong><span style=\"font-family: arial, helvetica, sans-serif; font-size: 20px;\">Informa\u00e7\u00f5es Gerais<\/span><\/strong><\/span><\/pre>\n<p><span style=\"font-family: arial, helvetica, sans-serif; color: #808080;\">Bem-vindo \u00e0 nossa p\u00e1gina de Pol\u00edtica de Privacidade! Quando utiliza os nossos servi\u00e7os do site, confia-nos a sua informa\u00e7\u00e3o. Esta Pol\u00edtica de Privacidade destina-se a ajud\u00e1-lo a compreender que dados recolhemos, porque os recolhemos, e o que fazemos com eles. Quando partilha informa\u00e7\u00f5es connosco, podemos tornar os nossos servi\u00e7os ainda melhores para si. Por exemplo, podemos mostrar-lhe resultados de pesquisa e an\u00fancios mais relevantes, ajud\u00e1-lo a ligar-se \u00e0s pessoas ou a compartilhar com outros mais r\u00e1pida e f\u00e1cil. Ao utilizar os nossos servi\u00e7os, queremos que fique claro como estamos utilizando a informa\u00e7\u00e3o e as formas como pode proteger a sua privacidade. Isto \u00e9 importante; esperamos que leve tempo a l\u00ea-lo cuidadosamente. Lembre-se, pode encontrar controlos para gerir a sua informa\u00e7\u00e3o e proteger a sua privacidade e seguran\u00e7a. Tentarmos mant\u00ea-lo t\u00e3o simples quanto poss\u00edvel<\/span>.<\/p>\n<pre><span style=\"font-family: arial, helvetica, sans-serif; font-size: 20px; color: #004c76;\"><strong>Direito de acesso, corre\u00e7\u00e3o e exclus\u00e3o de dados e de obje\u00e7\u00e3o ao processamento de dados<\/strong><\/span><\/pre>\n<p><span style=\"font-family: arial, helvetica, sans-serif; color: #808080;\">Os nossos clientes t\u00eam o direito de aceder, corrigir e apagar os dados pessoais que lhes dizem respeito, e de se oporem ao tratamento de tais dados, mediante pedido por escrito, em qualquer altura. A Empresa faz todos os esfor\u00e7os para p\u00f4r em pr\u00e1tica as precau\u00e7\u00f5es adequadas para salvaguardar a seguran\u00e7a e privacidade dos dados pessoais, e para evitar que estes sejam alterados, corrompidos, destru\u00eddos ou acedidos por terceiros n\u00e3o autorizados. Contudo, a Empresa n\u00e3o controla todos e cada um dos riscos relacionados com a utiliza\u00e7\u00e3o da Internet, e por isso avisa os utilizadores do site dos riscos potenciais envolvidos no funcionamento e utiliza\u00e7\u00e3o da Internet. O Site pode incluir links para outros sites da Internet ou outras fontes da Internet. Uma vez que a Empresa n\u00e3o pode controlar estes sites e fontes externas, a Empresa n\u00e3o pode ser responsabilizada pelo fornecimento ou exibi\u00e7\u00e3o destes sites e fontes externas, e n\u00e3o pode ser responsabilizada pelo conte\u00fado, publicidade, produtos, servi\u00e7os ou qualquer outro material dispon\u00edvel nestes ou a partir destes websites ou fontes externas.<\/span><\/p>\n<pre><span style=\"font-size: 20px; color: #004c76;\"><strong><span style=\"font-family: arial, helvetica, sans-serif;\">Gerenciamento de dados pessoais<\/span><\/strong><\/span><\/pre>\n<p><span style=\"font-family: arial, helvetica, sans-serif; color: #808080;\">Pode visualizar ou editar os seus dados pessoais online para muitos dos nossos servi\u00e7os. Tamb\u00e9m pode fazer escolhas sobre a nossa recolha e utiliza\u00e7\u00e3o dos seus dados. A forma como pode aceder ou controlar os seus dados pessoais depender\u00e1 dos servi\u00e7os que utilizar. Pode escolher se deseja receber comunica\u00e7\u00f5es promocionais do nosso site por e-mail, SMS, correio, e telefone. Se receber mensagens promocionais por e-mail ou SMS da nossa parte e quiser optar por n\u00e3o participar, pode faz\u00ea-lo seguindo as instru\u00e7\u00f5es dessa mensagem. Tamb\u00e9m pode fazer escolhas sobre a recep\u00e7\u00e3o de e-mail promocional, chamadas telef\u00f3nicas, e correio postal, visitando e assinando o Gestor de Comunica\u00e7\u00f5es Promocionais da Empresa, que lhe permite atualizar as informa\u00e7\u00f5es de contacto, gerir as prefer\u00eancias de contacto, optar por n\u00e3o receber e-mail e escolher se deseja compartilhar as suas informa\u00e7\u00f5es de contato com os nossos parceiros. Estas escolhas n\u00e3o se aplicam \u00e0s comunica\u00e7\u00f5es de servi\u00e7o obrigat\u00f3rias que fazem parte de certos servi\u00e7os do site.<\/span><\/p>\n<pre><span style=\"color: #004c76;\"><strong><span style=\"font-family: arial, helvetica, sans-serif; font-size: 20px;\">Informa\u00e7\u00f5es que coletamos<\/span><\/strong><\/span><\/pre>\n<p><span style=\"font-family: arial, helvetica, sans-serif; color: #808080;\">O nosso armaz\u00e9m recolhe dados para operar de forma eficaz e fornecer-lhe as melhores experi\u00eancias com os nossos servi\u00e7os. Fornece alguns destes dados diretamente, como por exemplo quando cria uma conta pessoal. Conseguimos alguma coisa atrav\u00e9s da grava\u00e7\u00e3o da forma como interage com os nossos servi\u00e7os, por exemplo, utilizando tecnologias como os cookies, e recebendo relat\u00f3rios de erro ou dados de utiliza\u00e7\u00e3o de software em execu\u00e7\u00e3o no seu dispositivo. Tamb\u00e9m obtemos dados de terceiros (incluindo outras empresas). Por exemplo, complementamos os dados que recolhemos atrav\u00e9s da compra de dados demogr\u00e1ficos de outras empresas. Tamb\u00e9m utilizamos servi\u00e7os de outras empresas para nos ajudar a determinar uma localiza\u00e7\u00e3o com base no seu endere\u00e7o IP, a fim de personalizar certos servi\u00e7os \u00e0 sua localiza\u00e7\u00e3o. Os dados que recolhemos dependem dos servi\u00e7os e caracter\u00edsticas que utiliza.<\/span><\/p>\n<pre><span style=\"font-size: 20px; color: #004c76;\"><strong><span style=\"font-family: arial, helvetica, sans-serif;\">Como usamos suas informa\u00e7\u00f5es<\/span><\/strong><\/span><\/pre>\n<p><span style=\"font-family: arial, helvetica, sans-serif; color: #808080;\">O nosso site utiliza os dados que recolhemos para tr\u00eas objetivos b\u00e1sicos: para operar o nosso neg\u00f3cio e fornecer (incluindo melhorar e personalizar) os servi\u00e7os que oferecemos, para enviar comunica\u00e7\u00f5es, incluindo comunica\u00e7\u00f5es promocionais, e para exibir publicidade. Ao realizar estes prop\u00f3sitos, combinamos os dados que recolhemos atrav\u00e9s dos v\u00e1rios servi\u00e7os do site que utiliza para lhe proporcionar uma experi\u00eancia mais cont\u00ednua, consistente e personalizada. No entanto, para refor\u00e7ar a privacidade, incorpor\u00e1mos salvaguardas tecnol\u00f3gicas e processuais destinadas a evitar certas combina\u00e7\u00f5es de dados. Por exemplo, armazenamos os dados que recolhemos de si quando n\u00e3o est\u00e1 autenticado (n\u00e3o est\u00e1 registado) separadamente de qualquer informa\u00e7\u00e3o de conta que o identifique diretamente, como o seu nome, endere\u00e7o de e-mail ou n\u00famero de telefone.<\/span><\/p>\n<pre><strong><span style=\"font-family: arial, helvetica, sans-serif; font-size: 20px; color: #004c76;\">Compartilhando suas informa\u00e7\u00f5es<\/span><\/strong><\/pre>\n<p><span style=\"font-family: arial, helvetica, sans-serif; color: #808080;\">Compartilhamos os seus dados pessoais com o seu consentimento ou conforme necess\u00e1rio para completar qualquer transa\u00e7\u00e3o ou fornecer qualquer servi\u00e7o que tenha solicitado ou autorizado. Por exemplo, compartilhamos o seu conte\u00fado com terceiros quando nos diz para o fazermos. Ao fornecer dados de pagamento para efetuar uma compra, partilharemos dados de pagamento com bancos e outras entidades que processam transa\u00e7\u00f5es de pagamento ou prestam outros servi\u00e7os financeiros, e para a preven\u00e7\u00e3o da fraude e redu\u00e7\u00e3o do risco de cr\u00e9dito. Para al\u00e9m disso, partilhamos dados pessoais entre as nossas filiais e subsidi\u00e1rias controladas. Tamb\u00e9m compartilhamos dados pessoais com vendedores ou agentes que trabalham em nosso nome para os fins descritos na presente declara\u00e7\u00e3o. Por exemplo, as empresas que contratarmos para prestar apoio ao cliente ou assist\u00eancia na prote\u00e7\u00e3o e seguran\u00e7a dos nossos sistemas e servi\u00e7os podem necessitar de acesso a dados pessoais para fornecer essas fun\u00e7\u00f5es. Nestes casos, estas empresas devem respeitar os nossos requisitos de privacidade e seguran\u00e7a de dados e n\u00e3o est\u00e3o autorizadas a utilizar os dados pessoais que recebem de n\u00f3s para qualquer outro fim. Tamb\u00e9m podemos divulgar dados pessoais como parte de uma transa\u00e7\u00e3o empresarial, tal como uma fus\u00e3o ou venda de ativos.<\/span><\/p>\n<p>E-mail: <a href=\"mailto:info@demolink.org\">info@demolink.org<\/a><\/p>\n<p class=\"text-sm-left\"><strong><span style=\"font-family: arial, helvetica, sans-serif;\">\u00daltima atualiza\u00e7\u00e3o:<\/span><\/strong><\/p>\n<pre><strong><span style=\"font-family: arial, helvetica, sans-serif; font-size: 20px; color: #004c76;\">O que s\u00e3o cookies?<\/span><\/strong><\/pre>\n<p><span style=\"color: #808080; font-family: arial, helvetica, sans-serif;\">Para que este site funcione corretamente, colocamos por vezes pequenos ficheiros de dados chamados cookies no seu dispositivo. A maioria dos grandes sites tamb\u00e9m o fazem.<\/span><\/p>\n<p><span style=\"color: #808080; font-family: arial, helvetica, sans-serif;\">Um cookie \u00e9 um pequeno ficheiro de texto que um site guarda no seu computador ou dispositivo m\u00f3vel quando visita o site. Permite que o site se lembre das suas a\u00e7\u00f5es e prefer\u00eancias (tais como login, l\u00edngua, tamanho da letra e outras prefer\u00eancias de visualiza\u00e7\u00e3o) durante um per\u00edodo de tempo, para que n\u00e3o tenha de continuar a reentrar sempre que voltar ao site ou navegar de uma p\u00e1gina para outra.<\/span><\/p>\n<pre><strong><span style=\"font-family: arial, helvetica, sans-serif; font-size: 20px; color: #004c76;\">Por que usamos cookies?<\/span><\/strong><\/pre>\n<p><span style=\"font-family: arial, helvetica, sans-serif; color: #808080;\">Utilizamos cookies por v\u00e1rias raz\u00f5es. Alguns cookies s\u00e3o necess\u00e1rios por raz\u00f5es t\u00e9cnicas para que os nossos site possam funcionar, e referimo-nos a eles como cookies &#8220;essenciais&#8221; ou &#8220;estritamente necess\u00e1rios&#8221;. Outros cookies tamb\u00e9m nos permitem rastrear e visar os interesses dos nossos utilizadores para melhorar a experi\u00eancia. Terceiros servem cookies atrav\u00e9s dos nossos sites para fins publicit\u00e1rios, anal\u00edticos e outros.<\/span><\/p>\n<p><span style=\"font-family: arial, helvetica, sans-serif; color: #808080;\">Podemos tamb\u00e9m utilizar pequenas pe\u00e7as de c\u00f3digo de software chamadas &#8220;web beacons&#8221; ou &#8220;clear gifs&#8221; para recolher matrizes publicit\u00e1rias an\u00f3nimas e agregadas, tais como a contagem de page views, vis\u00f5es de promo\u00e7\u00e3o, ou respostas publicit\u00e1rias. Um web beacon \u00e9 uma imagem eletronica, chamada um GIF de pixel \u00fanico. Os Web beacons podem reconhecer certos tipos de informa\u00e7\u00e3o no computador do utilizador, tais como o n\u00famero do Cookie de um utilizador, a hora e a data de uma visualiza\u00e7\u00e3o de p\u00e1gina, e a descri\u00e7\u00e3o da p\u00e1gina onde o web beacon \u00e9 colocado. Pode tornar alguns web beacons inutiliz\u00e1veis se optar por rejeitar os seus cookies associados. Estes web beacons podem ser utilizados para fornecer cookies que estejam em conformidade com a nossa Pol\u00edtica de Cookie.<\/span><\/p>\n<pre><span style=\"color: #004c76;\"><strong><span style=\"font-family: arial, helvetica, sans-serif; font-size: 20px;\">Como controlar cookies?<\/span><\/strong><\/span><\/pre>\n<p><span style=\"font-family: arial, helvetica, sans-serif; color: #808080;\">Pode controlar e\/ou apagar cookies como desejar &#8211; para mais detalhes, ver <a style=\"color: #808080;\" href=\"http:\/\/www.aboutcookies.org.uk\/\" target=\"blank\" rel=\"noopener\">http:\/\/www.aboutcookies.org.uk\/<\/a>. Pode apagar todos os cookies que j\u00e1 est\u00e3o no seu computador e pode configurar a maioria dos browsers para evitar que sejam colocados. Contudo, se o fizer, poder\u00e1 ter de ajustar manualmente algumas prefer\u00eancias sempre que visitar um site e alguns servi\u00e7os e funcionalidades poder\u00e3o n\u00e3o funcionar. Al\u00e9m disso, a maioria das redes de publicidade oferecem-lhe uma forma de optar por n\u00e3o fazer publicidade dirigida. Se desejar obter mais informa\u00e7\u00f5es, visite <a style=\"color: #808080;\" href=\"http:\/\/www.aboutads.info\/choices\/\" target=\"blank\" rel=\"noopener\">http:\/\/www.aboutads.info\/choices\/<\/a> ou <a style=\"color: #808080;\" href=\"http:\/\/www.youronlinechoices.com\" target=\"blank\" rel=\"noopener\">http:\/\/www.youronlinechoices.com<\/a>. Tenha em aten\u00e7\u00e3o que se n\u00e3o configurar o seu navegador, aceitar\u00e1 os cookies fornecidos por este site.<\/span><\/p>\n<pre><strong><span style=\"font-family: arial, helvetica, sans-serif; font-size: 20px; color: #004c76;\">Onde posso obter mais informa\u00e7\u00f5es?<\/span><\/strong><\/pre>\n<p><span style=\"font-family: arial, helvetica, sans-serif; color: #808080;\">No caso de desejar n\u00e3o utilizar e vender as suas informa\u00e7\u00f5es pessoais, n\u00e3o hesite em contactar-nos atrav\u00e9s do <a style=\"color: #808080;\" href=\"..\/contact-us\/\" target=\"_blank\" rel=\"noopener\">formul\u00e1rio de contato<\/a>.<\/span><\/p>\n<pre><span style=\"color: #004c76; font-size: 20px;\"><strong><span style=\"font-family: arial, helvetica, sans-serif;\">Solicitar dados pessoais<\/span><\/strong><\/span><\/pre>\n<p>[wpgdprc_access_request_form]<\/p>\n<pre><span style=\"font-size: 20px; color: #004c76;\"><strong><span style=\"font-family: arial, helvetica, sans-serif;\">Optar por n\u00e3o participar do Google Analytics<\/span><\/strong><\/span><\/pre>\n\n<pre><span style=\"font-size: 20px; color: #004c76;\"><strong><span style=\"font-family: arial, helvetica, sans-serif;\">Deleta Conta<\/span><\/strong><\/span><\/pre>\n<p>[plugin_delete_me \/]<br \/>\n<span style=\"font-family: arial, helvetica, sans-serif; color: #808080;\">No caso de desejar n\u00e3o utilizar e vender as suas informa\u00e7\u00f5es pessoais, n\u00e3o hesite em contactar-nos atrav\u00e9s do <a style=\"color: #808080;\" href=\"https:\/\/www.medisonics.com\/pt-pt\/contact-us\/\">formul\u00e1rio de contacto<\/a>.<\/span>[\/vc_column_text][\/vc_column][\/vc_row]<\/p>\n","protected":false},"excerpt":{"rendered":"<p>[vc_row][vc_column][vc_empty_space height=&#8221;10px&#8221;][vc_column_text] Informa\u00e7\u00f5es Gerais Bem-vindo \u00e0 nossa p\u00e1gina de Pol\u00edtica de Privacidade! Quando utiliza os nossos servi\u00e7os do site, confia-nos a sua informa\u00e7\u00e3o. Esta Pol\u00edtica de Privacidade destina-se a ajud\u00e1-lo a compreender que dados recolhemos, porque os recolhemos, e o que fazemos com eles. Quando partilha informa\u00e7\u00f5es connosco, podemos tornar os nossos servi\u00e7os ainda melhores [&hellip;]<\/p>\n","protected":false},"author":1,"featured_media":0,"parent":0,"menu_order":0,"comment_status":"closed","ping_status":"closed","template":"","meta":{"_monsterinsights_skip_tracking":false,"_monsterinsights_sitenote_active":false,"_monsterinsights_sitenote_note":"","_monsterinsights_sitenote_category":0,"footnotes":""},"jetpack_sharing_enabled":true,"_links":{"self":[{"href":"https:\/\/www.medisonics.com\/pt-br\/wp-json\/wp\/v2\/pages\/10063"}],"collection":[{"href":"https:\/\/www.medisonics.com\/pt-br\/wp-json\/wp\/v2\/pages"}],"about":[{"href":"https:\/\/www.medisonics.com\/pt-br\/wp-json\/wp\/v2\/types\/page"}],"author":[{"embeddable":true,"href":"https:\/\/www.medisonics.com\/pt-br\/wp-json\/wp\/v2\/users\/1"}],"replies":[{"embeddable":true,"href":"https:\/\/www.medisonics.com\/pt-br\/wp-json\/wp\/v2\/comments?post=10063"}],"version-history":[{"count":3,"href":"https:\/\/www.medisonics.com\/pt-br\/wp-json\/wp\/v2\/pages\/10063\/revisions"}],"predecessor-version":[{"id":10776,"href":"https:\/\/www.medisonics.com\/pt-br\/wp-json\/wp\/v2\/pages\/10063\/revisions\/10776"}],"wp:attachment":[{"href":"https:\/\/www.medisonics.com\/pt-br\/wp-json\/wp\/v2\/media?parent=10063"}],"curies":[{"name":"wp","href":"https:\/\/api.w.org\/{rel}","templated":true}]}}