{"id":10102,"date":"2022-05-11T11:36:02","date_gmt":"2022-05-11T11:36:02","guid":{"rendered":"https:\/\/www.medisonics.com\/104-copyright\/"},"modified":"2023-01-27T07:09:37","modified_gmt":"2023-01-27T07:09:37","slug":"104-copyright","status":"publish","type":"page","link":"https:\/\/www.medisonics.com\/pt-br\/104-copyright\/","title":{"rendered":"104_Copyright"},"content":{"rendered":"<p>[vc_row content_placement=&#8221;top&#8221;][vc_column]\n\t\t\t<!-- START Home 101 REVOLUTION SLIDER 6.6.20 --><p class=\"rs-p-wp-fix\"><\/p>\n\t\t\t<rs-module-wrap id=\"rev_slider_16_1_wrapper\" data-source=\"gallery\" style=\"visibility:hidden;background:transparent;padding:0;margin:0px auto;margin-top:0;margin-bottom:0;\">\n\t\t\t\t<rs-module id=\"rev_slider_16_1\" style=\"\" data-version=\"6.6.20\">\n\t\t\t\t\t<rs-slides style=\"overflow: hidden; position: absolute;\">\n\t\t\t\t\t\t<rs-slide style=\"position: absolute;\" data-key=\"rs-42\" data-title=\"Slide\" data-anim=\"adpr:false;\" data-in=\"o:0;\" data-out=\"a:false;\">\n\t\t\t\t\t\t\t<img decoding=\"async\" src=\"\/\/www.medisonics.com\/wp-content\/plugins\/revslider\/public\/assets\/assets\/dummy.png\" alt=\"Slide\" class=\"rev-slidebg tp-rs-img rs-lazyload\" data-lazyload=\"\/\/www.medisonics.com\/wp-content\/plugins\/revslider\/public\/assets\/assets\/transparent.png\" data-no-retina>\n<!--\n\t\t\t\t\t\t\t--><rs-layer\n\t\t\t\t\t\t\t\tid=\"slider-16-slide-42-layer-0\" \n\t\t\t\t\t\t\t\tclass=\"rs-nolc rs-layer-video intrinsic-ignore\"\n\t\t\t\t\t\t\t\tdata-type=\"video\"\n\t\t\t\t\t\t\t\tdata-rsp_ch=\"on\"\n\t\t\t\t\t\t\t\tdata-text=\"w:normal;\"\n\t\t\t\t\t\t\t\tdata-dim=\"w:100%;h:100%;\"\n\t\t\t\t\t\t\t\tdata-basealign=\"slide\"\n\t\t\t\t\t\t\t\tdata-video=\"vfc:true;twa:false;vd:100;rwd:f;l:true;ptimer:false;nse:f;sav:f;afs:f;inl:f;\"\n\t\t\t\t\t\t\t\tdata-poster=\"\/\/www.medisonics.com\/wp-content\/uploads\/revslider\/video-media\/100_1-3_42_layer.jpeg\"\n\t\t\t\t\t\t\t\tdata-mp4=\"\/\/www.medisonics.com\/wp-content\/uploads\/2022\/05\/100_1-3.mp4\"\n\t\t\t\t\t\t\t\tdata-frame_1=\"sp:50;\"\n\t\t\t\t\t\t\t\tdata-frame_999=\"o:0;st:w;sR:8950;\"\n\t\t\t\t\t\t\t\tstyle=\"z-index:5;\"\n\t\t\t\t\t\t\t>\n\t\t\t\t\t\t\t<\/rs-layer><!--\n-->\t\t\t\t\t\t<\/rs-slide>\n\t\t\t\t\t<\/rs-slides>\n\t\t\t\t<\/rs-module>\n\t\t\t\t<script>\n\t\t\t\t\tsetREVStartSize({c: 'rev_slider_16_1',rl:[1240,1024,778,480],el:[650],gw:[1240],gh:[650],type:'hero',justify:'',layout:'fullwidth',mh:\"0\"});if (window.RS_MODULES!==undefined && window.RS_MODULES.modules!==undefined && window.RS_MODULES.modules[\"revslider161\"]!==undefined) {window.RS_MODULES.modules[\"revslider161\"].once = false;window.revapi16 = undefined;if (window.RS_MODULES.checkMinimal!==undefined) window.RS_MODULES.checkMinimal()}\n\t\t\t\t<\/script>\n\t\t\t<\/rs-module-wrap>\n\t\t\t<!-- END REVOLUTION SLIDER -->\n[vc_empty_space height=&#8221;10px&#8221;][vc_column_text]<\/p>\n<pre><strong><span style=\"font-family: arial, helvetica, sans-serif; font-size: 24px; color: #000000;\">Copyright<\/span><\/strong><\/pre>\n<hr \/>\n<h6><span style=\"font-family: arial, helvetica, sans-serif; font-size: 14px; color: #808080;\">Em caso de viola\u00e7\u00e3o dos direitos de autor ou de outros direitos por parte do operador do site, a infra\u00e7\u00e3o deve ser comunicada por carta registada \u00e0 empresa<br \/>\n<\/span><\/h6>\n<p><strong><span style=\"color: #000000; font-size: 16px; font-family: arial, helvetica, sans-serif;\">MediSonics AG<\/span><\/strong><span style=\"color: #808080;\"><br \/>\n<strong><span style=\"font-size: 14px; font-family: arial, helvetica, sans-serif;\">Weststrasse 115<br \/>\n<\/span> <span style=\"font-size: 14px; font-family: arial, helvetica, sans-serif;\">8408 Winterthur<\/span><\/strong><br \/>\n<strong><span style=\"font-size: 14px; font-family: arial, helvetica, sans-serif;\">Su\u00ed\u00e7a<\/span><\/strong><\/span><\/p>\n<table style=\"border-collapse: collapse; width: 4.39249%; height: 10px;\">\n<tbody>\n<tr style=\"height: 70px;\">\n<td style=\"width: 56.1704%; height: 10px; border-style: hidden; text-align: left; vertical-align: top;\">\n<h6><span style=\"color: #808080;\"><span style=\"font-family: arial, helvetica, sans-serif; font-size: 14px;\">Telefone:<\/span> <span style=\"font-family: arial, helvetica, sans-serif; font-size: 14px;\">Fax:<\/span> <span style=\"font-family: arial, helvetica, sans-serif; font-size: 14px;\">Telem\u00f3vel:<\/span> <span style=\"font-family: arial, helvetica, sans-serif; font-size: 14px;\">E-mail:<\/span> <span style=\"font-family: arial, helvetica, sans-serif; font-size: 14px;\">Skype:<\/span><\/span><\/h6>\n<\/td>\n<td style=\"width: 43.8297%; height: 10px; border-style: hidden;\">\n<h6><span style=\"color: #808080;\"><span style=\"font-family: arial, helvetica, sans-serif; font-size: 14px;\">(+41) 52 544 54 56<\/span> <span style=\"font-family: arial, helvetica, sans-serif; font-size: 14px;\">(+41) 52 544 54 58<\/span> <span style=\"font-family: arial, helvetica, sans-serif; font-size: 14px;\">(+41) 78 404 71 18<\/span> <span style=\"font-family: arial, helvetica, sans-serif; font-size: 14px;\">info@medisonics.com <\/span> <span style=\"font-size: 14px; font-family: arial, helvetica, sans-serif;\">medisonics <\/span> <\/span><\/h6>\n<\/td>\n<\/tr>\n<\/tbody>\n<\/table>\n<h6><span style=\"color: #808080;\"><span style=\"font-family: arial, helvetica, sans-serif; font-size: 14px;\">para assinalar<\/span><\/span><\/h6>\n<h6><span style=\"color: #808080;\"><span style=\"font-family: arial, helvetica, sans-serif; font-size: 14px;\"> Em caso de qualquer viola\u00e7\u00e3o, ser\u00e1 imediatamente removida. O operador n\u00e3o assume qualquer responsabilidade por danos causados pelo site ou pelos arquivos oferecidos.<br \/>\n<\/span><\/span><span style=\"color: #808080;\"><span style=\"font-family: arial, helvetica, sans-serif; font-size: 14px;\"> Tamb\u00e9m n\u00e3o h\u00e1 garantia de acessibilidade dos nossos servi\u00e7os e arquivos. No entanto, procura-se a maior acessibilidade poss\u00edvel. No entanto, isto nem sempre pode ser realizado tecnicamente.<\/span><\/span><\/h6>\n<h6><span style=\"color: #808080;\"><span style=\"font-family: arial, helvetica, sans-serif; font-size: 14px;\"> O operador n\u00e3o assume qualquer garantia ou responsabilidade por quaisquer danos, danos consequentes ou falhas que possam ocorrer. Os utilizadores renunciam a qualquer tipo de reclama\u00e7\u00e3o contra os operadores que possam surgir destes eventos.<\/span> <span style=\"font-size: 14px; font-family: arial, helvetica, sans-serif;\">Explica\u00e7\u00e3o:<\/span> <span style=\"font-size: 14px; font-family: arial, helvetica, sans-serif;\">Os nossos links externos s\u00e3o uma sele\u00e7\u00e3o subjectiva de refer\u00eancias a outros s\u00edtios da Internet. Todas as marcas registadas, nomes de produtos e r\u00f3tulos publicados s\u00e3o propriedade dos seus respectivos propriet\u00e1rios.<\/span><\/span><\/h6>\n<p>[\/vc_column_text][\/vc_column][\/vc_row]<\/p>\n","protected":false},"excerpt":{"rendered":"<p>[vc_row content_placement=&#8221;top&#8221;][vc_column][vc_empty_space height=&#8221;10px&#8221;][vc_column_text] Copyright Em caso de viola\u00e7\u00e3o dos direitos de autor ou de outros direitos por parte do operador do site, a infra\u00e7\u00e3o deve ser comunicada por carta registada \u00e0 empresa MediSonics AG Weststrasse 115 8408 Winterthur Su\u00ed\u00e7a Telefone: Fax: Telem\u00f3vel: E-mail: Skype: (+41) 52 544 54 56 (+41) 52 544 54 58 (+41) [&hellip;]<\/p>\n","protected":false},"author":1,"featured_media":0,"parent":0,"menu_order":0,"comment_status":"closed","ping_status":"closed","template":"","meta":{"_monsterinsights_skip_tracking":false,"_monsterinsights_sitenote_active":false,"_monsterinsights_sitenote_note":"","_monsterinsights_sitenote_category":0,"footnotes":""},"jetpack_sharing_enabled":true,"_links":{"self":[{"href":"https:\/\/www.medisonics.com\/pt-br\/wp-json\/wp\/v2\/pages\/10102"}],"collection":[{"href":"https:\/\/www.medisonics.com\/pt-br\/wp-json\/wp\/v2\/pages"}],"about":[{"href":"https:\/\/www.medisonics.com\/pt-br\/wp-json\/wp\/v2\/types\/page"}],"author":[{"embeddable":true,"href":"https:\/\/www.medisonics.com\/pt-br\/wp-json\/wp\/v2\/users\/1"}],"replies":[{"embeddable":true,"href":"https:\/\/www.medisonics.com\/pt-br\/wp-json\/wp\/v2\/comments?post=10102"}],"version-history":[{"count":1,"href":"https:\/\/www.medisonics.com\/pt-br\/wp-json\/wp\/v2\/pages\/10102\/revisions"}],"predecessor-version":[{"id":10754,"href":"https:\/\/www.medisonics.com\/pt-br\/wp-json\/wp\/v2\/pages\/10102\/revisions\/10754"}],"wp:attachment":[{"href":"https:\/\/www.medisonics.com\/pt-br\/wp-json\/wp\/v2\/media?parent=10102"}],"curies":[{"name":"wp","href":"https:\/\/api.w.org\/{rel}","templated":true}]}}