{"id":10120,"date":"2022-05-11T09:42:30","date_gmt":"2022-05-11T09:42:30","guid":{"rendered":"https:\/\/www.medisonics.com\/102_leitfaden\/"},"modified":"2023-01-30T14:16:13","modified_gmt":"2023-01-30T14:16:13","slug":"102_leitfaden","status":"publish","type":"page","link":"https:\/\/www.medisonics.com\/pt-br\/102_leitfaden\/","title":{"rendered":"102_Leitfaden"},"content":{"rendered":"<p>[vc_row full_height=&#8221;yes&#8221; columns_placement=&#8221;top&#8221;][vc_column]\n\t\t\t<!-- START Home 100 REVOLUTION SLIDER 6.6.20 --><p class=\"rs-p-wp-fix\"><\/p>\n\t\t\t<rs-module-wrap id=\"rev_slider_13_1_wrapper\" data-source=\"gallery\" style=\"visibility:hidden;background:transparent;padding:0;margin:0px auto;margin-top:0;margin-bottom:0;\">\n\t\t\t\t<rs-module id=\"rev_slider_13_1\" style=\"\" data-version=\"6.6.20\">\n\t\t\t\t\t<rs-slides style=\"overflow: hidden; position: absolute;\">\n\t\t\t\t\t\t<rs-slide style=\"position: absolute;\" data-key=\"rs-36\" data-title=\"Slide\" data-invisible=\"true\" data-anim=\"adpr:false;ms:50;\" data-in=\"o:1;\" data-out=\"a:false;\">\n\t\t\t\t\t\t\t<img decoding=\"async\" src=\"\/\/www.medisonics.com\/wp-content\/plugins\/revslider\/public\/assets\/assets\/dummy.png\" alt=\"Slide\" title=\"100_1-3_36.jpeg\" width=\"1920\" height=\"1080\" class=\"rev-slidebg tp-rs-img rs-lazyload\" data-lazyload=\"\/\/www.medisonics.com\/wp-content\/plugins\/revslider\/public\/assets\/assets\/transparent.png\" data-parallax=\"off\" data-no-retina>\n<!--\n\t\t\t\t\t\t\t--><rs-layer\n\t\t\t\t\t\t\t\tid=\"slider-13-slide-36-layer-0\" \n\t\t\t\t\t\t\t\tclass=\"rs-layer-video intrinsic-ignore\"\n\t\t\t\t\t\t\t\tdata-type=\"video\"\n\t\t\t\t\t\t\t\tdata-rsp_ch=\"on\"\n\t\t\t\t\t\t\t\tdata-text=\"w:normal;\"\n\t\t\t\t\t\t\t\tdata-dim=\"w:100%;h:100%;\"\n\t\t\t\t\t\t\t\tdata-basealign=\"slide\"\n\t\t\t\t\t\t\t\tdata-video=\"vfc:true;twa:false;vd:50;rwd:f;l:true;ptimer:false;nse:f;sav:f;afs:f;vc:t;inl:f;\"\n\t\t\t\t\t\t\t\tdata-poster=\"\/\/www.medisonics.com\/wp-content\/uploads\/revslider\/video-media\/100_1-3_36_layer.jpeg\"\n\t\t\t\t\t\t\t\tdata-mp4=\"\/\/www.medisonics.com\/wp-content\/uploads\/2022\/05\/100_1-3.mp4\"\n\t\t\t\t\t\t\t\tdata-frame_999=\"o:0;st:w;\"\n\t\t\t\t\t\t\t\tstyle=\"z-index:8;\"\n\t\t\t\t\t\t\t>\n\t\t\t\t\t\t\t<\/rs-layer><!--\n-->\t\t\t\t\t\t<\/rs-slide>\n\t\t\t\t\t<\/rs-slides>\n\t\t\t\t\t<rs-static-layers><!--\n\t\t\t\t\t--><\/rs-static-layers>\n\t\t\t\t<\/rs-module>\n\t\t\t\t<script>\n\t\t\t\t\tsetREVStartSize({c: 'rev_slider_13_1',rl:[1240,1024,778,480],el:[650],gw:[1240],gh:[650],type:'hero',justify:'',layout:'fullwidth',mh:\"0\"});if (window.RS_MODULES!==undefined && window.RS_MODULES.modules!==undefined && window.RS_MODULES.modules[\"revslider131\"]!==undefined) {window.RS_MODULES.modules[\"revslider131\"].once = false;window.revapi13 = undefined;if (window.RS_MODULES.checkMinimal!==undefined) window.RS_MODULES.checkMinimal()}\n\t\t\t\t<\/script>\n\t\t\t<\/rs-module-wrap>\n\t\t\t<!-- END REVOLUTION SLIDER -->\n[vc_empty_space height=&#8221;10px&#8221;][vc_column_text]<\/p>\n<pre><strong><span style=\"font-family: arial, helvetica, sans-serif; font-size: 24px; color: #000000;\">Guia<\/span><\/strong><\/pre>\n<hr \/>\n<pre><strong><span style=\"font-family: arial, helvetica, sans-serif; font-size: 14px;\">Como uma empresa de desenvolvimento, produ\u00e7\u00e3o e servi\u00e7os, n\u00f3s somos:<\/span><\/strong>\n<span style=\"font-family: arial, helvetica, sans-serif; font-size: 14px; color: #808080;\">\u203a aut\u00f4nomo em todas as decis\u00f5es<\/span>\n<span style=\"font-family: arial, helvetica, sans-serif; font-size: 14px; color: #808080;\">\u203a financeira e hierarquicamente independente<\/span>\n<span style=\"font-family: arial, helvetica, sans-serif; font-size: 14px; color: #808080;\">\u203a criativo, orientado para o cliente e para a aplica\u00e7\u00e3o<\/span>\n<span style=\"font-family: arial, helvetica, sans-serif; font-size: 14px; color: #808080;\">\u203a aberto a formas adequadas de coopera\u00e7\u00e3o<\/span>\n<span style=\"font-family: arial, helvetica, sans-serif; font-size: 14px; color: #808080;\">\u203a Conscientes de um manejo sustent\u00e1vel e \n  ambientalmente consciente dos recursos de nosso meio ambiente<\/span>\n <span style=\"font-family: arial, helvetica, sans-serif; font-size: 14px; color: #808080;\">\u203a se esfor\u00e7a para se desenvolver ainda mais e permanecer inovador\n<\/span>\n<strong><span style=\"font-family: arial, helvetica, sans-serif; font-size: 14px;\">Nossos clientes:<\/span><\/strong>\n<span style=\"font-family: arial, helvetica, sans-serif; font-size: 14px; color: #808080;\">\u203a Levamos isso a s\u00e9rio e respondemos \u00e0s suas exig\u00eancias e desejos<\/span>\n<span style=\"font-family: arial, helvetica, sans-serif; font-size: 14px; color: #808080;\">\u203a Aconselhamos de forma competente e orientada para a solu\u00e7\u00e3o<\/span>\n<span style=\"font-family: arial, helvetica, sans-serif; font-size: 14px; color: #808080;\">\u203a Tratamo-los pessoalmente, de forma justa e correta<\/span>\n<span style=\"font-family: arial, helvetica, sans-serif; font-size: 14px; color: #808080;\">\u203a Cuidamos de tudo, desde a oferta at\u00e9 a entrega, passando pelo suporte de acompanhamento<\/span>\n<span style=\"font-family: arial, helvetica, sans-serif; font-size: 14px; color: #808080;\">\u203a Queremos ganhar como parceiros de longo prazo e satisfeitos<\/span>\n\n<strong><span style=\"font-family: arial, helvetica, sans-serif; font-size: 14px;\">N\u00f3s oferecemos:<\/span><\/strong>\n<span style=\"font-family: arial, helvetica, sans-serif; font-size: 14px; color: #808080;\">\u203a Consultoria competente e orientada para solu\u00e7\u00f5es<\/span>\n<span style=\"font-family: arial, helvetica, sans-serif; font-size: 14px; color: #808080;\">\u203a Apoio desde a oferta at\u00e9 a entrega ao servi\u00e7o p\u00f3s-vendas<\/span>\n<span style=\"font-family: arial, helvetica, sans-serif; font-size: 14px; color: #808080;\">\u203a Valor agregado atrav\u00e9s de solu\u00e7\u00f5es especiais inovadoras e espec\u00edficas para os clientes<\/span>\n<span style=\"font-family: arial, helvetica, sans-serif; font-size: 14px; color: #808080;\">\u203a Produtos do mais alto n\u00edvel t\u00e9cnico e da mais recente tecnologia<\/span>\n<span style=\"font-family: arial, helvetica, sans-serif; font-size: 14px; color: #808080;\">\u203a Manuten\u00e7\u00e3o e assist\u00eancia ap\u00f3s a entrega<\/span><\/pre>\n<p>[\/vc_column_text][\/vc_column][\/vc_row]<\/p>\n","protected":false},"excerpt":{"rendered":"<p>[vc_row full_height=&#8221;yes&#8221; columns_placement=&#8221;top&#8221;][vc_column][vc_empty_space height=&#8221;10px&#8221;][vc_column_text] Guia Como uma empresa de desenvolvimento, produ\u00e7\u00e3o e servi\u00e7os, n\u00f3s somos: \u203a aut\u00f4nomo em todas as decis\u00f5es \u203a financeira e hierarquicamente independente \u203a criativo, orientado para o cliente e para a aplica\u00e7\u00e3o \u203a aberto a formas adequadas de coopera\u00e7\u00e3o \u203a Conscientes de um manejo sustent\u00e1vel e ambientalmente consciente dos recursos de [&hellip;]<\/p>\n","protected":false},"author":1,"featured_media":0,"parent":0,"menu_order":0,"comment_status":"closed","ping_status":"closed","template":"","meta":{"_monsterinsights_skip_tracking":false,"_monsterinsights_sitenote_active":false,"_monsterinsights_sitenote_note":"","_monsterinsights_sitenote_category":0,"footnotes":""},"jetpack_sharing_enabled":true,"_links":{"self":[{"href":"https:\/\/www.medisonics.com\/pt-br\/wp-json\/wp\/v2\/pages\/10120"}],"collection":[{"href":"https:\/\/www.medisonics.com\/pt-br\/wp-json\/wp\/v2\/pages"}],"about":[{"href":"https:\/\/www.medisonics.com\/pt-br\/wp-json\/wp\/v2\/types\/page"}],"author":[{"embeddable":true,"href":"https:\/\/www.medisonics.com\/pt-br\/wp-json\/wp\/v2\/users\/1"}],"replies":[{"embeddable":true,"href":"https:\/\/www.medisonics.com\/pt-br\/wp-json\/wp\/v2\/comments?post=10120"}],"version-history":[{"count":2,"href":"https:\/\/www.medisonics.com\/pt-br\/wp-json\/wp\/v2\/pages\/10120\/revisions"}],"predecessor-version":[{"id":10775,"href":"https:\/\/www.medisonics.com\/pt-br\/wp-json\/wp\/v2\/pages\/10120\/revisions\/10775"}],"wp:attachment":[{"href":"https:\/\/www.medisonics.com\/pt-br\/wp-json\/wp\/v2\/media?parent=10120"}],"curies":[{"name":"wp","href":"https:\/\/api.w.org\/{rel}","templated":true}]}}