{"id":10133,"date":"2022-05-10T14:09:16","date_gmt":"2022-05-10T14:09:16","guid":{"rendered":"https:\/\/www.medisonics.com\/101_unternehmen\/"},"modified":"2023-01-26T16:16:26","modified_gmt":"2023-01-26T16:16:26","slug":"101_unternehmen","status":"publish","type":"page","link":"https:\/\/www.medisonics.com\/pt-br\/101_unternehmen\/","title":{"rendered":"101_Unternehmen"},"content":{"rendered":"<p>[vc_row][vc_column][vc_row_inner][vc_column_inner]\n\t\t\t<!-- START Home 100 REVOLUTION SLIDER 6.6.20 --><p class=\"rs-p-wp-fix\"><\/p>\n\t\t\t<rs-module-wrap id=\"rev_slider_13_1_wrapper\" data-source=\"gallery\" style=\"visibility:hidden;background:transparent;padding:0;margin:0px auto;margin-top:0;margin-bottom:0;\">\n\t\t\t\t<rs-module id=\"rev_slider_13_1\" style=\"\" data-version=\"6.6.20\">\n\t\t\t\t\t<rs-slides style=\"overflow: hidden; position: absolute;\">\n\t\t\t\t\t\t<rs-slide style=\"position: absolute;\" data-key=\"rs-36\" data-title=\"Slide\" data-invisible=\"true\" data-anim=\"adpr:false;ms:50;\" data-in=\"o:1;\" data-out=\"a:false;\">\n\t\t\t\t\t\t\t<img decoding=\"async\" src=\"\/\/www.medisonics.com\/wp-content\/plugins\/revslider\/public\/assets\/assets\/dummy.png\" alt=\"Slide\" title=\"100_1-3_36.jpeg\" width=\"1920\" height=\"1080\" class=\"rev-slidebg tp-rs-img rs-lazyload\" data-lazyload=\"\/\/www.medisonics.com\/wp-content\/plugins\/revslider\/public\/assets\/assets\/transparent.png\" data-parallax=\"off\" data-no-retina>\n<!--\n\t\t\t\t\t\t\t--><rs-layer\n\t\t\t\t\t\t\t\tid=\"slider-13-slide-36-layer-0\" \n\t\t\t\t\t\t\t\tclass=\"rs-layer-video intrinsic-ignore\"\n\t\t\t\t\t\t\t\tdata-type=\"video\"\n\t\t\t\t\t\t\t\tdata-rsp_ch=\"on\"\n\t\t\t\t\t\t\t\tdata-text=\"w:normal;\"\n\t\t\t\t\t\t\t\tdata-dim=\"w:100%;h:100%;\"\n\t\t\t\t\t\t\t\tdata-basealign=\"slide\"\n\t\t\t\t\t\t\t\tdata-video=\"vfc:true;twa:false;vd:50;rwd:f;l:true;ptimer:false;nse:f;sav:f;afs:f;vc:t;inl:f;\"\n\t\t\t\t\t\t\t\tdata-poster=\"\/\/www.medisonics.com\/wp-content\/uploads\/revslider\/video-media\/100_1-3_36_layer.jpeg\"\n\t\t\t\t\t\t\t\tdata-mp4=\"\/\/www.medisonics.com\/wp-content\/uploads\/2022\/05\/100_1-3.mp4\"\n\t\t\t\t\t\t\t\tdata-frame_999=\"o:0;st:w;\"\n\t\t\t\t\t\t\t\tstyle=\"z-index:8;\"\n\t\t\t\t\t\t\t>\n\t\t\t\t\t\t\t<\/rs-layer><!--\n-->\t\t\t\t\t\t<\/rs-slide>\n\t\t\t\t\t<\/rs-slides>\n\t\t\t\t\t<rs-static-layers><!--\n\t\t\t\t\t--><\/rs-static-layers>\n\t\t\t\t<\/rs-module>\n\t\t\t\t<script>\n\t\t\t\t\tsetREVStartSize({c: 'rev_slider_13_1',rl:[1240,1024,778,480],el:[650],gw:[1240],gh:[650],type:'hero',justify:'',layout:'fullwidth',mh:\"0\"});if (window.RS_MODULES!==undefined && window.RS_MODULES.modules!==undefined && window.RS_MODULES.modules[\"revslider131\"]!==undefined) {window.RS_MODULES.modules[\"revslider131\"].once = false;window.revapi13 = undefined;if (window.RS_MODULES.checkMinimal!==undefined) window.RS_MODULES.checkMinimal()}\n\t\t\t\t<\/script>\n\t\t\t<\/rs-module-wrap>\n\t\t\t<!-- END REVOLUTION SLIDER -->\n[vc_empty_space height=&#8221;10px&#8221;][\/vc_column_inner][\/vc_row_inner][vc_column_text css_animation=&#8221;none&#8221;]<\/p>\n<pre><strong><span style=\"color: #000000; font-size: 24px;\"><span style=\"font-family: arial, helvetica, sans-serif;\">Sobre N\u00f3s<\/span><\/span><\/strong><\/pre>\n<hr \/>\n<pre><span style=\"font-family: arial, helvetica, sans-serif; font-size: 14px; color: #808080;\"><img loading=\"lazy\" decoding=\"async\" class=\" wp-image-2037 alignleft\" src=\"https:\/\/www.medisonics.com\/wp-content\/uploads\/2022\/05\/100_01_N-236x300.jpg\" alt=\"\" width=\"96\" height=\"122\" srcset=\"https:\/\/www.medisonics.com\/wp-content\/uploads\/2022\/05\/100_01_N-236x300.jpg 236w, https:\/\/www.medisonics.com\/wp-content\/uploads\/2022\/05\/100_01_N-150x190.jpg 150w, https:\/\/www.medisonics.com\/wp-content\/uploads\/2022\/05\/100_01_N-100x127.jpg 100w, https:\/\/www.medisonics.com\/wp-content\/uploads\/2022\/05\/100_01_N.jpg 706w\" sizes=\"(max-width: 96px) 100vw, 96px\" \/>  A MediSonics tem mais de 35 anos de experi\u00eancia em tecnologia de ultra-som e est\u00e1 sediada em Winterthur, perto de Zurique, na Su\u00ed\u00e7a.<\/span>\n<span style=\"font-family: arial, helvetica, sans-serif; font-size: 14px; color: #808080;\">  DA empresa \u00e9 especializada no desenvolvimento, fabrica\u00e7\u00e3o e distribui\u00e7\u00e3o de sistemas ultra-s\u00f4nicos e respectivos acess\u00f3rios,    \n  <\/span><span style=\"font-family: arial, helvetica, sans-serif; font-size: 14px; color: #808080;\">bem como em prepara\u00e7\u00f5es de desinfec\u00e7\u00e3o e limpeza espec\u00edficas para cada aplica\u00e7\u00e3o.<\/span>\n<span style=\"font-family: arial, helvetica, sans-serif; font-size: 14px; color: #808080;\"> Funcion\u00e1rios altamente motivados s\u00e3o garantes de sempre novos produtos de qualidade \"Made in Switzerland\".<\/span>\n<span style=\"font-family: arial, helvetica, sans-serif; font-size: 14px; color: #808080;\"> A maioria dos sistemas \u00e9 utilizada na ind\u00fastria, medicina, farm\u00e1cia, odontologia e laborat\u00f3rios.<\/span>\n<span style=\"font-family: arial, helvetica, sans-serif; font-size: 14px; color: #808080;\"> O desenvolvimento e a produ\u00e7\u00e3o de sistemas de limpeza ultra-s\u00f4nica \u00e9 realizado 100% na Su\u00ed\u00e7a. As freq\u00fc\u00eancias ajust\u00e1veis\n e constantes de pot\u00eancia dos sistemas geradores HF vari\u00e1veis BBUS (sistema ultra-s\u00f4nico de banda larga) s\u00e3o utilizadas no mundo inteiro com um \nalto padr\u00e3o de qualidade como \"Made in Switzerland\".<\/span><\/pre>\n<table style=\"width: 83.0601%; border-style: hidden; border-color: #ffffff; background-color: #ffffff; height: 536px;\">\n<tbody>\n<tr style=\"border-style: hidden;\">\n<td style=\"width: 41.1457%; border-style: hidden; height: 121px;\"><\/td>\n<td style=\"width: 245.268%; height: 121px; border-style: hidden;\"><\/td>\n<\/tr>\n<tr style=\"height: 315px; border-style: hidden;\">\n<td style=\"width: 41.1457%; height: 315px;\">\n<pre style=\"text-align: left;\"><span style=\"color: #808080;\"><span style=\"font-size: 14px;\"><span style=\"font-family: arial, helvetica, sans-serif;\">Telefone<\/span><\/span><span style=\"font-size: 14px;\"><span style=\"font-family: arial, helvetica, sans-serif;\">:<\/span><\/span><span style=\"font-size: 14px;\"><span style=\"font-family: arial, helvetica, sans-serif;\">\nFax:\n<\/span><span style=\"font-family: arial, helvetica, sans-serif;\">Vendas:\n<\/span><span style=\"font-family: arial, helvetica, sans-serif;\">Administra\u00e7\u00e3o:\n<\/span><span style=\"font-family: arial, helvetica, sans-serif;\">\nCentral:\n<\/span><span style=\"font-family: arial, helvetica, sans-serif;\">Administra\u00e7\u00e3o:\n<\/span><span style=\"font-family: arial, helvetica, sans-serif;\">Servi\u00e7o:\n<\/span><span style=\"font-family: arial, helvetica, sans-serif;\">Vendas:\n<\/span><span style=\"font-family: arial, helvetica, sans-serif;\">Skype:<\/span><\/span><\/span>\n\n<span style=\"font-size: 14px; color: #808080;\"><span style=\"font-family: arial, helvetica, sans-serif;\">Company no.\/UID:\n<\/span><span style=\"font-family: arial, helvetica, sans-serif;\">Company ID:\n<\/span><span style=\"font-family: arial, helvetica, sans-serif;\">VAT no..:<\/span><\/span><\/pre>\n<\/td>\n<td style=\"width: 245.268%; height: 315px; border-style: hidden;\">\n<pre><span style=\"font-size: 14px; color: #808080;\"><span style=\"font-family: arial, helvetica, sans-serif;\">(+41) 52 544 54 56\n<\/span><span style=\"font-family: arial, helvetica, sans-serif;\">(+41) 52 544 56 58\n<\/span><span style=\"font-family: arial, helvetica, sans-serif;\">(+41) 78 404 71 18\n<\/span><span style=\"font-family: arial, helvetica, sans-serif;\">(+41) 52 544 54 56\n<\/span><span style=\"font-family: arial, helvetica, sans-serif;\">\ninfo@medisonics.com\n<\/span><span style=\"font-family: arial, helvetica, sans-serif;\">fm@medisonics.com\n<\/span><span style=\"font-family: arial, helvetica, sans-serif;\">service@medisonics.com\n<\/span><span style=\"font-family: arial, helvetica, sans-serif;\">sales@medisonics.com\n<\/span><span style=\"font-family: arial, helvetica, sans-serif;\">medisonics\n<\/span><span style=\"font-family: arial, helvetica, sans-serif;\">\nCHE-397.860.806\n<\/span><span style=\"font-family: arial, helvetica, sans-serif;\">CH-020.3.045.642-1\n<\/span><span style=\"font-family: arial, helvetica, sans-serif;\">CHE-397.860.806<\/span><\/span><\/pre>\n<\/td>\n<\/tr>\n<\/tbody>\n<\/table>\n<table style=\"height: 372px; width: 100%; border-collapse: collapse; border-style: hidden;\">\n<tbody>\n<tr style=\"height: 101px; border-style: hidden;\">\n<td style=\"width: 34.0415%; height: 101px; border-style: hidden;\">\n<pre><strong><span style=\"font-family: arial, helvetica, sans-serif; font-size: 12px;\"><span style=\"font-size: 16px;\">MediSonics do Brasil Ltda<\/span>\n<\/span><\/strong><span style=\"font-size: 14px; color: #808080;\"><span style=\"font-family: arial, helvetica, sans-serif;\">Felipe W. Messerli\n<\/span><span style=\"font-family: arial, helvetica, sans-serif;\">Masch. Ing. Econ. HF\/EurEta - CEO\/CTO\n<\/span><span style=\"font-family: arial, helvetica, sans-serif;\">Rua Corb\u00e9lia 1403\n<\/span><span style=\"font-family: arial, helvetica, sans-serif;\">83.325-260 - Pinhais - Paran\u00e1\nBrasil<\/span><\/span><\/pre>\n<\/td>\n<td style=\"width: 65.9585%; height: 101px;\"><\/td>\n<\/tr>\n<tr style=\"height: 357px; border-style: hidden;\">\n<td style=\"width: 34.0415%; height: 271px; border-style: hidden;\">\n<pre><span style=\"font-size: 14px; font-family: arial, helvetica, sans-serif; color: #808080;\">Telefone:<\/span>\n<span style=\"font-size: 12px; color: #808080;\"><span style=\"font-size: 14px;\"><span style=\"font-family: arial, helvetica, sans-serif;\">Fax:\nVendas:\nAdministra\u00e7\u00e3o:\nVendas Brasil:<\/span><\/span><\/span>\n\n<span style=\"font-family: arial, helvetica, sans-serif; font-size: 14px; color: #808080;\">Central:<\/span>\n<span style=\"font-size: 12px; color: #808080;\"><span style=\"font-size: 14px;\"><span style=\"font-family: arial, helvetica, sans-serif;\">Administra\u00e7\u00e3o:\n<\/span><span style=\"font-family: arial, helvetica, sans-serif;\">Servi\u00e7o:\n<\/span><span style=\"font-family: arial, helvetica, sans-serif;\">Vendas:\n<\/span><span style=\"font-family: arial, helvetica, sans-serif;\">Skype\n<\/span><span style=\"font-family: arial, helvetica, sans-serif;\">\nCNPJ:<\/span><\/span> <\/span><\/pre>\n<\/td>\n<td style=\"width: 65.9585%; height: 271px;\">\n<pre><span style=\"font-family: arial, helvetica, sans-serif; font-size: 14px; color: #808080;\">(+41) 52 544 54 56\n(+41) 52 544 56 58\n(+41) 78 404 71 18\n(+41) 52 544 54 56\n(+55) 41 98418 39 90<\/span>\n\n<span style=\"font-family: arial, helvetica, sans-serif; font-size: 14px; color: #808080;\">info@medisonics.com<\/span>\n<span style=\"font-size: 14px; color: #808080;\"><span style=\"font-family: arial, helvetica, sans-serif;\">fm@medisonics.com\nservice@medisonics.com\nsales@medisonics.com\nmedisonics<\/span><\/span>\n\n<span style=\"font-size: 14px; color: #808080;\"><span style=\"font-family: arial, helvetica, sans-serif;\">02.964.695\/0001-57<\/span><\/span><\/pre>\n<\/td>\n<\/tr>\n<\/tbody>\n<\/table>\n<p>[\/vc_column_text][\/vc_column][\/vc_row]<\/p>\n","protected":false},"excerpt":{"rendered":"<p>[vc_row][vc_column][vc_row_inner][vc_column_inner][vc_empty_space height=&#8221;10px&#8221;][\/vc_column_inner][\/vc_row_inner][vc_column_text css_animation=&#8221;none&#8221;] Sobre N\u00f3s A MediSonics tem mais de 35 anos de experi\u00eancia em tecnologia de ultra-som e est\u00e1 sediada em Winterthur, perto de Zurique, na Su\u00ed\u00e7a. DA empresa \u00e9 especializada no desenvolvimento, fabrica\u00e7\u00e3o e distribui\u00e7\u00e3o de sistemas ultra-s\u00f4nicos e respectivos acess\u00f3rios, bem como em prepara\u00e7\u00f5es de desinfec\u00e7\u00e3o e limpeza espec\u00edficas para cada aplica\u00e7\u00e3o. [&hellip;]<\/p>\n","protected":false},"author":1,"featured_media":0,"parent":0,"menu_order":0,"comment_status":"closed","ping_status":"closed","template":"","meta":{"_monsterinsights_skip_tracking":false,"_monsterinsights_sitenote_active":false,"_monsterinsights_sitenote_note":"","_monsterinsights_sitenote_category":0,"footnotes":""},"jetpack_sharing_enabled":true,"_links":{"self":[{"href":"https:\/\/www.medisonics.com\/pt-br\/wp-json\/wp\/v2\/pages\/10133"}],"collection":[{"href":"https:\/\/www.medisonics.com\/pt-br\/wp-json\/wp\/v2\/pages"}],"about":[{"href":"https:\/\/www.medisonics.com\/pt-br\/wp-json\/wp\/v2\/types\/page"}],"author":[{"embeddable":true,"href":"https:\/\/www.medisonics.com\/pt-br\/wp-json\/wp\/v2\/users\/1"}],"replies":[{"embeddable":true,"href":"https:\/\/www.medisonics.com\/pt-br\/wp-json\/wp\/v2\/comments?post=10133"}],"version-history":[{"count":5,"href":"https:\/\/www.medisonics.com\/pt-br\/wp-json\/wp\/v2\/pages\/10133\/revisions"}],"predecessor-version":[{"id":10753,"href":"https:\/\/www.medisonics.com\/pt-br\/wp-json\/wp\/v2\/pages\/10133\/revisions\/10753"}],"wp:attachment":[{"href":"https:\/\/www.medisonics.com\/pt-br\/wp-json\/wp\/v2\/media?parent=10133"}],"curies":[{"name":"wp","href":"https:\/\/api.w.org\/{rel}","templated":true}]}}