{"id":10342,"date":"2019-08-23T10:44:20","date_gmt":"2019-08-23T10:44:20","guid":{"rendered":"https:\/\/www.medisonics.com\/startseite\/"},"modified":"2023-01-26T14:01:49","modified_gmt":"2023-01-26T14:01:49","slug":"home","status":"publish","type":"page","link":"https:\/\/www.medisonics.com\/pt-br\/","title":{"rendered":"Startseite"},"content":{"rendered":"<p>[vc_row][vc_column]\n\t\t\t<!-- START Home 100 REVOLUTION SLIDER 6.6.20 --><p class=\"rs-p-wp-fix\"><\/p>\n\t\t\t<rs-module-wrap id=\"rev_slider_13_1_wrapper\" data-source=\"gallery\" style=\"visibility:hidden;background:transparent;padding:0;margin:0px auto;margin-top:0;margin-bottom:0;\">\n\t\t\t\t<rs-module id=\"rev_slider_13_1\" style=\"\" data-version=\"6.6.20\">\n\t\t\t\t\t<rs-slides style=\"overflow: hidden; position: absolute;\">\n\t\t\t\t\t\t<rs-slide style=\"position: absolute;\" data-key=\"rs-36\" data-title=\"Slide\" data-invisible=\"true\" data-anim=\"adpr:false;ms:50;\" data-in=\"o:1;\" data-out=\"a:false;\">\n\t\t\t\t\t\t\t<img decoding=\"async\" src=\"\/\/www.medisonics.com\/wp-content\/plugins\/revslider\/public\/assets\/assets\/dummy.png\" alt=\"Slide\" title=\"100_1-3_36.jpeg\" width=\"1920\" height=\"1080\" class=\"rev-slidebg tp-rs-img rs-lazyload\" data-lazyload=\"\/\/www.medisonics.com\/wp-content\/plugins\/revslider\/public\/assets\/assets\/transparent.png\" data-parallax=\"off\" data-no-retina>\n<!--\n\t\t\t\t\t\t\t--><rs-layer\n\t\t\t\t\t\t\t\tid=\"slider-13-slide-36-layer-0\" \n\t\t\t\t\t\t\t\tclass=\"rs-layer-video intrinsic-ignore\"\n\t\t\t\t\t\t\t\tdata-type=\"video\"\n\t\t\t\t\t\t\t\tdata-rsp_ch=\"on\"\n\t\t\t\t\t\t\t\tdata-text=\"w:normal;\"\n\t\t\t\t\t\t\t\tdata-dim=\"w:100%;h:100%;\"\n\t\t\t\t\t\t\t\tdata-basealign=\"slide\"\n\t\t\t\t\t\t\t\tdata-video=\"vfc:true;twa:false;vd:50;rwd:f;l:true;ptimer:false;nse:f;sav:f;afs:f;vc:t;inl:f;\"\n\t\t\t\t\t\t\t\tdata-poster=\"\/\/www.medisonics.com\/wp-content\/uploads\/revslider\/video-media\/100_1-3_36_layer.jpeg\"\n\t\t\t\t\t\t\t\tdata-mp4=\"\/\/www.medisonics.com\/wp-content\/uploads\/2022\/05\/100_1-3.mp4\"\n\t\t\t\t\t\t\t\tdata-frame_999=\"o:0;st:w;\"\n\t\t\t\t\t\t\t\tstyle=\"z-index:8;\"\n\t\t\t\t\t\t\t>\n\t\t\t\t\t\t\t<\/rs-layer><!--\n-->\t\t\t\t\t\t<\/rs-slide>\n\t\t\t\t\t<\/rs-slides>\n\t\t\t\t\t<rs-static-layers><!--\n\t\t\t\t\t--><\/rs-static-layers>\n\t\t\t\t<\/rs-module>\n\t\t\t\t<script>\n\t\t\t\t\tsetREVStartSize({c: 'rev_slider_13_1',rl:[1240,1024,778,480],el:[650],gw:[1240],gh:[650],type:'hero',justify:'',layout:'fullwidth',mh:\"0\"});if (window.RS_MODULES!==undefined && window.RS_MODULES.modules!==undefined && window.RS_MODULES.modules[\"revslider131\"]!==undefined) {window.RS_MODULES.modules[\"revslider131\"].once = false;window.revapi13 = undefined;if (window.RS_MODULES.checkMinimal!==undefined) window.RS_MODULES.checkMinimal()}\n\t\t\t\t<\/script>\n\t\t\t<\/rs-module-wrap>\n\t\t\t<!-- END REVOLUTION SLIDER -->\n[\/vc_column][\/vc_row][vc_row equal_height=&#8221;yes&#8221; css=&#8221;.vc_custom_1653377186069{border-radius: 1px !important;}&#8221;][vc_column css_animation=&#8221;fadeIn&#8221; width=&#8221;1\/4&#8243; css=&#8221;.vc_custom_1653487473717{border-radius: 1px !important;}&#8221;]\n\t\t\t<!-- START Industry REVOLUTION SLIDER 6.6.20 --><p class=\"rs-p-wp-fix\"><\/p>\n\t\t\t<rs-module-wrap id=\"rev_slider_25_2_wrapper\" data-source=\"gallery\" style=\"visibility:hidden;background:transparent;padding:0;margin:0px auto;margin-top:0;margin-bottom:0;\">\n\t\t\t\t<rs-module id=\"rev_slider_25_2\" style=\"\" data-version=\"6.6.20\">\n\t\t\t\t\t<rs-slides style=\"overflow: hidden; position: absolute;\">\n\t\t\t\t\t\t<rs-slide style=\"position: absolute;\" data-key=\"rs-52\" data-title=\"Slide\" data-anim=\"adpr:false;ms:50;\" data-in=\"o:0;\" data-out=\"a:false;\">\n\t\t\t\t\t\t\t<img decoding=\"async\" src=\"\/\/www.medisonics.com\/wp-content\/plugins\/revslider\/public\/assets\/assets\/dummy.png\" alt=\"\" title=\"001_01-Industrie\" width=\"612\" height=\"408\" class=\"rev-slidebg tp-rs-img rs-lazyload\" data-lazyload=\"\/\/www.medisonics.com\/wp-content\/uploads\/2022\/05\/001_01-Industrie.png\" data-bg=\"p:center bottom;f:40% 100%;\" data-no-retina>\n<!--\n\t\t\t\t\t\t\t--><a\n\t\t\t\t\t\t\t\tid=\"slider-25-slide-52-layer-0\" \n\t\t\t\t\t\t\t\tclass=\"rs-layer\"\n\t\t\t\t\t\t\t\thref=\"https:\/\/www.medisonics.com\/506_meduse_150_7ak\/\" target=\"_self\"\n\t\t\t\t\t\t\t\tdata-type=\"shape\"\n\t\t\t\t\t\t\t\tdata-rsp_ch=\"on\"\n\t\t\t\t\t\t\t\tdata-xy=\"x:c;y:c;\"\n\t\t\t\t\t\t\t\tdata-text=\"w:normal;\"\n\t\t\t\t\t\t\t\tdata-dim=\"w:100%;h:328px;\"\n\t\t\t\t\t\t\t\tdata-frame_1=\"sp:50;\"\n\t\t\t\t\t\t\t\tdata-frame_999=\"o:0;st:w;sR:8950;\"\n\t\t\t\t\t\t\t\tstyle=\"z-index:5;background-color:rgba(0,0,0,0);\"\n\t\t\t\t\t\t\t> \n\t\t\t\t\t\t\t<\/a><!--\n-->\t\t\t\t\t\t<\/rs-slide>\n\t\t\t\t\t<\/rs-slides>\n\t\t\t\t<\/rs-module>\n\t\t\t\t<script>\n\t\t\t\t\tsetREVStartSize({c: 'rev_slider_25_2',rl:[1240,1024,778,480],el:[300],gw:[400],gh:[300],type:'standard',justify:'',layout:'fullwidth',mh:\"0\"});if (window.RS_MODULES!==undefined && window.RS_MODULES.modules!==undefined && window.RS_MODULES.modules[\"revslider252\"]!==undefined) {window.RS_MODULES.modules[\"revslider252\"].once = false;window.revapi25 = undefined;if (window.RS_MODULES.checkMinimal!==undefined) window.RS_MODULES.checkMinimal()}\n\t\t\t\t<\/script>\n\t\t\t<\/rs-module-wrap>\n\t\t\t<!-- END REVOLUTION SLIDER -->\n[vc_column_text]<\/p>\n<h6><a href=\"https:\/\/www.medisonics.com\/pt-br\/506_meduse_150_7ak\/\"><span style=\"font-family: arial, helvetica, sans-serif; font-size: 20px; color: #333333;\">Industria<br \/>\n<\/span><span style=\"font-family: arial, helvetica, sans-serif; font-size: 14px; color: #808080;\">Nossos limpadores ultra-s\u00f4nicos profissionais da linha MedUSe s\u00e3o utilizados na ind\u00fastria e no servi\u00e7o para a limpeza eficaz de pe\u00e7as. Para um resultado de limpeza ideal, oferecemos uma ampla gama de produtos de limpeza adequados que s\u00e3o combinados com o tipo de sujeira e o material a ser limpo.<\/span><\/a><\/h6>\n<p>[\/vc_column_text][\/vc_column][vc_column width=&#8221;1\/4&#8243;]\n\t\t\t<!-- START Medicine REVOLUTION SLIDER 6.6.20 --><p class=\"rs-p-wp-fix\"><\/p>\n\t\t\t<rs-module-wrap id=\"rev_slider_26_3_wrapper\" data-source=\"gallery\" style=\"visibility:hidden;background:transparent;padding:0;margin:0px auto;margin-top:0;margin-bottom:0;\">\n\t\t\t\t<rs-module id=\"rev_slider_26_3\" style=\"\" data-version=\"6.6.20\">\n\t\t\t\t\t<rs-slides style=\"overflow: hidden; position: absolute;\">\n\t\t\t\t\t\t<rs-slide style=\"position: absolute;\" data-key=\"rs-54\" data-title=\"Slide\" data-anim=\"adpr:false;ms:50;\" data-in=\"o:0;\" data-out=\"a:false;\">\n\t\t\t\t\t\t\t<img decoding=\"async\" src=\"\/\/www.medisonics.com\/wp-content\/plugins\/revslider\/public\/assets\/assets\/dummy.png\" alt=\"\" title=\"000_02 &#8211; Endowrist-Instrumentensatz\" width=\"662\" height=\"377\" class=\"rev-slidebg tp-rs-img rs-lazyload\" data-lazyload=\"\/\/www.medisonics.com\/wp-content\/uploads\/2022\/05\/000_02-Endowrist-Instrumentensatz.png\" data-bg=\"p:center bottom;f:40% 100%;\" data-no-retina>\n<!--\n\t\t\t\t\t\t\t--><a\n\t\t\t\t\t\t\t\tid=\"slider-26-slide-54-layer-0\" \n\t\t\t\t\t\t\t\tclass=\"rs-layer\"\n\t\t\t\t\t\t\t\thref=\"https:\/\/www.medisonics.com\/504_meduse_60_f\/\" target=\"_self\"\n\t\t\t\t\t\t\t\tdata-type=\"shape\"\n\t\t\t\t\t\t\t\tdata-rsp_ch=\"on\"\n\t\t\t\t\t\t\t\tdata-xy=\"x:c;y:c;\"\n\t\t\t\t\t\t\t\tdata-text=\"w:normal;\"\n\t\t\t\t\t\t\t\tdata-dim=\"w:100%;h:100%;\"\n\t\t\t\t\t\t\t\tdata-frame_1=\"sp:50;\"\n\t\t\t\t\t\t\t\tdata-frame_999=\"o:0;st:w;sR:8950;\"\n\t\t\t\t\t\t\t\tstyle=\"z-index:5;background-color:rgba(0,0,0,0);\"\n\t\t\t\t\t\t\t> \n\t\t\t\t\t\t\t<\/a><!--\n-->\t\t\t\t\t\t<\/rs-slide>\n\t\t\t\t\t<\/rs-slides>\n\t\t\t\t<\/rs-module>\n\t\t\t\t<script>\n\t\t\t\t\tsetREVStartSize({c: 'rev_slider_26_3',rl:[1240,1024,778,480],el:[300],gw:[400],gh:[300],type:'standard',justify:'',layout:'fullwidth',mh:\"0\"});if (window.RS_MODULES!==undefined && window.RS_MODULES.modules!==undefined && window.RS_MODULES.modules[\"revslider263\"]!==undefined) {window.RS_MODULES.modules[\"revslider263\"].once = false;window.revapi26 = undefined;if (window.RS_MODULES.checkMinimal!==undefined) window.RS_MODULES.checkMinimal()}\n\t\t\t\t<\/script>\n\t\t\t<\/rs-module-wrap>\n\t\t\t<!-- END REVOLUTION SLIDER -->\n[vc_column_text]<\/p>\n<h6><a href=\"https:\/\/www.medisonics.com\/pt-br\/504_meduse_60_f\/\"><span style=\"font-family: arial, helvetica, sans-serif; font-size: 20px; color: #333333;\">Medicina<\/span><\/a><br \/>\n<a href=\"https:\/\/www.medisonics.com\/pt-br\/504_meduse_60_f\/\"><span style=\"font-family: arial, helvetica, sans-serif; font-size: 14px; color: #808080;\">Com nossos limpadores ultra-s\u00f4nicos e o reprocessamento correto, a limpeza simult\u00e2nea de instrumentos m\u00e9dicos \u00e9 poss\u00edvel. Nossa linha de produtos abrange desde banhos ultra-s\u00f4nicos compactos at\u00e9 dispositivos rob\u00f3ticos na \u00e1rea de pr\u00e9-limpeza nos departamentos de reprocessamento de instrumentos e especialmente para os instrumentos da Endowrist DaVinci do fabricante Intuitive Surgical.<\/span><\/a><\/h6>\n<p>[\/vc_column_text][\/vc_column][vc_column width=&#8221;1\/4&#8243;]\n\t\t\t<!-- START Dental REVOLUTION SLIDER 6.6.20 --><p class=\"rs-p-wp-fix\"><\/p>\n\t\t\t<rs-module-wrap id=\"rev_slider_27_4_wrapper\" data-source=\"gallery\" style=\"visibility:hidden;background:transparent;padding:0;margin:0px auto;margin-top:0;margin-bottom:0;\">\n\t\t\t\t<rs-module id=\"rev_slider_27_4\" style=\"\" data-version=\"6.6.20\">\n\t\t\t\t\t<rs-slides style=\"overflow: hidden; position: absolute;\">\n\t\t\t\t\t\t<rs-slide style=\"position: absolute;\" data-key=\"rs-56\" data-title=\"Slide\" data-anim=\"adpr:false;ms:50;\" data-in=\"o:0;\" data-out=\"a:false;\">\n\t\t\t\t\t\t\t<img decoding=\"async\" src=\"\/\/www.medisonics.com\/wp-content\/plugins\/revslider\/public\/assets\/assets\/dummy.png\" alt=\"\" title=\"03_-_Dentistry\" width=\"619\" height=\"403\" class=\"rev-slidebg tp-rs-img rs-lazyload\" data-lazyload=\"\/\/www.medisonics.com\/wp-content\/uploads\/2022\/05\/03_-_Dentistry.png\" data-bg=\"p:center bottom;f:40% 100%;\" data-no-retina>\n<!--\n\t\t\t\t\t\t\t--><a\n\t\t\t\t\t\t\t\tid=\"slider-27-slide-56-layer-0\" \n\t\t\t\t\t\t\t\tclass=\"rs-layer\"\n\t\t\t\t\t\t\t\thref=\"https:\/\/www.medisonics.com\/402_meduse_hp\/\" target=\"_self\"\n\t\t\t\t\t\t\t\tdata-type=\"shape\"\n\t\t\t\t\t\t\t\tdata-rsp_ch=\"on\"\n\t\t\t\t\t\t\t\tdata-xy=\"x:c;y:c;\"\n\t\t\t\t\t\t\t\tdata-text=\"w:normal;\"\n\t\t\t\t\t\t\t\tdata-dim=\"w:100%;h:100%;\"\n\t\t\t\t\t\t\t\tdata-frame_999=\"o:0;st:w;\"\n\t\t\t\t\t\t\t\tstyle=\"z-index:5;background-color:rgba(0,0,0,0);\"\n\t\t\t\t\t\t\t> \n\t\t\t\t\t\t\t<\/a><!--\n-->\t\t\t\t\t\t<\/rs-slide>\n\t\t\t\t\t<\/rs-slides>\n\t\t\t\t<\/rs-module>\n\t\t\t\t<script>\n\t\t\t\t\tsetREVStartSize({c: 'rev_slider_27_4',rl:[1240,1024,778,480],el:[300],gw:[400],gh:[300],type:'standard',justify:'',layout:'fullwidth',mh:\"0\"});if (window.RS_MODULES!==undefined && window.RS_MODULES.modules!==undefined && window.RS_MODULES.modules[\"revslider274\"]!==undefined) {window.RS_MODULES.modules[\"revslider274\"].once = false;window.revapi27 = undefined;if (window.RS_MODULES.checkMinimal!==undefined) window.RS_MODULES.checkMinimal()}\n\t\t\t\t<\/script>\n\t\t\t<\/rs-module-wrap>\n\t\t\t<!-- END REVOLUTION SLIDER -->\n[vc_column_text]<\/p>\n<h6><a href=\"https:\/\/www.medisonics.com\/pt-br\/402_meduse_hp\/\"><span style=\"font-family: arial, helvetica, sans-serif; font-size: 20px; color: #333333;\">Dental<\/span><\/a><br \/>\n<a href=\"https:\/\/www.medisonics.com\/pt-br\/402_meduse_hp\/\"><span style=\"font-family: arial, helvetica, sans-serif; font-size: 14px; color: #808080;\">A tecnologia ultra-s\u00f4nica de alto desempenho da s\u00e9rie de dispositivos MedUSe garante uma limpeza segura e de boa qualidade do reprocessamento de instrumentos em hospitais, consult\u00f3rios odontol\u00f3gicos e consult\u00f3rios m\u00e9dicos. A limpeza mec\u00e2nica e ultrass\u00f4nica potente n\u00e3o s\u00f3 protege ainda melhor seus pacientes e seu pessoal de pr\u00e1tica, mas tamb\u00e9m traz efici\u00eancia e uma relevante economia de tempo no reprocessamento de instrumentos gerais e dispositivos m\u00e9dicos.<\/span><\/a><\/h6>\n<h6><\/h6>\n<p>[\/vc_column_text][\/vc_column][vc_column width=&#8221;1\/4&#8243;]\n\t\t\t<!-- START Systems REVOLUTION SLIDER 6.6.20 --><p class=\"rs-p-wp-fix\"><\/p>\n\t\t\t<rs-module-wrap id=\"rev_slider_28_5_wrapper\" data-source=\"gallery\" style=\"visibility:hidden;background:transparent;padding:0;margin:0px auto;margin-top:0;margin-bottom:0;\">\n\t\t\t\t<rs-module id=\"rev_slider_28_5\" style=\"\" data-version=\"6.6.20\">\n\t\t\t\t\t<rs-slides style=\"overflow: hidden; position: absolute;\">\n\t\t\t\t\t\t<rs-slide style=\"position: absolute;\" data-key=\"rs-58\" data-title=\"BBUS\" data-anim=\"adpr:false;ms:10;\" data-in=\"o:1;\" data-out=\"a:false;\">\n\t\t\t\t\t\t\t<img decoding=\"async\" src=\"\/\/www.medisonics.com\/wp-content\/plugins\/revslider\/public\/assets\/assets\/dummy.png\" alt=\"\" title=\"301_6\" width=\"750\" height=\"286\" class=\"rev-slidebg tp-rs-img rs-lazyload\" data-lazyload=\"\/\/www.medisonics.com\/wp-content\/uploads\/2022\/05\/301_6-e1654009031195.png\" data-bg=\"p:center bottom;f:40% 100%;\" data-no-retina>\n<!--\n\t\t\t\t\t\t\t--><a\n\t\t\t\t\t\t\t\tid=\"slider-28-slide-58-layer-0\" \n\t\t\t\t\t\t\t\tclass=\"rs-layer\"\n\t\t\t\t\t\t\t\thref=\"https:\/\/www.medisonics.com\/301_geni_bbus_35\/\" target=\"_self\"\n\t\t\t\t\t\t\t\tdata-type=\"shape\"\n\t\t\t\t\t\t\t\tdata-rsp_ch=\"on\"\n\t\t\t\t\t\t\t\tdata-xy=\"x:c;y:b;\"\n\t\t\t\t\t\t\t\tdata-text=\"w:normal;\"\n\t\t\t\t\t\t\t\tdata-dim=\"w:100%;h:100%;\"\n\t\t\t\t\t\t\t\tdata-frame_1=\"sp:50;\"\n\t\t\t\t\t\t\t\tdata-frame_999=\"o:0;st:w;sR:8950;\"\n\t\t\t\t\t\t\t\tstyle=\"z-index:5;background-color:rgba(0,0,0,0);\"\n\t\t\t\t\t\t\t> \n\t\t\t\t\t\t\t<\/a><!--\n-->\t\t\t\t\t\t<\/rs-slide>\n\t\t\t\t\t<\/rs-slides>\n\t\t\t\t<\/rs-module>\n\t\t\t\t<script>\n\t\t\t\t\tsetREVStartSize({c: 'rev_slider_28_5',rl:[1240,1024,778,480],el:[300],gw:[400],gh:[300],type:'standard',justify:'',layout:'fullwidth',mh:\"0\"});if (window.RS_MODULES!==undefined && window.RS_MODULES.modules!==undefined && window.RS_MODULES.modules[\"revslider285\"]!==undefined) {window.RS_MODULES.modules[\"revslider285\"].once = false;window.revapi28 = undefined;if (window.RS_MODULES.checkMinimal!==undefined) window.RS_MODULES.checkMinimal()}\n\t\t\t\t<\/script>\n\t\t\t<\/rs-module-wrap>\n\t\t\t<!-- END REVOLUTION SLIDER -->\n[vc_column_text]<\/p>\n<h6><a href=\"https:\/\/www.medisonics.com\/pt-br\/301_geni_bbus_35\/\"><span style=\"font-family: arial, helvetica, sans-serif; font-size: 20px; color: #333333;\">Sistema de Ultra-som<br \/>\n<\/span><span style=\"font-family: arial, helvetica, sans-serif; font-size: 14px; color: #808080;\">Os potentes e confi\u00e1veis geradores modulares s\u00e3o utilizados para v\u00e1rias aplica\u00e7\u00f5es na limpeza de micro e nano superf\u00edcies.<br \/>\nA sa\u00edda constante de energia com fun\u00e7\u00f5es de intervalo garante um tratamento ultra-s\u00f4nico extremamente preciso de todos os objetos a serem limpos<br \/>\nA escolha de 5 tamanhos diferentes de carca\u00e7a para os m\u00f3dulos do gerador torna poss\u00edvel instalar o m\u00f3dulo mais adequado para cada aplica\u00e7\u00e3o de 1 kW at\u00e9 5 kW.<\/span><\/a><\/h6>\n<p>[\/vc_column_text][\/vc_column][\/vc_row]<\/p>\n","protected":false},"excerpt":{"rendered":"<p>[vc_row][vc_column][\/vc_column][\/vc_row][vc_row equal_height=&#8221;yes&#8221; css=&#8221;.vc_custom_1653377186069{border-radius: 1px !important;}&#8221;][vc_column css_animation=&#8221;fadeIn&#8221; width=&#8221;1\/4&#8243; css=&#8221;.vc_custom_1653487473717{border-radius: 1px !important;}&#8221;][vc_column_text] Industria Nossos limpadores ultra-s\u00f4nicos profissionais da linha MedUSe s\u00e3o utilizados na ind\u00fastria e no servi\u00e7o para a limpeza eficaz de pe\u00e7as. Para um resultado de limpeza ideal, oferecemos uma ampla gama de produtos de limpeza adequados que s\u00e3o combinados com o tipo de sujeira e [&hellip;]<\/p>\n","protected":false},"author":1,"featured_media":0,"parent":0,"menu_order":0,"comment_status":"closed","ping_status":"closed","template":"","meta":{"_monsterinsights_skip_tracking":false,"_monsterinsights_sitenote_active":false,"_monsterinsights_sitenote_note":"","_monsterinsights_sitenote_category":0,"footnotes":""},"jetpack_sharing_enabled":true,"_links":{"self":[{"href":"https:\/\/www.medisonics.com\/pt-br\/wp-json\/wp\/v2\/pages\/10342"}],"collection":[{"href":"https:\/\/www.medisonics.com\/pt-br\/wp-json\/wp\/v2\/pages"}],"about":[{"href":"https:\/\/www.medisonics.com\/pt-br\/wp-json\/wp\/v2\/types\/page"}],"author":[{"embeddable":true,"href":"https:\/\/www.medisonics.com\/pt-br\/wp-json\/wp\/v2\/users\/1"}],"replies":[{"embeddable":true,"href":"https:\/\/www.medisonics.com\/pt-br\/wp-json\/wp\/v2\/comments?post=10342"}],"version-history":[{"count":8,"href":"https:\/\/www.medisonics.com\/pt-br\/wp-json\/wp\/v2\/pages\/10342\/revisions"}],"predecessor-version":[{"id":10737,"href":"https:\/\/www.medisonics.com\/pt-br\/wp-json\/wp\/v2\/pages\/10342\/revisions\/10737"}],"wp:attachment":[{"href":"https:\/\/www.medisonics.com\/pt-br\/wp-json\/wp\/v2\/media?parent=10342"}],"curies":[{"name":"wp","href":"https:\/\/api.w.org\/{rel}","templated":true}]}}