{"id":10398,"date":"2022-05-17T11:10:21","date_gmt":"2022-05-17T11:10:21","guid":{"rendered":"https:\/\/www.medisonics.com\/201_ultraschall_prinzip-2\/"},"modified":"2023-01-27T07:51:22","modified_gmt":"2023-01-27T07:51:22","slug":"201_ultraschall_prinzip","status":"publish","type":"page","link":"https:\/\/www.medisonics.com\/pt-br\/201_ultraschall_prinzip\/","title":{"rendered":"201_Ultraschall_Prinzip"},"content":{"rendered":"<p>[vc_row full_height=&#8221;yes&#8221; columns_placement=&#8221;top&#8221;][vc_column]\n\t\t\t<!-- START Home 200_1 REVOLUTION SLIDER 6.6.20 --><p class=\"rs-p-wp-fix\"><\/p>\n\t\t\t<rs-module-wrap id=\"rev_slider_17_1_wrapper\" data-source=\"gallery\" style=\"visibility:hidden;background:transparent;padding:0;margin:0px auto;margin-top:0;margin-bottom:0;\">\n\t\t\t\t<rs-module id=\"rev_slider_17_1\" style=\"\" data-version=\"6.6.20\">\n\t\t\t\t\t<rs-slides style=\"overflow: hidden; position: absolute;\">\n\t\t\t\t\t\t<rs-slide style=\"position: absolute;\" data-key=\"rs-43\" data-title=\"Slide\" data-anim=\"adpr:false;ms:50;\" data-in=\"o:0;\" data-out=\"a:false;\">\n\t\t\t\t\t\t\t<img decoding=\"async\" src=\"\/\/www.medisonics.com\/wp-content\/plugins\/revslider\/public\/assets\/assets\/dummy.png\" alt=\"Slide\" class=\"rev-slidebg tp-rs-img rs-lazyload\" data-lazyload=\"\/\/www.medisonics.com\/wp-content\/plugins\/revslider\/public\/assets\/assets\/transparent.png\" data-no-retina>\n<!--\n\t\t\t\t\t\t\t--><rs-layer\n\t\t\t\t\t\t\t\tid=\"slider-17-slide-43-layer-0\" \n\t\t\t\t\t\t\t\tclass=\"rs-nolc rs-layer-video intrinsic-ignore\"\n\t\t\t\t\t\t\t\tdata-type=\"video\"\n\t\t\t\t\t\t\t\tdata-rsp_ch=\"on\"\n\t\t\t\t\t\t\t\tdata-text=\"w:normal;\"\n\t\t\t\t\t\t\t\tdata-dim=\"w:100%;h:100%;\"\n\t\t\t\t\t\t\t\tdata-basealign=\"slide\"\n\t\t\t\t\t\t\t\tdata-video=\"vfc:true;vd:100;l:false;ptimer:false;vc:t;\"\n\t\t\t\t\t\t\t\tdata-poster=\"\/\/www.medisonics.com\/wp-content\/uploads\/revslider\/video-media\/200_01_43_layer1.jpeg\"\n\t\t\t\t\t\t\t\tdata-mp4=\"\/\/www.medisonics.com\/wp-content\/uploads\/2022\/05\/200_01.mp4\"\n\t\t\t\t\t\t\t\tdata-frame_999=\"o:0;st:w;\"\n\t\t\t\t\t\t\t\tstyle=\"z-index:8;\"\n\t\t\t\t\t\t\t>\n\t\t\t\t\t\t\t<\/rs-layer><!--\n-->\t\t\t\t\t\t<\/rs-slide>\n\t\t\t\t\t<\/rs-slides>\n\t\t\t\t<\/rs-module>\n\t\t\t\t<script>\n\t\t\t\t\tsetREVStartSize({c: 'rev_slider_17_1',rl:[1240,1024,778,480],el:[650],gw:[1240],gh:[650],type:'hero',justify:'',layout:'fullwidth',mh:\"0\"});if (window.RS_MODULES!==undefined && window.RS_MODULES.modules!==undefined && window.RS_MODULES.modules[\"revslider171\"]!==undefined) {window.RS_MODULES.modules[\"revslider171\"].once = false;window.revapi17 = undefined;if (window.RS_MODULES.checkMinimal!==undefined) window.RS_MODULES.checkMinimal()}\n\t\t\t\t<\/script>\n\t\t\t<\/rs-module-wrap>\n\t\t\t<!-- END REVOLUTION SLIDER -->\n[vc_empty_space height=&#8221;10px&#8221;][vc_column_text]<\/p>\n<pre><strong><span style=\"font-family: arial, helvetica, sans-serif; font-size: 24px; color: #000000;\">Ultrasonic principle<\/span><\/strong><\/pre>\n<hr \/>\n<p><span style=\"font-size: 16px;\"><strong><span style=\"font-family: arial, helvetica, sans-serif; color: #000000;\"><span style=\"font-size: 20px;\">Tecnologia<\/span><br \/>\n<\/span><\/strong><\/span><span style=\"font-family: arial, helvetica, sans-serif; font-size: 14px; color: #808080;\">Os sistemas de transdutores piezocer\u00e2micos s\u00e3o usados para gerar as vibra\u00e7\u00f5es ultra-s\u00f4nicas. Estes s\u00e3o ligados ao tanque oscilante e cont\u00eam um disco piezocer\u00e2mico que se expande ou se contrai quando uma tens\u00e3o \u00e9 aplicada. Para gerar ultra-som, um gerador de alta freq\u00fc\u00eancia \u00e9 usado para converter a freq\u00fc\u00eancia de rede de 50 Hz para pelo menos 20 kHz. A freq\u00fc\u00eancia ressonante de um sistema de vibra\u00e7\u00e3o ultra-s\u00f4nica \u00e9 definida pelo conjunto e n\u00e3o pode ser alterada ap\u00f3s a fabrica\u00e7\u00e3o. <\/span><\/p>\n<p><strong><span style=\"font-size: 16px;\"><span style=\"font-family: arial, helvetica, sans-serif; color: #000000;\"><span style=\"font-size: 20px;\">Freq\u00fc\u00eancias<\/span><\/span><\/span><span style=\"font-size: 16px;\"><span style=\"font-family: arial, helvetica, sans-serif; color: #000000;\"><br \/>\n<\/span><\/span><\/strong> <span style=\"font-family: arial, helvetica, sans-serif; font-size: 14px; color: #808080;\">Freq\u00fc\u00eancias de 20 kHz a 400 kHz s\u00e3o comumente usadas. As baixas freq\u00fc\u00eancias em torno de 20 kHz produzem bolhas de maior di\u00e2metro com maior penetra\u00e7\u00e3o, enquanto as freq\u00fc\u00eancias mais altas a partir de 35 kHz s\u00e3o mais adequadas para a limpeza intensiva e suave das superf\u00edcies. A freq\u00fc\u00eancia atual comum para part\u00edculas com di\u00e2metro maior que 1 \u00b5m \u00e9 de cerca de 200 kHz. A faixa de freq\u00fc\u00eancia acima de 400 kHz at\u00e9 1,2 MHz tamb\u00e9m \u00e9 referida como megas\u00f4nica na literatura t\u00e9cnica. Aqui, part\u00edculas com di\u00e2metro inferior a 1 \u00b5m s\u00e3o destacadas de forma ideal. A freq\u00fc\u00eancia necess\u00e1ria \u00e9 determinada pela menor abertura ou estrutura que pode ser limpa pelo som.<\/span><\/p>\n<p><strong><span style=\"font-size: 16px;\"><span style=\"font-family: arial, helvetica, sans-serif; color: #808080;\"><span style=\"color: #000000;\"><span style=\"font-size: 20px;\">Aplica\u00e7\u00e3o<\/span><\/span><\/span><\/span><span style=\"font-size: 16px;\"><span style=\"font-family: arial, helvetica, sans-serif; color: #808080;\"><span style=\"color: #000000;\"><br \/>\n<\/span><\/span><\/span><\/strong> <span style=\"font-family: arial, helvetica, sans-serif; font-size: 14px; color: #808080;\">O uso de solventes, \u00e1cidos ou \u00e1lcalis suporta significativamente o efeito de limpeza dos banhos ultra-s\u00f4nicos. Em particular, a tens\u00e3o superficial da \u00e1gua deve ser reduzida com uma prepara\u00e7\u00e3o de limpeza adequada para uma limpeza ultra-s\u00f4nica eficaz. Nenhum l\u00edquido inflam\u00e1vel \u00e9 usado como agente de limpeza, j\u00e1 que o ultra-som sempre faz com que o calor seja introduzido no l\u00edquido, o que poderia levar \u00e0 igni\u00e7\u00e3o do l\u00edquido do banho se a temperatura de igni\u00e7\u00e3o for ultrapassada. Os banhos ultra-s\u00f4nicos tamb\u00e9m s\u00e3o usados no preparo de amostras para fender, ou seja, fragmentos, subst\u00e2ncias biol\u00f3gicas no laborat\u00f3rio anal\u00edtico. Os banhos ultra-s\u00f4nicos s\u00e3o usados para a ruptura celular ou para cisalhamento do DNA.<\/span><\/p>\n<p><span style=\"font-size: 20px;\"><strong><span style=\"font-family: arial, helvetica, sans-serif; color: #000000;\">Equipamento ultra-s\u00f4nico<\/span><\/strong><\/span><br \/>\n<span style=\"font-family: arial, helvetica, sans-serif; font-size: 14px; color: #808080;\">Equipamentos de limpeza por ultra-som s\u00e3o freq\u00fcentemente usados para limpar componentes pequenos, complexos e finamente estruturados. Por exemplo, joalheiros, ourives, t\u00e9cnicos de odontologia, relojoeiros e oftalmologistas usam banhos de limpeza ultra-s\u00f4nicos para limpar seus produtos. Na ind\u00fastria m\u00e9dica, banhos ultra-s\u00f4nicos de alto desempenho s\u00e3o utilizados para o reprocessamento de instrumentos cir\u00fargicos. Os res\u00edduos de sangue e tecidos podem ser efetivamente dissolvidos a partir das articula\u00e7\u00f5es dos instrumentos. Al\u00e9m disso, o ultra-som reduz o tempo de exposi\u00e7\u00e3o necess\u00e1rio para os desinfetantes. Na ind\u00fastria automotiva, banhos ultra-s\u00f4nicos s\u00e3o utilizados para a limpeza de carburadores, velas de igni\u00e7\u00e3o e bicos de inje\u00e7\u00e3o. Para a limpeza de pe\u00e7as brutas, por exemplo, para acabamento de superf\u00edcies (galvanoplastia), s\u00e3o utilizados sistemas de limpeza industrial por ultra-som de grande porte.<\/span><\/p>\n<p><strong><span style=\"font-family: arial, helvetica, sans-serif; font-size: 16px;\"><span style=\"color: #000000;\"><span style=\"font-size: 20px;\">Estrutura<\/span><br \/>\n<\/span><\/span><\/strong> <span style=\"font-family: arial, helvetica, sans-serif; font-size: 14px; color: #808080;\">O sistema consiste de um tanque cheio de l\u00edquido, possivelmente aquecido, um ou mais transdutores ultra-s\u00f4nicos ou osciladores ultra-s\u00f4nicos e um gerador que alimenta o(s) transdutor(es) com energia el\u00e9trica de alta freq\u00fc\u00eancia. Os transdutores de som podem ser ligados tanto diretamente ao exterior das paredes como sob o fundo do tanque. Com este projeto, o ultra-som \u00e9 ent\u00e3o introduzido diretamente no l\u00edquido atrav\u00e9s das paredes e\/ou do piso. Outra variante \u00e9 o chamado transdutor submers\u00edvel, que \u00e9 suspenso no l\u00edquido ou preso a racks no tanque. Finalmente, h\u00e1 transdutores de placa que s\u00e3o flangeados a uma abertura correspondente na parede do tanque. Os dispositivos s\u00e3o geralmente feitos de a\u00e7o inoxid\u00e1vel. A disposi\u00e7\u00e3o e distribui\u00e7\u00e3o dos transdutores sonoros deve ser tal que seja criado um campo sonoro uniformemente forte e n\u00e3o est\u00e1tico. Em alguns casos, a freq\u00fc\u00eancia \u00e9 modulada para evitar ondas em p\u00e9. Uma fun\u00e7\u00e3o para desgaseificar o l\u00edquido de limpeza tamb\u00e9m n\u00e3o \u00e9 incomum. Aqui, a pot\u00eancia de sa\u00edda do dispositivo \u00e9 pulsada para permitir que quaisquer bolhas de g\u00e1s subam \u00e0 superf\u00edcie. O pano de fundo disto \u00e9 a m\u00e1 forma\u00e7\u00e3o de bolhas de cavita\u00e7\u00e3o na presen\u00e7a de bolhas de g\u00e1s, uma vez que estas absorveriam a energia. A pot\u00eancia sonora m\u00ednima necess\u00e1ria para um bom resultado de limpeza \u00e9 de cerca de 10-20 watts por litro de l\u00edquido de limpeza.<\/span> <span style=\"font-family: arial, helvetica, sans-serif; font-size: 14px; color: #808080;\">Os geradores de som requerem uma dist\u00e2ncia m\u00ednima de 1 &#8211; 2 cm para formar um campo sonoro homog\u00eaneo. O contato de pessoas com um banho ultra-s\u00f4nico ativo leva a um ataque \u00e0 estrutura celular e deve ser evitado.<\/span>[\/vc_column_text][\/vc_column][\/vc_row]<\/p>\n","protected":false},"excerpt":{"rendered":"<p>[vc_row full_height=&#8221;yes&#8221; columns_placement=&#8221;top&#8221;][vc_column][vc_empty_space height=&#8221;10px&#8221;][vc_column_text] Ultrasonic principle Tecnologia Os sistemas de transdutores piezocer\u00e2micos s\u00e3o usados para gerar as vibra\u00e7\u00f5es ultra-s\u00f4nicas. Estes s\u00e3o ligados ao tanque oscilante e cont\u00eam um disco piezocer\u00e2mico que se expande ou se contrai quando uma tens\u00e3o \u00e9 aplicada. Para gerar ultra-som, um gerador de alta freq\u00fc\u00eancia \u00e9 usado para converter a freq\u00fc\u00eancia [&hellip;]<\/p>\n","protected":false},"author":1,"featured_media":0,"parent":0,"menu_order":0,"comment_status":"closed","ping_status":"closed","template":"","meta":{"_monsterinsights_skip_tracking":false,"_monsterinsights_sitenote_active":false,"_monsterinsights_sitenote_note":"","_monsterinsights_sitenote_category":0,"footnotes":""},"jetpack_sharing_enabled":true,"_links":{"self":[{"href":"https:\/\/www.medisonics.com\/pt-br\/wp-json\/wp\/v2\/pages\/10398"}],"collection":[{"href":"https:\/\/www.medisonics.com\/pt-br\/wp-json\/wp\/v2\/pages"}],"about":[{"href":"https:\/\/www.medisonics.com\/pt-br\/wp-json\/wp\/v2\/types\/page"}],"author":[{"embeddable":true,"href":"https:\/\/www.medisonics.com\/pt-br\/wp-json\/wp\/v2\/users\/1"}],"replies":[{"embeddable":true,"href":"https:\/\/www.medisonics.com\/pt-br\/wp-json\/wp\/v2\/comments?post=10398"}],"version-history":[{"count":6,"href":"https:\/\/www.medisonics.com\/pt-br\/wp-json\/wp\/v2\/pages\/10398\/revisions"}],"predecessor-version":[{"id":10762,"href":"https:\/\/www.medisonics.com\/pt-br\/wp-json\/wp\/v2\/pages\/10398\/revisions\/10762"}],"wp:attachment":[{"href":"https:\/\/www.medisonics.com\/pt-br\/wp-json\/wp\/v2\/media?parent=10398"}],"curies":[{"name":"wp","href":"https:\/\/api.w.org\/{rel}","templated":true}]}}