{"id":10411,"date":"2022-05-17T14:49:01","date_gmt":"2022-05-17T14:49:01","guid":{"rendered":"https:\/\/www.medisonics.com\/601_verwendung_medizinisch\/"},"modified":"2022-08-01T08:17:11","modified_gmt":"2022-08-01T08:17:11","slug":"601_verwendung_medizinisch","status":"publish","type":"page","link":"https:\/\/www.medisonics.com\/pt-br\/601_verwendung_medizinisch\/","title":{"rendered":"601_Verwendung_medizinisch"},"content":{"rendered":"<p>[vc_row][vc_column]\n\t\t\t<!-- START Home 101 REVOLUTION SLIDER 6.6.20 --><p class=\"rs-p-wp-fix\"><\/p>\n\t\t\t<rs-module-wrap id=\"rev_slider_16_1_wrapper\" data-source=\"gallery\" style=\"visibility:hidden;background:transparent;padding:0;margin:0px auto;margin-top:0;margin-bottom:0;\">\n\t\t\t\t<rs-module id=\"rev_slider_16_1\" style=\"\" data-version=\"6.6.20\">\n\t\t\t\t\t<rs-slides style=\"overflow: hidden; position: absolute;\">\n\t\t\t\t\t\t<rs-slide style=\"position: absolute;\" data-key=\"rs-42\" data-title=\"Slide\" data-anim=\"adpr:false;\" data-in=\"o:0;\" data-out=\"a:false;\">\n\t\t\t\t\t\t\t<img decoding=\"async\" src=\"\/\/www.medisonics.com\/wp-content\/plugins\/revslider\/public\/assets\/assets\/dummy.png\" alt=\"Slide\" class=\"rev-slidebg tp-rs-img rs-lazyload\" data-lazyload=\"\/\/www.medisonics.com\/wp-content\/plugins\/revslider\/public\/assets\/assets\/transparent.png\" data-no-retina>\n<!--\n\t\t\t\t\t\t\t--><rs-layer\n\t\t\t\t\t\t\t\tid=\"slider-16-slide-42-layer-0\" \n\t\t\t\t\t\t\t\tclass=\"rs-nolc rs-layer-video intrinsic-ignore\"\n\t\t\t\t\t\t\t\tdata-type=\"video\"\n\t\t\t\t\t\t\t\tdata-rsp_ch=\"on\"\n\t\t\t\t\t\t\t\tdata-text=\"w:normal;\"\n\t\t\t\t\t\t\t\tdata-dim=\"w:100%;h:100%;\"\n\t\t\t\t\t\t\t\tdata-basealign=\"slide\"\n\t\t\t\t\t\t\t\tdata-video=\"vfc:true;twa:false;vd:100;rwd:f;l:true;ptimer:false;nse:f;sav:f;afs:f;inl:f;\"\n\t\t\t\t\t\t\t\tdata-poster=\"\/\/www.medisonics.com\/wp-content\/uploads\/revslider\/video-media\/100_1-3_42_layer.jpeg\"\n\t\t\t\t\t\t\t\tdata-mp4=\"\/\/www.medisonics.com\/wp-content\/uploads\/2022\/05\/100_1-3.mp4\"\n\t\t\t\t\t\t\t\tdata-frame_1=\"sp:50;\"\n\t\t\t\t\t\t\t\tdata-frame_999=\"o:0;st:w;sR:8950;\"\n\t\t\t\t\t\t\t\tstyle=\"z-index:5;\"\n\t\t\t\t\t\t\t>\n\t\t\t\t\t\t\t<\/rs-layer><!--\n-->\t\t\t\t\t\t<\/rs-slide>\n\t\t\t\t\t<\/rs-slides>\n\t\t\t\t<\/rs-module>\n\t\t\t\t<script>\n\t\t\t\t\tsetREVStartSize({c: 'rev_slider_16_1',rl:[1240,1024,778,480],el:[650],gw:[1240],gh:[650],type:'hero',justify:'',layout:'fullwidth',mh:\"0\"});if (window.RS_MODULES!==undefined && window.RS_MODULES.modules!==undefined && window.RS_MODULES.modules[\"revslider161\"]!==undefined) {window.RS_MODULES.modules[\"revslider161\"].once = false;window.revapi16 = undefined;if (window.RS_MODULES.checkMinimal!==undefined) window.RS_MODULES.checkMinimal()}\n\t\t\t\t<\/script>\n\t\t\t<\/rs-module-wrap>\n\t\t\t<!-- END REVOLUTION SLIDER -->\n[vc_empty_space height=&#8221;10px&#8221;][vc_column_text]<\/p>\n<pre><strong><span style=\"font-family: arial, helvetica, sans-serif; font-size: 24px;\">MedUSe DetMed<\/span>\n<span style=\"font-family: arial, helvetica, sans-serif; font-size: 16px; color: #808080;\">For ultrasonic cleaning of medical products<\/span><\/strong><\/pre>\n<hr>\n<h6><span style=\"font-family: arial, helvetica, sans-serif; color: #808080; font-size: 14px;\">In der Industrie gelten, je nach Arbeitsbereich, auch Hygienevorschriften f\u00fcr die Reinigung. Die meisten professionellen Reinigungsmittel f\u00fcr den industriellen Bedarf sind in fl\u00fcssiger Form erh\u00e4ltlich.<br \/>\nEinige Konzentrate werden direkt vor dem Einsatz in der Reinigung genau dosiert, andere werden von den Herstellern bereits im richtigen Mischungsverh\u00e4ltnis angeboten.<\/span><\/h6>\n<h6><span style=\"font-family: arial, helvetica, sans-serif; font-size: 14px; color: #808080;\">Zu den wichtigen Reinigungsmitteln in der Industrie geh\u00f6ren auch entfettungshaltige Teilereiniger. Um sicherzustellen, dass die Produkte marktreif sind, arbeiten wir eng mit anerkannten Pr\u00fcflabors und mit den Herstellern zusammen.<\/span><\/h6>\n<h6><span style=\"font-family: arial, helvetica, sans-serif; color: #808080; font-size: 14px;\">Daher beruhen unsere Angaben zur Produktleistung stets auf fundierten Erfahrungen und Produkten. Dies gibt dem Anwender unserer Produkte die gew\u00fcnschte Sicherheit in der Vorreinigungsphase.<\/span><\/h6>\n<h6><span style=\"font-family: arial, helvetica, sans-serif; font-size: 14px; color: #808080;\">Unterst\u00fctzung und Beratung &#8211; unsere St\u00e4rken Erarbeitung und Optimierung von Ultraschall-Reinigungsverfahren in Kombination mit MediSonics-Ger\u00e4ten und Ultraschalltechnologien. Die Durchf\u00fchrung von Wasser- und Oberfl\u00e4chenanalysen sowie Validierungen, die Durchf\u00fchrung von Produkt- und Anwendungsschulungen, die Unterst\u00fctzung bei Typpr\u00fcfungen und Prozessvalidierungen werden von unseren Spezialisten gezielt durchgef\u00fchrt.<\/span><\/h6>\n<p><span style=\"font-size: 20px; color: #000000;\"><span style=\"font-size: 16px;\">Medizinisches Reinigungsmittel<\/span><br \/>\n<\/span><\/p>\n<h6><span style=\"font-family: arial, helvetica, sans-serif; font-size: 14px; color: #808080;\">\n<table id=\"tablepress-12\" class=\"tablepress tablepress-id-12\">\n<thead>\n<tr class=\"row-1 odd\">\n\t<th class=\"column-1\">Designation\/type<\/th><th class=\"column-2\">Application<\/th><th class=\"column-3\">Dilution\/Vol. %<\/th><th class=\"column-4\">pH-value<\/th><th class=\"column-5\">Liquid\/Powder<\/th><th class=\"column-6\">Corrosion protection<\/th><th class=\"column-7\">Article no:<\/th>\n<\/tr>\n<\/thead>\n<tbody class=\"row-hover\">\n<tr class=\"row-2 even\">\n\t<td class=\"column-1\">DetMed 100<\/td><td class=\"column-2\">neodisher Mediclean Forte<\/td><td class=\"column-3\">0,1 - 1<\/td><td class=\"column-4\">10,1<\/td><td class=\"column-5\">F<\/td><td class=\"column-6\">x<\/td><td class=\"column-7\">DetMed 100-101<\/td>\n<\/tr>\n<tr class=\"row-3 odd\">\n\t<td class=\"column-1\">DetMed 200<\/td><td class=\"column-2\">neodisher Septo Pre Clean<\/td><td class=\"column-3\">1 - 10<\/td><td class=\"column-4\">9,4<\/td><td class=\"column-5\">F<\/td><td class=\"column-6\">x<\/td><td class=\"column-7\">DetMed 200-201<\/td>\n<\/tr>\n<tr class=\"row-4 even\">\n\t<td class=\"column-1\">DetMed 300<\/td><td class=\"column-2\">neodisher Mediclean Advanced<\/td><td class=\"column-3\">0,1 - 1<\/td><td class=\"column-4\">10,6<\/td><td class=\"column-5\">F<\/td><td class=\"column-6\">x<\/td><td class=\"column-7\">DetMed 300-301<\/td>\n<\/tr>\n<\/tbody>\n<\/table>\n<!-- #tablepress-12 from cache --><\/span><\/h6>\n<h6><span style=\"font-family: arial, helvetica, sans-serif; font-size: 14px; color: #808080;\"><span style=\"font-size: 20px; color: #000000;\"> <\/span><\/span><\/h6>\n<p>[\/vc_column_text][\/vc_column][\/vc_row][vc_row][vc_column][vc_empty_space height=&#8221;18px&#8221;][\/vc_column][\/vc_row]<\/p>\n","protected":false},"excerpt":{"rendered":"<p>[vc_row][vc_column][vc_empty_space height=&#8221;10px&#8221;][vc_column_text] MedUSe DetMed For ultrasonic cleaning of medical products In der Industrie gelten, je nach Arbeitsbereich, auch Hygienevorschriften f\u00fcr die Reinigung. Die meisten professionellen Reinigungsmittel f\u00fcr den industriellen Bedarf sind in fl\u00fcssiger Form erh\u00e4ltlich. Einige Konzentrate werden direkt vor dem Einsatz in der Reinigung genau dosiert, andere werden von den Herstellern bereits im richtigen [&hellip;]<\/p>\n","protected":false},"author":1,"featured_media":0,"parent":0,"menu_order":0,"comment_status":"closed","ping_status":"closed","template":"","meta":{"_monsterinsights_skip_tracking":false,"_monsterinsights_sitenote_active":false,"_monsterinsights_sitenote_note":"","_monsterinsights_sitenote_category":0,"footnotes":""},"jetpack_sharing_enabled":true,"_links":{"self":[{"href":"https:\/\/www.medisonics.com\/pt-br\/wp-json\/wp\/v2\/pages\/10411"}],"collection":[{"href":"https:\/\/www.medisonics.com\/pt-br\/wp-json\/wp\/v2\/pages"}],"about":[{"href":"https:\/\/www.medisonics.com\/pt-br\/wp-json\/wp\/v2\/types\/page"}],"author":[{"embeddable":true,"href":"https:\/\/www.medisonics.com\/pt-br\/wp-json\/wp\/v2\/users\/1"}],"replies":[{"embeddable":true,"href":"https:\/\/www.medisonics.com\/pt-br\/wp-json\/wp\/v2\/comments?post=10411"}],"version-history":[{"count":1,"href":"https:\/\/www.medisonics.com\/pt-br\/wp-json\/wp\/v2\/pages\/10411\/revisions"}],"predecessor-version":[{"id":10424,"href":"https:\/\/www.medisonics.com\/pt-br\/wp-json\/wp\/v2\/pages\/10411\/revisions\/10424"}],"wp:attachment":[{"href":"https:\/\/www.medisonics.com\/pt-br\/wp-json\/wp\/v2\/media?parent=10411"}],"curies":[{"name":"wp","href":"https:\/\/api.w.org\/{rel}","templated":true}]}}