{"id":10428,"date":"2022-05-27T08:53:50","date_gmt":"2022-05-27T08:53:50","guid":{"rendered":"https:\/\/www.medisonics.com\/403_meduse_50_tg-2\/"},"modified":"2022-08-01T08:25:16","modified_gmt":"2022-08-01T08:25:16","slug":"403_meduse_50_tg-2","status":"publish","type":"page","link":"https:\/\/www.medisonics.com\/pt-br\/403_meduse_50_tg-2\/","title":{"rendered":"403_Meduse_50_TG"},"content":{"rendered":"<p>[vc_row][vc_column][vc_empty_space height=&#8221;50&#8243;]\n\t\t\t<!-- START Home 403 REVOLUTION SLIDER 6.6.20 --><p class=\"rs-p-wp-fix\"><\/p>\n\t\t\t<rs-module-wrap id=\"rev_slider_55_1_wrapper\" data-source=\"gallery\" style=\"visibility:hidden;background:transparent;padding:0;margin:0px auto;margin-top:0;margin-bottom:0;\">\n\t\t\t\t<rs-module id=\"rev_slider_55_1\" style=\"\" data-version=\"6.6.20\">\n\t\t\t\t\t<rs-slides style=\"overflow: hidden; position: absolute;\">\n\t\t\t\t\t\t<rs-slide style=\"position: absolute;\" data-key=\"rs-86\" data-title=\"Slide\" data-anim=\"adpr:false;ms:50;\" data-in=\"o:0;\" data-out=\"a:false;\">\n\t\t\t\t\t\t\t<img decoding=\"async\" src=\"\/\/www.medisonics.com\/wp-content\/plugins\/revslider\/public\/assets\/assets\/dummy.png\" alt=\"Slide\" title=\"403_Meduse_50_TG\" class=\"rev-slidebg tp-rs-img rs-lazyload\" data-lazyload=\"\/\/www.medisonics.com\/wp-content\/plugins\/revslider\/public\/assets\/assets\/transparent.png\" data-no-retina>\n<!--\n\t\t\t\t\t\t\t--><rs-layer\n\t\t\t\t\t\t\t\tid=\"slider-55-slide-86-layer-0\" \n\t\t\t\t\t\t\t\tdata-type=\"image\"\n\t\t\t\t\t\t\t\tdata-rsp_ch=\"on\"\n\t\t\t\t\t\t\t\tdata-xy=\"x:413px;\"\n\t\t\t\t\t\t\t\tdata-text=\"w:normal;\"\n\t\t\t\t\t\t\t\tdata-dim=\"w:300px;h:345px;\"\n\t\t\t\t\t\t\t\tdata-frame_999=\"o:0;st:w;\"\n\t\t\t\t\t\t\t\tstyle=\"z-index:5;\"\n\t\t\t\t\t\t\t><img decoding=\"async\" src=\"\/\/www.medisonics.com\/wp-content\/plugins\/revslider\/public\/assets\/assets\/dummy.png\" alt=\"\" class=\"tp-rs-img rs-lazyload\" width=\"323\" height=\"371\" data-lazyload=\"\/\/www.medisonics.com\/wp-content\/uploads\/2022\/05\/403-MedUSe-50-tg-.jpg\" data-no-retina> \n\t\t\t\t\t\t\t<\/rs-layer><!--\n-->\t\t\t\t\t\t<\/rs-slide>\n\t\t\t\t\t<\/rs-slides>\n\t\t\t\t<\/rs-module>\n\t\t\t\t<script>\n\t\t\t\t\tsetREVStartSize({c: 'rev_slider_55_1',rl:[1240,1024,778,480],el:[350],gw:[1240],gh:[350],type:'hero',justify:'',layout:'fullwidth',mh:\"0\"});if (window.RS_MODULES!==undefined && window.RS_MODULES.modules!==undefined && window.RS_MODULES.modules[\"revslider551\"]!==undefined) {window.RS_MODULES.modules[\"revslider551\"].once = false;window.revapi55 = undefined;if (window.RS_MODULES.checkMinimal!==undefined) window.RS_MODULES.checkMinimal()}\n\t\t\t\t<\/script>\n\t\t\t<\/rs-module-wrap>\n\t\t\t<!-- END REVOLUTION SLIDER -->\n[vc_empty_space height=&#8221;10px&#8221;][vc_column_text]<\/p>\n<pre><strong><span style=\"font-family: arial, helvetica, sans-serif; font-size: 24px;\">MedUSe 50-TG\n<\/span><\/strong><span style=\"font-size: 16px; color: #808080;\"><strong><span style=\"font-family: arial, helvetica, sans-serif;\">Ultrasonic cleaning equipment<\/span> <\/strong><\/span><\/pre>\n<hr>\n<h6><span style=\"font-family: arial, helvetica, sans-serif; font-size: 14px; color: #808080;\">Das Ultraschall-Reinigungsger\u00e4t besteht aus einem Hochleistungs-Ultraschallsystem, das gezielt f\u00fcr ein breites Anwendungsspektrum in Krankenh\u00e4usern, Praxen und Laboren eingesetzt werden kann. Durch langj\u00e4hrige Erfahrung und innovative Entwicklung wurde die MedUSe TG-Serie als Tischger\u00e4t mit modernster Technik konzipiert.<\/span><\/h6>\n<h6><span style=\"font-family: arial, helvetica, sans-serif; font-size: 14px; color: #808080;\">Das Touchpanel 5&#8221; erm\u00f6glicht die Programmierung verschiedener Reinigungsprozesse, was eine effiziente und konstante Reinigungsqualit\u00e4t erm\u00f6glicht. Das System ist mit der neuesten Ultraschalltechnologie konzipiert und bringt eine hohe Ultraschallleistung von bis zu 20 W\/Liter.<\/span><\/h6>\n<h6><strong><br \/>\n  <span style=\"font-family: arial, helvetica, sans-serif; font-size: 14px; color: #000000;\">Einfache Handhabung<br \/>\n<\/span><br \/>\n<\/strong><span style=\"font-family: arial, helvetica, sans-serif; font-size: 14px; color: #808080;\">&#8216; Erm\u00f6glicht den sparsamen Einsatz von Medien, Reinigungs- und Desinfektionsmitteln<br \/>\n<\/span><span style=\"font-family: arial, helvetica, sans-serif; font-size: 14px; color: #808080;\">&#8216; Homogene und effiziente Ultraschallwirkung und Abl\u00f6sung von Verunreinigungen<br \/>\n<\/span><span style=\"font-family: arial, helvetica, sans-serif; font-size: 14px; color: #808080;\">&#8216; Kontinuierliche Prozesse mit hervorragenden Qualit\u00e4tsergebnissen Systemmerkmale wie: Ultraschallleistung, Entgasung, Sweep, Prozesszeiten<br \/>\n<\/span><span style=\"font-family: arial, helvetica, sans-serif; font-size: 14px; color: #808080;\">&#8216; 5&#8221; Touchpanel horizontale Prozesse individuell programmierbar<br \/>\n<\/span><span style=\"font-family: arial, helvetica, sans-serif; font-size: 14px; color: #808080;\">&#8216; Passw\u00f6rter f\u00fcr Bediener und Aufsichtsperson<br \/>\n<\/span><span style=\"font-family: arial, helvetica, sans-serif; font-size: 14px; color: #808080;\">Abdeckung aus temp. Glas mit Reibungsscharnieren<br \/>\n<\/span><span style=\"font-family: arial, helvetica, sans-serif; font-size: 14px; color: #808080;\">&#8216; Seitlicher Drehgriff f\u00fcr Medienablauf<br \/>\n<\/span><span style=\"font-family: arial, helvetica, sans-serif; font-size: 14px; color: #808080;\">&#8216; Bodenlotung mit 20 Schallwandlern<br \/>\n<\/span><span style=\"font-family: arial, helvetica, sans-serif; font-size: 14px; color: #808080;\">&#8216; Deckelwasser flie\u00dft beim \u00d6ffnen zur\u00fcck in den Tank<br \/>\n<\/span><\/h6>\n<p>[\/vc_column_text][\/vc_column][\/vc_row][vc_row][vc_column][vc_column_text]<\/p>\n<h6><span style=\"font-family: arial, helvetica, sans-serif; font-size: 10px; color: #808080;\">Ma\u00dfangaben k\u00f6nnen ohne vorherige Ank\u00fcndigung ge\u00e4ndert werden!<\/span><\/h6>\n<p>[\/vc_column_text][\/vc_column][\/vc_row]<\/p>\n","protected":false},"excerpt":{"rendered":"<p>[vc_row][vc_column][vc_empty_space height=&#8221;50&#8243;][vc_empty_space height=&#8221;10px&#8221;][vc_column_text] MedUSe 50-TG Ultrasonic cleaning equipment Das Ultraschall-Reinigungsger\u00e4t besteht aus einem Hochleistungs-Ultraschallsystem, das gezielt f\u00fcr ein breites Anwendungsspektrum in Krankenh\u00e4usern, Praxen und Laboren eingesetzt werden kann. Durch langj\u00e4hrige Erfahrung und innovative Entwicklung wurde die MedUSe TG-Serie als Tischger\u00e4t mit modernster Technik konzipiert. Das Touchpanel 5&#8221; erm\u00f6glicht die Programmierung verschiedener Reinigungsprozesse, was eine effiziente [&hellip;]<\/p>\n","protected":false},"author":1,"featured_media":0,"parent":0,"menu_order":0,"comment_status":"closed","ping_status":"closed","template":"","meta":{"_monsterinsights_skip_tracking":false,"_monsterinsights_sitenote_active":false,"_monsterinsights_sitenote_note":"","_monsterinsights_sitenote_category":0,"footnotes":""},"jetpack_sharing_enabled":true,"_links":{"self":[{"href":"https:\/\/www.medisonics.com\/pt-br\/wp-json\/wp\/v2\/pages\/10428"}],"collection":[{"href":"https:\/\/www.medisonics.com\/pt-br\/wp-json\/wp\/v2\/pages"}],"about":[{"href":"https:\/\/www.medisonics.com\/pt-br\/wp-json\/wp\/v2\/types\/page"}],"author":[{"embeddable":true,"href":"https:\/\/www.medisonics.com\/pt-br\/wp-json\/wp\/v2\/users\/1"}],"replies":[{"embeddable":true,"href":"https:\/\/www.medisonics.com\/pt-br\/wp-json\/wp\/v2\/comments?post=10428"}],"version-history":[{"count":1,"href":"https:\/\/www.medisonics.com\/pt-br\/wp-json\/wp\/v2\/pages\/10428\/revisions"}],"predecessor-version":[{"id":10441,"href":"https:\/\/www.medisonics.com\/pt-br\/wp-json\/wp\/v2\/pages\/10428\/revisions\/10441"}],"wp:attachment":[{"href":"https:\/\/www.medisonics.com\/pt-br\/wp-json\/wp\/v2\/media?parent=10428"}],"curies":[{"name":"wp","href":"https:\/\/api.w.org\/{rel}","templated":true}]}}