{"id":9803,"date":"2022-05-17T14:52:43","date_gmt":"2022-05-17T14:52:43","guid":{"rendered":"https:\/\/www.medisonics.com\/701_support\/"},"modified":"2022-05-17T14:52:43","modified_gmt":"2022-05-17T14:52:43","slug":"701_support","status":"publish","type":"page","link":"https:\/\/www.medisonics.com\/pt-br\/701_support\/","title":{"rendered":"701_suporte"},"content":{"rendered":"<p>[vc_row][vc_column]\n\t\t\t<!-- START Home 101 REVOLUTION SLIDER 6.6.20 --><p class=\"rs-p-wp-fix\"><\/p>\n\t\t\t<rs-module-wrap id=\"rev_slider_16_1_wrapper\" data-source=\"gallery\" style=\"visibility:hidden;background:transparent;padding:0;margin:0px auto;margin-top:0;margin-bottom:0;\">\n\t\t\t\t<rs-module id=\"rev_slider_16_1\" style=\"\" data-version=\"6.6.20\">\n\t\t\t\t\t<rs-slides style=\"overflow: hidden; position: absolute;\">\n\t\t\t\t\t\t<rs-slide style=\"position: absolute;\" data-key=\"rs-42\" data-title=\"Slide\" data-anim=\"adpr:false;\" data-in=\"o:0;\" data-out=\"a:false;\">\n\t\t\t\t\t\t\t<img decoding=\"async\" src=\"\/\/www.medisonics.com\/wp-content\/plugins\/revslider\/public\/assets\/assets\/dummy.png\" alt=\"Slide\" class=\"rev-slidebg tp-rs-img rs-lazyload\" data-lazyload=\"\/\/www.medisonics.com\/wp-content\/plugins\/revslider\/public\/assets\/assets\/transparent.png\" data-no-retina>\n<!--\n\t\t\t\t\t\t\t--><rs-layer\n\t\t\t\t\t\t\t\tid=\"slider-16-slide-42-layer-0\" \n\t\t\t\t\t\t\t\tclass=\"rs-nolc rs-layer-video intrinsic-ignore\"\n\t\t\t\t\t\t\t\tdata-type=\"video\"\n\t\t\t\t\t\t\t\tdata-rsp_ch=\"on\"\n\t\t\t\t\t\t\t\tdata-text=\"w:normal;\"\n\t\t\t\t\t\t\t\tdata-dim=\"w:100%;h:100%;\"\n\t\t\t\t\t\t\t\tdata-basealign=\"slide\"\n\t\t\t\t\t\t\t\tdata-video=\"vfc:true;twa:false;vd:100;rwd:f;l:true;ptimer:false;nse:f;sav:f;afs:f;inl:f;\"\n\t\t\t\t\t\t\t\tdata-poster=\"\/\/www.medisonics.com\/wp-content\/uploads\/revslider\/video-media\/100_1-3_42_layer.jpeg\"\n\t\t\t\t\t\t\t\tdata-mp4=\"\/\/www.medisonics.com\/wp-content\/uploads\/2022\/05\/100_1-3.mp4\"\n\t\t\t\t\t\t\t\tdata-frame_1=\"sp:50;\"\n\t\t\t\t\t\t\t\tdata-frame_999=\"o:0;st:w;sR:8950;\"\n\t\t\t\t\t\t\t\tstyle=\"z-index:5;\"\n\t\t\t\t\t\t\t>\n\t\t\t\t\t\t\t<\/rs-layer><!--\n-->\t\t\t\t\t\t<\/rs-slide>\n\t\t\t\t\t<\/rs-slides>\n\t\t\t\t<\/rs-module>\n\t\t\t\t<script>\n\t\t\t\t\tsetREVStartSize({c: 'rev_slider_16_1',rl:[1240,1024,778,480],el:[650],gw:[1240],gh:[650],type:'hero',justify:'',layout:'fullwidth',mh:\"0\"});if (window.RS_MODULES!==undefined && window.RS_MODULES.modules!==undefined && window.RS_MODULES.modules[\"revslider161\"]!==undefined) {window.RS_MODULES.modules[\"revslider161\"].once = false;window.revapi16 = undefined;if (window.RS_MODULES.checkMinimal!==undefined) window.RS_MODULES.checkMinimal()}\n\t\t\t\t<\/script>\n\t\t\t<\/rs-module-wrap>\n\t\t\t<!-- END REVOLUTION SLIDER -->\n[vc_empty_space height=&#8221;10px&#8221;][vc_column_text]<\/p>\n<pre><strong><span style=\"font-family: arial, helvetica, sans-serif; font-size: 24px;\">Suporte<\/span><\/strong>\n<strong><span style=\"font-family: arial, helvetica, sans-serif; font-size: 16px; color: #808080;\">Estamos \u00e0 sua disposi\u00e7\u00e3o!<\/span><\/strong><\/pre>\n<hr>\n<h6><span style=\"font-family: arial, helvetica, sans-serif; font-size: 14px; color: #808080;\">Surpresas desagrad\u00e1veis devido ao mau funcionamento do sistema podem ser minimizadas. Al\u00e9m da manuten\u00e7\u00e3o t\u00e9cnica por nossos especialistas treinados, oferecemos suporte qualificado e podemos assim garantir processos de produ\u00e7\u00e3o sem problemas a longo prazo. O trabalho de manuten\u00e7\u00e3o \u00e9 personalizado de acordo com suas necessidades. A MediSonics o acompanha desde o in\u00edcio.<\/span><\/h6>\n<p><span style=\"font-family: arial, helvetica, sans-serif; font-size: 14px; color: #808080;\">Como seu parceiro confi\u00e1vel e especializado durante a instala\u00e7\u00e3o de nossos dispositivos, equipamentos e sistemas de limpeza ultra-s\u00f4nica, bem como durante a opera\u00e7\u00e3o di\u00e1ria, tratamos cada detalhe com o m\u00e1ximo cuidado. A garantia de qualidade \u00e9 t\u00e3o parte de nosso servi\u00e7o quanto os testes de aceita\u00e7\u00e3o correspondentes, que naturalmente realizamos para voc\u00ea no local, em nossa f\u00e1brica e em suas instala\u00e7\u00f5es.<\/span><\/p>\n<p><span style=\"font-family: arial, helvetica, sans-serif; font-size: 14px; color: #808080;\">Nossos conceitos de servi\u00e7o s\u00e3o orientados \u00e0s suas necessidades e garantem o mais alto desempenho de seu sistema ao longo de todo o tempo de opera\u00e7\u00e3o. Ao mesmo tempo, o suporte que pode ser especificado com precis\u00e3o por contrato permite que voc\u00ea minimize os custos operacionais. Com medidas de manuten\u00e7\u00e3o preventiva e cuidados, a qualidade e a rentabilidade de seu sistema podem ser garantidas a longo prazo.<\/span><\/p>\n<p><span style=\"font-family: arial, helvetica, sans-serif; font-size: 14px; color: #808080;\">Voc\u00ea pode obter suporte imediato de n\u00f3s, diretamente em nosso site na Su\u00ed\u00e7a ou em nossos pontos de servi\u00e7o mundiais no exterior. Nossos acordos de servi\u00e7o significam um r\u00e1pido aconselhamento e diagn\u00f3stico de falhas em caso de suporte. Nosso servi\u00e7o on-line economiza seu tempo e dinheiro. As tarefas no local s\u00e3o preparadas com efici\u00eancia ou muitas vezes at\u00e9 desnecess\u00e1rias devido a discuss\u00f5es diretas por telefone ou com a ajuda de nossas instru\u00e7\u00f5es de servi\u00e7o e de seus especialistas internos de servi\u00e7o.<\/span>[\/vc_column_text][\/vc_column][\/vc_row][vc_row][vc_column][vc_empty_space height=&#8221;130px&#8221;][\/vc_column][\/vc_row]<\/p>\n","protected":false},"excerpt":{"rendered":"<p>[vc_row][vc_column][vc_empty_space height=&#8221;10px&#8221;][vc_column_text] Suporte Estamos \u00e0 sua disposi\u00e7\u00e3o! Surpresas desagrad\u00e1veis devido ao mau funcionamento do sistema podem ser minimizadas. Al\u00e9m da manuten\u00e7\u00e3o t\u00e9cnica por nossos especialistas treinados, oferecemos suporte qualificado e podemos assim garantir processos de produ\u00e7\u00e3o sem problemas a longo prazo. O trabalho de manuten\u00e7\u00e3o \u00e9 personalizado de acordo com suas necessidades. A MediSonics o [&hellip;]<\/p>\n","protected":false},"author":1,"featured_media":0,"parent":0,"menu_order":0,"comment_status":"closed","ping_status":"closed","template":"","meta":{"_monsterinsights_skip_tracking":false,"_monsterinsights_sitenote_active":false,"_monsterinsights_sitenote_note":"","_monsterinsights_sitenote_category":0,"footnotes":""},"jetpack_sharing_enabled":true,"_links":{"self":[{"href":"https:\/\/www.medisonics.com\/pt-br\/wp-json\/wp\/v2\/pages\/9803"}],"collection":[{"href":"https:\/\/www.medisonics.com\/pt-br\/wp-json\/wp\/v2\/pages"}],"about":[{"href":"https:\/\/www.medisonics.com\/pt-br\/wp-json\/wp\/v2\/types\/page"}],"author":[{"embeddable":true,"href":"https:\/\/www.medisonics.com\/pt-br\/wp-json\/wp\/v2\/users\/1"}],"replies":[{"embeddable":true,"href":"https:\/\/www.medisonics.com\/pt-br\/wp-json\/wp\/v2\/comments?post=9803"}],"version-history":[{"count":0,"href":"https:\/\/www.medisonics.com\/pt-br\/wp-json\/wp\/v2\/pages\/9803\/revisions"}],"wp:attachment":[{"href":"https:\/\/www.medisonics.com\/pt-br\/wp-json\/wp\/v2\/media?parent=9803"}],"curies":[{"name":"wp","href":"https:\/\/api.w.org\/{rel}","templated":true}]}}