{"id":9816,"date":"2022-05-17T14:49:01","date_gmt":"2022-05-17T14:49:01","guid":{"rendered":"https:\/\/www.medisonics.com\/601_meduse_medical\/"},"modified":"2022-05-17T14:49:01","modified_gmt":"2022-05-17T14:49:01","slug":"601_meduse_medical","status":"publish","type":"page","link":"https:\/\/www.medisonics.com\/pt-br\/601_meduse_medical\/","title":{"rendered":"601_meduse_medical"},"content":{"rendered":"<p>[vc_row][vc_column]\n\t\t\t<!-- START Home 101 REVOLUTION SLIDER 6.6.20 --><p class=\"rs-p-wp-fix\"><\/p>\n\t\t\t<rs-module-wrap id=\"rev_slider_16_1_wrapper\" data-source=\"gallery\" style=\"visibility:hidden;background:transparent;padding:0;margin:0px auto;margin-top:0;margin-bottom:0;\">\n\t\t\t\t<rs-module id=\"rev_slider_16_1\" style=\"\" data-version=\"6.6.20\">\n\t\t\t\t\t<rs-slides style=\"overflow: hidden; position: absolute;\">\n\t\t\t\t\t\t<rs-slide style=\"position: absolute;\" data-key=\"rs-42\" data-title=\"Slide\" data-anim=\"adpr:false;\" data-in=\"o:0;\" data-out=\"a:false;\">\n\t\t\t\t\t\t\t<img decoding=\"async\" src=\"\/\/www.medisonics.com\/wp-content\/plugins\/revslider\/public\/assets\/assets\/dummy.png\" alt=\"Slide\" class=\"rev-slidebg tp-rs-img rs-lazyload\" data-lazyload=\"\/\/www.medisonics.com\/wp-content\/plugins\/revslider\/public\/assets\/assets\/transparent.png\" data-no-retina>\n<!--\n\t\t\t\t\t\t\t--><rs-layer\n\t\t\t\t\t\t\t\tid=\"slider-16-slide-42-layer-0\" \n\t\t\t\t\t\t\t\tclass=\"rs-nolc rs-layer-video intrinsic-ignore\"\n\t\t\t\t\t\t\t\tdata-type=\"video\"\n\t\t\t\t\t\t\t\tdata-rsp_ch=\"on\"\n\t\t\t\t\t\t\t\tdata-text=\"w:normal;\"\n\t\t\t\t\t\t\t\tdata-dim=\"w:100%;h:100%;\"\n\t\t\t\t\t\t\t\tdata-basealign=\"slide\"\n\t\t\t\t\t\t\t\tdata-video=\"vfc:true;twa:false;vd:100;rwd:f;l:true;ptimer:false;nse:f;sav:f;afs:f;inl:f;\"\n\t\t\t\t\t\t\t\tdata-poster=\"\/\/www.medisonics.com\/wp-content\/uploads\/revslider\/video-media\/100_1-3_42_layer.jpeg\"\n\t\t\t\t\t\t\t\tdata-mp4=\"\/\/www.medisonics.com\/wp-content\/uploads\/2022\/05\/100_1-3.mp4\"\n\t\t\t\t\t\t\t\tdata-frame_1=\"sp:50;\"\n\t\t\t\t\t\t\t\tdata-frame_999=\"o:0;st:w;sR:8950;\"\n\t\t\t\t\t\t\t\tstyle=\"z-index:5;\"\n\t\t\t\t\t\t\t>\n\t\t\t\t\t\t\t<\/rs-layer><!--\n-->\t\t\t\t\t\t<\/rs-slide>\n\t\t\t\t\t<\/rs-slides>\n\t\t\t\t<\/rs-module>\n\t\t\t\t<script>\n\t\t\t\t\tsetREVStartSize({c: 'rev_slider_16_1',rl:[1240,1024,778,480],el:[650],gw:[1240],gh:[650],type:'hero',justify:'',layout:'fullwidth',mh:\"0\"});if (window.RS_MODULES!==undefined && window.RS_MODULES.modules!==undefined && window.RS_MODULES.modules[\"revslider161\"]!==undefined) {window.RS_MODULES.modules[\"revslider161\"].once = false;window.revapi16 = undefined;if (window.RS_MODULES.checkMinimal!==undefined) window.RS_MODULES.checkMinimal()}\n\t\t\t\t<\/script>\n\t\t\t<\/rs-module-wrap>\n\t\t\t<!-- END REVOLUTION SLIDER -->\n[vc_empty_space height=&#8221;10px&#8221;][vc_column_text]<\/p>\n<pre><strong><span style=\"font-family: arial, helvetica, sans-serif; font-size: 24px;\">MedUSe DetMed<\/span><\/strong>\n<strong><span style=\"font-family: arial, helvetica, sans-serif; font-size: 16px; color: #808080;\">Para limpeza ultra-s\u00f4nica de produtos m\u00e9dicos<\/span><\/strong><\/pre>\n<hr>\n<h6><span style=\"font-family: arial, helvetica, sans-serif; color: #808080; font-size: 14px;\">Na ind\u00fastria, dependendo da \u00e1rea de trabalho, os regulamentos de higiene para a limpeza tamb\u00e9m se aplicam. A maioria dos agentes de limpeza profissionais para necessidades industriais est\u00e3o dispon\u00edveis na forma l\u00edquida.<br \/>\nAlguns concentrados s\u00e3o precisamente doseados directamente antes de serem utilizados na limpeza, enquanto outros j\u00e1 s\u00e3o oferecidos pelos fabricantes na propor\u00e7\u00e3o correcta de mistura.<\/span><\/h6>\n<h6><span style=\"font-family: arial, helvetica, sans-serif; font-size: 14px; color: #808080;\">Entre os agentes de limpeza importantes na ind\u00fastria est\u00e3o os produtos de limpeza de pe\u00e7as que cont\u00eam agentes desengordurantes. Para assegurar que os produtos est\u00e3o prontos para o mercado, trabalhamos em estreita colabora\u00e7\u00e3o com laborat\u00f3rios de testes reconhecidos e com fabricantes.<\/span><\/h6>\n<h6><span style=\"font-family: arial, helvetica, sans-serif; color: #808080; font-size: 14px;\">Assim, as reclama\u00e7\u00f5es de desempenho dos nossos produtos baseiam-se sempre em experi\u00eancias e produtos bem fundamentados. Isto d\u00e1 ao utilizador dos nossos produtos a seguran\u00e7a desejada na fase de pr\u00e9-limpeza.<\/span><\/h6>\n<h6><span style=\"font-family: arial, helvetica, sans-serif; font-size: 14px; color: #808080;\">Apoio e consultoria &#8211; os nossos pontos fortes Elabora\u00e7\u00e3o e optimiza\u00e7\u00e3o de procedimentos de limpeza ultra-s\u00f3nica em combina\u00e7\u00e3o com equipamento MediSonics e tecnologias ultra-s\u00f3nicas. A realiza\u00e7\u00e3o de an\u00e1lises de \u00e1gua e de superf\u00edcie, bem como valida\u00e7\u00f5es, a realiza\u00e7\u00e3o de cursos de forma\u00e7\u00e3o sobre produtos e aplica\u00e7\u00f5es, apoio com testes de tipo e valida\u00e7\u00f5es de processo, s\u00e3o todos realizados especificamente pelos nossos especialistas.<\/span><\/h6>\n<p><span style=\"font-size: 20px; color: #000000;\"><span style=\"font-size: 16px;\">Detergente m\u00e9dico<\/span><br \/>\n<\/span><\/p>\n<h6><span style=\"font-family: arial, helvetica, sans-serif; font-size: 14px; color: #808080;\">\n<table id=\"tablepress-12\" class=\"tablepress tablepress-id-12\">\n<thead>\n<tr class=\"row-1 odd\">\n\t<th class=\"column-1\">Designation\/type<\/th><th class=\"column-2\">Application<\/th><th class=\"column-3\">Dilution\/Vol. %<\/th><th class=\"column-4\">pH-value<\/th><th class=\"column-5\">Liquid\/Powder<\/th><th class=\"column-6\">Corrosion protection<\/th><th class=\"column-7\">Article no:<\/th>\n<\/tr>\n<\/thead>\n<tbody class=\"row-hover\">\n<tr class=\"row-2 even\">\n\t<td class=\"column-1\">DetMed 100<\/td><td class=\"column-2\">neodisher Mediclean Forte<\/td><td class=\"column-3\">0,1 - 1<\/td><td class=\"column-4\">10,1<\/td><td class=\"column-5\">F<\/td><td class=\"column-6\">x<\/td><td class=\"column-7\">DetMed 100-101<\/td>\n<\/tr>\n<tr class=\"row-3 odd\">\n\t<td class=\"column-1\">DetMed 200<\/td><td class=\"column-2\">neodisher Septo Pre Clean<\/td><td class=\"column-3\">1 - 10<\/td><td class=\"column-4\">9,4<\/td><td class=\"column-5\">F<\/td><td class=\"column-6\">x<\/td><td class=\"column-7\">DetMed 200-201<\/td>\n<\/tr>\n<tr class=\"row-4 even\">\n\t<td class=\"column-1\">DetMed 300<\/td><td class=\"column-2\">neodisher Mediclean Advanced<\/td><td class=\"column-3\">0,1 - 1<\/td><td class=\"column-4\">10,6<\/td><td class=\"column-5\">F<\/td><td class=\"column-6\">x<\/td><td class=\"column-7\">DetMed 300-301<\/td>\n<\/tr>\n<\/tbody>\n<\/table>\n<!-- #tablepress-12 from cache --><\/span><\/h6>\n<h6><span style=\"font-family: arial, helvetica, sans-serif; font-size: 14px; color: #808080;\"><span style=\"font-size: 20px; color: #000000;\"> <\/span><\/span><\/h6>\n<p>[\/vc_column_text][\/vc_column][\/vc_row][vc_row][vc_column][vc_empty_space height=&#8221;18px&#8221;][\/vc_column][\/vc_row]<\/p>\n","protected":false},"excerpt":{"rendered":"<p>[vc_row][vc_column][vc_empty_space height=&#8221;10px&#8221;][vc_column_text] MedUSe DetMed Para limpeza ultra-s\u00f4nica de produtos m\u00e9dicos Na ind\u00fastria, dependendo da \u00e1rea de trabalho, os regulamentos de higiene para a limpeza tamb\u00e9m se aplicam. A maioria dos agentes de limpeza profissionais para necessidades industriais est\u00e3o dispon\u00edveis na forma l\u00edquida. Alguns concentrados s\u00e3o precisamente doseados directamente antes de serem utilizados na limpeza, enquanto [&hellip;]<\/p>\n","protected":false},"author":1,"featured_media":0,"parent":0,"menu_order":0,"comment_status":"closed","ping_status":"closed","template":"","meta":{"_monsterinsights_skip_tracking":false,"_monsterinsights_sitenote_active":false,"_monsterinsights_sitenote_note":"","_monsterinsights_sitenote_category":0,"footnotes":""},"jetpack_sharing_enabled":true,"_links":{"self":[{"href":"https:\/\/www.medisonics.com\/pt-br\/wp-json\/wp\/v2\/pages\/9816"}],"collection":[{"href":"https:\/\/www.medisonics.com\/pt-br\/wp-json\/wp\/v2\/pages"}],"about":[{"href":"https:\/\/www.medisonics.com\/pt-br\/wp-json\/wp\/v2\/types\/page"}],"author":[{"embeddable":true,"href":"https:\/\/www.medisonics.com\/pt-br\/wp-json\/wp\/v2\/users\/1"}],"replies":[{"embeddable":true,"href":"https:\/\/www.medisonics.com\/pt-br\/wp-json\/wp\/v2\/comments?post=9816"}],"version-history":[{"count":0,"href":"https:\/\/www.medisonics.com\/pt-br\/wp-json\/wp\/v2\/pages\/9816\/revisions"}],"wp:attachment":[{"href":"https:\/\/www.medisonics.com\/pt-br\/wp-json\/wp\/v2\/media?parent=9816"}],"curies":[{"name":"wp","href":"https:\/\/api.w.org\/{rel}","templated":true}]}}