{"id":9829,"date":"2022-05-17T14:34:40","date_gmt":"2022-05-17T14:34:40","guid":{"rendered":"https:\/\/www.medisonics.com\/506_meduse_150_7ak\/"},"modified":"2023-01-27T09:50:59","modified_gmt":"2023-01-27T09:50:59","slug":"506_meduse_150_7ak","status":"publish","type":"page","link":"https:\/\/www.medisonics.com\/pt-br\/506_meduse_150_7ak\/","title":{"rendered":"506_meduse_150_7ak"},"content":{"rendered":"<p>[vc_row][vc_column]\n\t\t\t<!-- START Home 500_6 REVOLUTION SLIDER 6.6.20 --><p class=\"rs-p-wp-fix\"><\/p>\n\t\t\t<rs-module-wrap id=\"rev_slider_41_1_wrapper\" data-source=\"gallery\" style=\"visibility:hidden;background:transparent;padding:0;margin:0px auto;margin-top:0;margin-bottom:0;\">\n\t\t\t\t<rs-module id=\"rev_slider_41_1\" style=\"\" data-version=\"6.6.20\">\n\t\t\t\t\t<rs-slides style=\"overflow: hidden; position: absolute;\">\n\t\t\t\t\t\t<rs-slide style=\"position: absolute;\" data-key=\"rs-72\" data-title=\"Slide\" data-anim=\"adpr:false;\" data-in=\"o:0;\" data-out=\"a:false;\">\n\t\t\t\t\t\t\t<img decoding=\"async\" src=\"\/\/www.medisonics.com\/wp-content\/plugins\/revslider\/public\/assets\/assets\/dummy.png\" alt=\"Slide\" title=\"506_meduse_150_7ak\" class=\"rev-slidebg tp-rs-img rs-lazyload\" data-lazyload=\"\/\/www.medisonics.com\/wp-content\/plugins\/revslider\/public\/assets\/assets\/transparent.png\" data-no-retina>\n<!--\n\t\t\t\t\t\t\t--><rs-layer\n\t\t\t\t\t\t\t\tid=\"slider-41-slide-72-layer-0\" \n\t\t\t\t\t\t\t\tclass=\"rs-fsv rs-layer-video intrinsic-ignore\"\n\t\t\t\t\t\t\t\tdata-type=\"video\"\n\t\t\t\t\t\t\t\tdata-rsp_ch=\"on\"\n\t\t\t\t\t\t\t\tdata-xy=\"x:0;y:0;\"\n\t\t\t\t\t\t\t\tdata-text=\"w:normal;\"\n\t\t\t\t\t\t\t\tdata-dim=\"w:100%;h:100%;\"\n\t\t\t\t\t\t\t\tdata-basealign=\"slide\"\n\t\t\t\t\t\t\t\tdata-video=\"vfc:true;twa:false;vd:100;rwd:f;fc:true;l:true;ptimer:false;nse:f;sav:f;afs:f;vc:t;inl:f;\"\n\t\t\t\t\t\t\t\tdata-poster=\"\/\/www.medisonics.com\/wp-content\/uploads\/revslider\/video-media\/500_6_72_layer.jpeg\"\n\t\t\t\t\t\t\t\tdata-mp4=\"\/\/www.medisonics.com\/wp-content\/uploads\/2022\/05\/500_6.mp4\"\n\t\t\t\t\t\t\t\tdata-frame_1=\"sp:50;\"\n\t\t\t\t\t\t\t\tdata-frame_999=\"o:0;st:w;sR:8950;\"\n\t\t\t\t\t\t\t\tstyle=\"z-index:8;\"\n\t\t\t\t\t\t\t>\n\t\t\t\t\t\t\t<\/rs-layer><!--\n-->\t\t\t\t\t\t<\/rs-slide>\n\t\t\t\t\t<\/rs-slides>\n\t\t\t\t<\/rs-module>\n\t\t\t\t<script>\n\t\t\t\t\tsetREVStartSize({c: 'rev_slider_41_1',rl:[1240,1024,778,480],el:[650],gw:[1180],gh:[650],type:'hero',justify:'',layout:'fullwidth',mh:\"0\"});if (window.RS_MODULES!==undefined && window.RS_MODULES.modules!==undefined && window.RS_MODULES.modules[\"revslider411\"]!==undefined) {window.RS_MODULES.modules[\"revslider411\"].once = false;window.revapi41 = undefined;if (window.RS_MODULES.checkMinimal!==undefined) window.RS_MODULES.checkMinimal()}\n\t\t\t\t<\/script>\n\t\t\t<\/rs-module-wrap>\n\t\t\t<!-- END REVOLUTION SLIDER -->\n[vc_empty_space height=&#8221;10px&#8221;][vc_column_text]<\/p>\n<pre><strong><span style=\"font-family: arial, helvetica, sans-serif; font-size: 24px;\">MedUSe 150-7AK\n<\/span><\/strong><span style=\"font-size: 16px; color: #808080;\"><strong><span style=\"font-family: arial, helvetica, sans-serif;\">U<\/span><\/strong><strong><span style=\"font-family: arial, helvetica, sans-serif;\">ltrasonic cleaning system for industry<\/span><\/strong><\/span><\/pre>\n<hr \/>\n<h6><span style=\"font-family: arial, helvetica, sans-serif; font-size: 14px; color: #808080;\">O MedUSe 150-7AK \u00e9 um sistema de limpeza, que \u00e9 melhor construido para v\u00e1rias aplica\u00e7\u00f5es na ind\u00fastria. Esta m\u00e1quina caracteriza-se pela sua alta qualidade, capacidade de produ\u00e7\u00e3o e solu\u00e7\u00e3o flex\u00edvel para uma limpeza ultra-s\u00f3nica eficaz de pe\u00e7as \u00fanicas, pe\u00e7as de alto valor em transportadores ou materiais a granel. O rob\u00f4 de transporte transporta at\u00e9 100 kg de peso. Este desenho permite trabalhar mesmo em salas limpas e ultra-limpas at\u00e9 uma classe 100.<\/span><\/h6>\n<h6><span style=\"font-family: arial, helvetica, sans-serif; font-size: 14px; color: #808080;\">A alimenta\u00e7\u00e3o \u00e9 totalmente autom\u00e1tica e permite um\u00a0 lote muito grande. O sistema de tratamento de \u00e1gua permite um pr\u00e9-tratamento perfeito da \u00e1gua para os v\u00e1rios banhos de imers\u00e3o. Tecnologia: Sistema de tratamento de \u00e1gua, Sistema de controlo visualizado, Conjuntos modulares, M\u00e1quina de carga e descarga, Sistema de regenera\u00e7\u00e3o de \u00e1gua suja, Sistema de secagem, Unidade de embalagem em condi\u00e7\u00f5es de sala limpa, Enclausuramento com sistema de ventila\u00e7\u00e3o.<br \/>\n<\/span><\/h6>\n<h6><span style=\"font-family: arial, helvetica, sans-serif; font-size: 14px; color: #808080;\">O sistema de controlo visualizado permite a programa\u00e7\u00e3o livre de diferentes processos de limpeza. O desenvolvimento deste sistema est\u00e1 protegido de acordo com a lei su\u00ed\u00e7a de direitos de autor (URG) SR231.1 de 1992 (rev. 2008).<\/span><\/h6>\n<p>[\/vc_column_text][\/vc_column][\/vc_row][vc_row][vc_column][vc_column_text]<\/p>\n<h6><span style=\"font-family: arial, helvetica, sans-serif; font-size: 10px; color: #808080;\">As medidas est\u00e3o sujeitas a altera\u00e7\u00f5es sem aviso pr\u00e9vio!<\/span><\/h6>\n<p>[\/vc_column_text][\/vc_column][\/vc_row][vc_row][vc_column][vc_empty_space height=&#8221;100px&#8221;][\/vc_column][\/vc_row]<\/p>\n","protected":false},"excerpt":{"rendered":"<p>[vc_row][vc_column][vc_empty_space height=&#8221;10px&#8221;][vc_column_text] MedUSe 150-7AK Ultrasonic cleaning system for industry O MedUSe 150-7AK \u00e9 um sistema de limpeza, que \u00e9 melhor construido para v\u00e1rias aplica\u00e7\u00f5es na ind\u00fastria. Esta m\u00e1quina caracteriza-se pela sua alta qualidade, capacidade de produ\u00e7\u00e3o e solu\u00e7\u00e3o flex\u00edvel para uma limpeza ultra-s\u00f3nica eficaz de pe\u00e7as \u00fanicas, pe\u00e7as de alto valor em transportadores ou materiais [&hellip;]<\/p>\n","protected":false},"author":1,"featured_media":0,"parent":0,"menu_order":0,"comment_status":"closed","ping_status":"closed","template":"","meta":{"_monsterinsights_skip_tracking":false,"_monsterinsights_sitenote_active":false,"_monsterinsights_sitenote_note":"","_monsterinsights_sitenote_category":0,"footnotes":""},"jetpack_sharing_enabled":true,"_links":{"self":[{"href":"https:\/\/www.medisonics.com\/pt-br\/wp-json\/wp\/v2\/pages\/9829"}],"collection":[{"href":"https:\/\/www.medisonics.com\/pt-br\/wp-json\/wp\/v2\/pages"}],"about":[{"href":"https:\/\/www.medisonics.com\/pt-br\/wp-json\/wp\/v2\/types\/page"}],"author":[{"embeddable":true,"href":"https:\/\/www.medisonics.com\/pt-br\/wp-json\/wp\/v2\/users\/1"}],"replies":[{"embeddable":true,"href":"https:\/\/www.medisonics.com\/pt-br\/wp-json\/wp\/v2\/comments?post=9829"}],"version-history":[{"count":1,"href":"https:\/\/www.medisonics.com\/pt-br\/wp-json\/wp\/v2\/pages\/9829\/revisions"}],"predecessor-version":[{"id":10772,"href":"https:\/\/www.medisonics.com\/pt-br\/wp-json\/wp\/v2\/pages\/9829\/revisions\/10772"}],"wp:attachment":[{"href":"https:\/\/www.medisonics.com\/pt-br\/wp-json\/wp\/v2\/media?parent=9829"}],"curies":[{"name":"wp","href":"https:\/\/api.w.org\/{rel}","templated":true}]}}