{"id":9842,"date":"2022-05-17T14:25:56","date_gmt":"2022-05-17T14:25:56","guid":{"rendered":"https:\/\/www.medisonics.com\/505_meduse_50_6_ak\/"},"modified":"2023-01-27T09:47:29","modified_gmt":"2023-01-27T09:47:29","slug":"505_meduse_50_6_ak","status":"publish","type":"page","link":"https:\/\/www.medisonics.com\/pt-br\/505_meduse_50_6_ak\/","title":{"rendered":"505_meduse_50_6_ak"},"content":{"rendered":"<p>[vc_row][vc_column]\n\t\t\t<!-- START Home 500_5 REVOLUTION SLIDER 6.6.20 --><p class=\"rs-p-wp-fix\"><\/p>\n\t\t\t<rs-module-wrap id=\"rev_slider_40_1_wrapper\" data-source=\"gallery\" style=\"visibility:hidden;background:transparent;padding:0;margin:0px auto;margin-top:0;margin-bottom:0;\">\n\t\t\t\t<rs-module id=\"rev_slider_40_1\" style=\"\" data-version=\"6.6.20\">\n\t\t\t\t\t<rs-slides style=\"overflow: hidden; position: absolute;\">\n\t\t\t\t\t\t<rs-slide style=\"position: absolute;\" data-key=\"rs-71\" data-title=\"Slide\" data-anim=\"adpr:false;\" data-in=\"o:0;\" data-out=\"a:false;\">\n\t\t\t\t\t\t\t<img decoding=\"async\" src=\"\/\/www.medisonics.com\/wp-content\/plugins\/revslider\/public\/assets\/assets\/dummy.png\" alt=\"Slide\" title=\"505_meduse_50_6_ak\" class=\"rev-slidebg tp-rs-img rs-lazyload\" data-lazyload=\"\/\/www.medisonics.com\/wp-content\/plugins\/revslider\/public\/assets\/assets\/transparent.png\" data-no-retina>\n<!--\n\t\t\t\t\t\t\t--><rs-layer\n\t\t\t\t\t\t\t\tid=\"slider-40-slide-71-layer-0\" \n\t\t\t\t\t\t\t\tclass=\"rs-fsv rs-layer-video intrinsic-ignore\"\n\t\t\t\t\t\t\t\tdata-type=\"video\"\n\t\t\t\t\t\t\t\tdata-rsp_ch=\"on\"\n\t\t\t\t\t\t\t\tdata-xy=\"x:0;y:0;\"\n\t\t\t\t\t\t\t\tdata-text=\"w:normal;\"\n\t\t\t\t\t\t\t\tdata-dim=\"w:100%;h:100%;\"\n\t\t\t\t\t\t\t\tdata-basealign=\"slide\"\n\t\t\t\t\t\t\t\tdata-video=\"vfc:true;twa:false;vd:100;rwd:f;fc:true;l:true;ptimer:false;nse:f;afs:f;vc:t;inl:f;\"\n\t\t\t\t\t\t\t\tdata-poster=\"\/\/www.medisonics.com\/wp-content\/uploads\/revslider\/video-media\/500_5-1_71_layer.jpeg\"\n\t\t\t\t\t\t\t\tdata-mp4=\"\/\/www.medisonics.com\/wp-content\/uploads\/2022\/05\/500_5-1.mp4\"\n\t\t\t\t\t\t\t\tdata-frame_1=\"sp:50;\"\n\t\t\t\t\t\t\t\tdata-frame_999=\"o:0;st:w;sR:8950;\"\n\t\t\t\t\t\t\t\tstyle=\"z-index:8;\"\n\t\t\t\t\t\t\t>\n\t\t\t\t\t\t\t<\/rs-layer><!--\n-->\t\t\t\t\t\t<\/rs-slide>\n\t\t\t\t\t<\/rs-slides>\n\t\t\t\t<\/rs-module>\n\t\t\t\t<script>\n\t\t\t\t\tsetREVStartSize({c: 'rev_slider_40_1',rl:[1240,1024,778,480],el:[650],gw:[1180],gh:[650],type:'hero',justify:'',layout:'fullwidth',mh:\"0\"});if (window.RS_MODULES!==undefined && window.RS_MODULES.modules!==undefined && window.RS_MODULES.modules[\"revslider401\"]!==undefined) {window.RS_MODULES.modules[\"revslider401\"].once = false;window.revapi40 = undefined;if (window.RS_MODULES.checkMinimal!==undefined) window.RS_MODULES.checkMinimal()}\n\t\t\t\t<\/script>\n\t\t\t<\/rs-module-wrap>\n\t\t\t<!-- END REVOLUTION SLIDER -->\n[vc_empty_space height=&#8221;10px&#8221;][vc_column_text]<\/p>\n<pre><strong><span style=\"font-family: arial, helvetica, sans-serif; font-size: 24px;\">MedUSe 50-6AK\n<\/span><span style=\"font-family: arial, helvetica, sans-serif; font-size: 16px; color: #808080;\">Sistema de ultra-som de limpeza fina para implantes<\/span><\/strong><\/pre>\n<hr \/>\n<h6><span style=\"font-family: arial, helvetica, sans-serif; font-size: 14px; color: #808080;\">O MedUSe 50-6AK \u00e9 um sistema de limpeza fino, construido de forma ideal para a limpeza fina de implantes. Este sistema \u00e9 caracterizado pela alta qualidade, capacidade de produ\u00e7\u00e3o e a solu\u00e7\u00e3o flex\u00edvel para uma limpeza ultra-s\u00f3nica eficaz de pe\u00e7as \u00fanicas, pe\u00e7as de alto valor em transportadores ou material a granel. Desenho da planta: Este desenho permite trabalhar mesmo em salas limpas e ultra-limpas at\u00e9 uma classe 100.<\/span><\/h6>\n<h6><span style=\"font-family: arial, helvetica, sans-serif; font-size: 14px; color: #808080;\">A alimenta\u00e7\u00e3o \u00e9 totalmente autom\u00e1tica e permite um rendimento muito elevado dos lotes. O sistema de tratamento de \u00e1gua permite um pr\u00e9-tratamento perfeito da \u00e1gua para os v\u00e1rios banhos de imers\u00e3o. A unidade de embalagem final opcional permite que as pe\u00e7as estejam prontas para serem enviadas sem contato em condi\u00e7\u00f5es de sala totalmente limpa. A fase final, de secagem autom\u00e1tica, \u00e9 oferecida em quatro vers\u00f5es diferentes: Ar quente, infravermelho, ar quente e infravermelho, v\u00e1cuo.<\/span><\/h6>\n<h6><span style=\"font-family: arial, helvetica, sans-serif; font-size: 14px; color: #808080;\">Tecnologia: Sistema de tratamento de \u00e1gua, Sistema de controlo visualizado, Conjuntos modulares, M\u00e1quina de carga e descarga, Sistema de regenera\u00e7\u00e3o de \u00e1gua suja, Sistema de secagem, Unidade de embalagem em condi\u00e7\u00f5es de sala limpa, Enclausuramento com sistema de ventila\u00e7\u00e3o para condi\u00e7\u00f5es de sala limpa. O sistema de controlo visualizado permite a programa\u00e7\u00e3o de v\u00e1rios processos de limpeza.<\/span><\/h6>\n<h6><span style=\"font-family: arial, helvetica, sans-serif; font-size: 14px; color: #808080;\">Os sistemas de limpeza fina MediSonics s\u00e3o programados com um sistema de valida\u00e7\u00e3o flex\u00edvel. A MediSonics cumpre os requisitos da US Food and Drug Administration (FDA) no 21 CFR Parte 11, o que nos permite satisfazer os requisitos de qualidade dos nossos clientes, que se encontram resumidos sob o termo Boas Pr\u00e1ticas de Fabrico (BPF).<\/span><\/h6>\n<h6><span style=\"font-family: arial, helvetica, sans-serif; font-size: 14px; color: #808080;\">O desenvolvimento deste sistema est\u00e1 protegido de acordo com a lei su\u00ed\u00e7a de direitos de autor (URG) SR231.1 de 1992 (rev. 2008).<\/span><\/h6>\n<p>[\/vc_column_text][\/vc_column][\/vc_row][vc_row][vc_column][vc_column_text]<\/p>\n<h6><span style=\"font-family: arial, helvetica, sans-serif; font-size: 10px; color: #808080;\">As medidas est\u00e3o sujeitas a altera\u00e7\u00f5es sem aviso pr\u00e9vio!<\/span><\/h6>\n<p>[\/vc_column_text][\/vc_column][\/vc_row]<\/p>\n","protected":false},"excerpt":{"rendered":"<p>[vc_row][vc_column][vc_empty_space height=&#8221;10px&#8221;][vc_column_text] MedUSe 50-6AK Sistema de ultra-som de limpeza fina para implantes O MedUSe 50-6AK \u00e9 um sistema de limpeza fino, construido de forma ideal para a limpeza fina de implantes. Este sistema \u00e9 caracterizado pela alta qualidade, capacidade de produ\u00e7\u00e3o e a solu\u00e7\u00e3o flex\u00edvel para uma limpeza ultra-s\u00f3nica eficaz de pe\u00e7as \u00fanicas, pe\u00e7as de [&hellip;]<\/p>\n","protected":false},"author":1,"featured_media":0,"parent":0,"menu_order":0,"comment_status":"closed","ping_status":"closed","template":"","meta":{"_monsterinsights_skip_tracking":false,"_monsterinsights_sitenote_active":false,"_monsterinsights_sitenote_note":"","_monsterinsights_sitenote_category":0,"footnotes":""},"jetpack_sharing_enabled":true,"_links":{"self":[{"href":"https:\/\/www.medisonics.com\/pt-br\/wp-json\/wp\/v2\/pages\/9842"}],"collection":[{"href":"https:\/\/www.medisonics.com\/pt-br\/wp-json\/wp\/v2\/pages"}],"about":[{"href":"https:\/\/www.medisonics.com\/pt-br\/wp-json\/wp\/v2\/types\/page"}],"author":[{"embeddable":true,"href":"https:\/\/www.medisonics.com\/pt-br\/wp-json\/wp\/v2\/users\/1"}],"replies":[{"embeddable":true,"href":"https:\/\/www.medisonics.com\/pt-br\/wp-json\/wp\/v2\/comments?post=9842"}],"version-history":[{"count":1,"href":"https:\/\/www.medisonics.com\/pt-br\/wp-json\/wp\/v2\/pages\/9842\/revisions"}],"predecessor-version":[{"id":10771,"href":"https:\/\/www.medisonics.com\/pt-br\/wp-json\/wp\/v2\/pages\/9842\/revisions\/10771"}],"wp:attachment":[{"href":"https:\/\/www.medisonics.com\/pt-br\/wp-json\/wp\/v2\/media?parent=9842"}],"curies":[{"name":"wp","href":"https:\/\/api.w.org\/{rel}","templated":true}]}}