{"id":9881,"date":"2022-05-17T14:17:16","date_gmt":"2022-05-17T14:17:16","guid":{"rendered":"https:\/\/www.medisonics.com\/502_meduse_10_4ak\/"},"modified":"2023-01-27T09:36:30","modified_gmt":"2023-01-27T09:36:30","slug":"502_meduse_10_4ak","status":"publish","type":"page","link":"https:\/\/www.medisonics.com\/pt-br\/502_meduse_10_4ak\/","title":{"rendered":"502_meduse_10_4AK"},"content":{"rendered":"<p>[vc_row][vc_column]\n\t\t\t<!-- START Home 500_1 REVOLUTION SLIDER 6.6.20 --><p class=\"rs-p-wp-fix\"><\/p>\n\t\t\t<rs-module-wrap id=\"rev_slider_37_1_wrapper\" data-source=\"gallery\" style=\"visibility:hidden;background:transparent;padding:0;margin:0px auto;margin-top:0;margin-bottom:0;\">\n\t\t\t\t<rs-module id=\"rev_slider_37_1\" style=\"\" data-version=\"6.6.20\">\n\t\t\t\t\t<rs-slides style=\"overflow: hidden; position: absolute;\">\n\t\t\t\t\t\t<rs-slide style=\"position: absolute;\" data-key=\"rs-68\" data-title=\"Slide\" data-anim=\"adpr:false;\" data-in=\"o:0;\" data-out=\"a:false;\">\n\t\t\t\t\t\t\t<img decoding=\"async\" src=\"\/\/www.medisonics.com\/wp-content\/plugins\/revslider\/public\/assets\/assets\/dummy.png\" alt=\"Slide\" title=\"NicePng_play-icon-png-transparent_3926192\" width=\"572\" height=\"390\" class=\"rev-slidebg tp-rs-img rs-lazyload\" data-lazyload=\"\/\/www.medisonics.com\/wp-content\/plugins\/revslider\/public\/assets\/assets\/transparent.png\" data-no-retina>\n<!--\n\t\t\t\t\t\t\t--><rs-layer\n\t\t\t\t\t\t\t\tid=\"slider-37-slide-68-layer-2\" \n\t\t\t\t\t\t\t\tclass=\"rs-fsv rs-layer-video intrinsic-ignore\"\n\t\t\t\t\t\t\t\tdata-type=\"video\"\n\t\t\t\t\t\t\t\tdata-rsp_ch=\"on\"\n\t\t\t\t\t\t\t\tdata-xy=\"x:0;y:0;\"\n\t\t\t\t\t\t\t\tdata-text=\"w:normal;\"\n\t\t\t\t\t\t\t\tdata-dim=\"w:100%;h:100%;\"\n\t\t\t\t\t\t\t\tdata-basealign=\"slide\"\n\t\t\t\t\t\t\t\tdata-video=\"vfc:true;twa:false;vd:100;fc:true;l:false;ptimer:false;vc:t;\"\n\t\t\t\t\t\t\t\tdata-poster=\"\/\/www.medisonics.com\/wp-content\/uploads\/revslider\/video-media\/500_1_68_layer2.jpeg\"\n\t\t\t\t\t\t\t\tdata-mp4=\"\/\/www.medisonics.com\/wp-content\/uploads\/2022\/05\/500_1.mp4\"\n\t\t\t\t\t\t\t\tdata-frame_999=\"o:0;st:w;\"\n\t\t\t\t\t\t\t\tstyle=\"z-index:8;\"\n\t\t\t\t\t\t\t>\n\t\t\t\t\t\t\t<\/rs-layer><!--\n-->\t\t\t\t\t\t<\/rs-slide>\n\t\t\t\t\t<\/rs-slides>\n\t\t\t\t<\/rs-module>\n\t\t\t\t<script>\n\t\t\t\t\tsetREVStartSize({c: 'rev_slider_37_1',rl:[1240,1024,778,480],el:[540],gw:[1240],gh:[540],type:'hero',justify:'',layout:'fullwidth',mh:\"0\"});if (window.RS_MODULES!==undefined && window.RS_MODULES.modules!==undefined && window.RS_MODULES.modules[\"revslider371\"]!==undefined) {window.RS_MODULES.modules[\"revslider371\"].once = false;window.revapi37 = undefined;if (window.RS_MODULES.checkMinimal!==undefined) window.RS_MODULES.checkMinimal()}\n\t\t\t\t<\/script>\n\t\t\t<\/rs-module-wrap>\n\t\t\t<!-- END REVOLUTION SLIDER -->\n[vc_empty_space height=&#8221;10px&#8221;][vc_column_text]<\/p>\n<pre><strong><span style=\"font-family: arial, helvetica, sans-serif; font-size: 24px;\">MedUSe 10-4AK\n<\/span><span style=\"font-family: arial, helvetica, sans-serif; font-size: 16px; color: #808080;\">Sistema de limpeza por ultra-som para medicina dent\u00e1ria<\/span><\/strong><\/pre>\n<hr \/>\n<h6><span style=\"font-family: arial, helvetica, sans-serif; font-size: 14px; color: #808080;\"><br \/>\nO MedUSe 10-4AK foi desenvolvido por n\u00f3s ap\u00f3s muitos anos de experi\u00eancia e o interc\u00e2mbio ativo com dentistas e as suas necessidades, especialmente para a \u00e1rea dent\u00e1ria. Representa assim um sistema inovador de limpeza de primeira classe para a pr\u00e1tica dent\u00e1ria e satisfaz os requisitos especiais de higiene para a pr\u00e1tica dent\u00e1ria moderna. Os cestos individuais passam primeiro atrav\u00e9s do banho de pr\u00e9-limpeza, com ultra-som.<\/span><\/h6>\n<h6><span style=\"color: #808080; font-family: arial, helvetica, sans-serif; font-size: 14px;\">Para assegurar um elevado grau de limpeza e desinfe\u00e7\u00e3o, a limpeza principal \u00e9 realizada no segundo banho, tamb\u00e9m com ultra-som e desinfetantes. A limpeza \u00e9 consideravelmente intensificada por um sistema de circula\u00e7\u00e3o em ambos os banhos. Os desinfetantes s\u00e3o doseados por um sistema de doseamento autom\u00e1tico que garante uma qualidade de limpeza constante.<\/span><\/h6>\n<h6><span style=\"font-family: arial, helvetica, sans-serif; font-size: 14px; color: #808080;\">Finalmente, os instrumentos s\u00e3o enxaguados no terceiro banho para remover qualquer contamina\u00e7\u00e3o residual e res\u00edduos desinfetantes. O sistema inclui tamb\u00e9m um sistema de secagem por ar quente.<\/span><\/h6>\n<h6><span style=\"font-family: arial, helvetica, sans-serif; font-size: 14px; color: #808080;\">O desenvolvimento deste sistema est\u00e1 protegido de acordo com a lei su\u00ed\u00e7a de direitos de autor (URG) SR231.1 de 1992 (rev. 2008).<\/span><\/h6>\n<p>[\/vc_column_text][vc_column_text]<\/p>\n<h6><span style=\"font-family: arial, helvetica, sans-serif; font-size: 14px; color: #808080;\">\n<table id=\"tablepress-14\" class=\"tablepress tablepress-id-14\">\n<thead>\n<tr class=\"row-1 odd\">\n\t<th class=\"column-1\">Designation\/type<\/th><th class=\"column-2\">Dim. Plant\u00a0 (mm)<\/th><th class=\"column-3\">Bath volume\u00a0 (Liter)<\/th><th class=\"column-4\">Dim. Trays\u00a0 (mm)<\/th><th class=\"column-5\">Disinfection system<\/th><th class=\"column-6\">Transportation<\/th><th class=\"column-7\">Ultrasonic<\/th>\n<\/tr>\n<\/thead>\n<tbody class=\"row-hover\">\n<tr class=\"row-2 even\">\n\t<td class=\"column-1\">MedUSe 10-4AK<\/td><td class=\"column-2\">1630x590x440<\/td><td class=\"column-3\">10<\/td><td class=\"column-4\">200x300x50<\/td><td class=\"column-5\">Yes<\/td><td class=\"column-6\">Manual<\/td><td class=\"column-7\">30 kHz\/1'000W<\/td>\n<\/tr>\n<tr class=\"row-3 odd\">\n\t<td class=\"column-1\">MedUSe 10-4AK<\/td><td class=\"column-2\">1630x590x440<\/td><td class=\"column-3\">10<\/td><td class=\"column-4\">200x300x50<\/td><td class=\"column-5\">Yes<\/td><td class=\"column-6\">Manual\/Lift<\/td><td class=\"column-7\">30 kHz\/1'000W<\/td>\n<\/tr>\n<\/tbody>\n<\/table>\n<!-- #tablepress-14 from cache --><\/span><\/h6>\n<p>[\/vc_column_text][vc_column_text]<\/p>\n<h6><span style=\"font-family: arial, helvetica, sans-serif; font-size: 10px; color: #808080;\">As medidas est\u00e3o sujeitas a altera\u00e7\u00f5es sem aviso pr\u00e9vio!<\/span><\/h6>\n<p>[\/vc_column_text][\/vc_column][\/vc_row][vc_row][vc_column][vc_empty_space height=&#8221;260px&#8221;][\/vc_column][\/vc_row]<\/p>\n","protected":false},"excerpt":{"rendered":"<p>[vc_row][vc_column][vc_empty_space height=&#8221;10px&#8221;][vc_column_text] MedUSe 10-4AK Sistema de limpeza por ultra-som para medicina dent\u00e1ria O MedUSe 10-4AK foi desenvolvido por n\u00f3s ap\u00f3s muitos anos de experi\u00eancia e o interc\u00e2mbio ativo com dentistas e as suas necessidades, especialmente para a \u00e1rea dent\u00e1ria. Representa assim um sistema inovador de limpeza de primeira classe para a pr\u00e1tica dent\u00e1ria e satisfaz [&hellip;]<\/p>\n","protected":false},"author":1,"featured_media":0,"parent":0,"menu_order":0,"comment_status":"closed","ping_status":"closed","template":"","meta":{"_monsterinsights_skip_tracking":false,"_monsterinsights_sitenote_active":false,"_monsterinsights_sitenote_note":"","_monsterinsights_sitenote_category":0,"footnotes":""},"jetpack_sharing_enabled":true,"_links":{"self":[{"href":"https:\/\/www.medisonics.com\/pt-br\/wp-json\/wp\/v2\/pages\/9881"}],"collection":[{"href":"https:\/\/www.medisonics.com\/pt-br\/wp-json\/wp\/v2\/pages"}],"about":[{"href":"https:\/\/www.medisonics.com\/pt-br\/wp-json\/wp\/v2\/types\/page"}],"author":[{"embeddable":true,"href":"https:\/\/www.medisonics.com\/pt-br\/wp-json\/wp\/v2\/users\/1"}],"replies":[{"embeddable":true,"href":"https:\/\/www.medisonics.com\/pt-br\/wp-json\/wp\/v2\/comments?post=9881"}],"version-history":[{"count":1,"href":"https:\/\/www.medisonics.com\/pt-br\/wp-json\/wp\/v2\/pages\/9881\/revisions"}],"predecessor-version":[{"id":10768,"href":"https:\/\/www.medisonics.com\/pt-br\/wp-json\/wp\/v2\/pages\/9881\/revisions\/10768"}],"wp:attachment":[{"href":"https:\/\/www.medisonics.com\/pt-br\/wp-json\/wp\/v2\/media?parent=9881"}],"curies":[{"name":"wp","href":"https:\/\/api.w.org\/{rel}","templated":true}]}}