{"id":9907,"date":"2022-05-17T13:34:02","date_gmt":"2022-05-17T13:34:02","guid":{"rendered":"https:\/\/www.medisonics.com\/309_tske_1000\/"},"modified":"2022-05-17T13:34:02","modified_gmt":"2022-05-17T13:34:02","slug":"309_tske_1000","status":"publish","type":"page","link":"https:\/\/www.medisonics.com\/pt-br\/309_tske_1000\/","title":{"rendered":"309_TSKE_1000"},"content":{"rendered":"<p>[vc_row][vc_column]\n\t\t\t<!-- START Home 300_1 REVOLUTION SLIDER 6.6.20 --><p class=\"rs-p-wp-fix\"><\/p>\n\t\t\t<rs-module-wrap id=\"rev_slider_19_1_wrapper\" data-source=\"gallery\" style=\"visibility:hidden;background:transparent;padding:0;margin:0px auto;margin-top:0;margin-bottom:0;\">\n\t\t\t\t<rs-module id=\"rev_slider_19_1\" style=\"\" data-version=\"6.6.20\">\n\t\t\t\t\t<rs-slides style=\"overflow: hidden; position: absolute;\">\n\t\t\t\t\t\t<rs-slide style=\"position: absolute;\" data-key=\"rs-45\" data-title=\"Slide\" data-anim=\"adpr:false;ms:50;\" data-in=\"o:0;\" data-out=\"a:false;\">\n\t\t\t\t\t\t\t<img decoding=\"async\" src=\"\/\/www.medisonics.com\/wp-content\/plugins\/revslider\/public\/assets\/assets\/dummy.png\" alt=\"Slide\" class=\"rev-slidebg tp-rs-img rs-lazyload\" data-lazyload=\"\/\/www.medisonics.com\/wp-content\/plugins\/revslider\/public\/assets\/assets\/transparent.png\" data-no-retina>\n<!--\n\t\t\t\t\t\t\t--><rs-layer\n\t\t\t\t\t\t\t\tid=\"slider-19-slide-45-layer-0\" \n\t\t\t\t\t\t\t\tclass=\"rs-nolc rs-layer-video intrinsic-ignore\"\n\t\t\t\t\t\t\t\tdata-type=\"video\"\n\t\t\t\t\t\t\t\tdata-rsp_ch=\"on\"\n\t\t\t\t\t\t\t\tdata-text=\"w:normal;s:20,17,12,7;l:0,21,15,9;\"\n\t\t\t\t\t\t\t\tdata-dim=\"w:100%;h:100%;\"\n\t\t\t\t\t\t\t\tdata-basealign=\"slide\"\n\t\t\t\t\t\t\t\tdata-video=\"vfc:true;twa:false;vd:100;rwd:f;l:true;ptimer:false;nse:f;sav:f;afs:f;vc:t;inl:f;\"\n\t\t\t\t\t\t\t\tdata-poster=\"\/\/www.medisonics.com\/wp-content\/uploads\/revslider\/video-media\/300_1_45_layer.jpeg\"\n\t\t\t\t\t\t\t\tdata-mp4=\"\/\/www.medisonics.com\/wp-content\/uploads\/2022\/05\/300_1.mp4\"\n\t\t\t\t\t\t\t\tdata-frame_1=\"sp:50;\"\n\t\t\t\t\t\t\t\tdata-frame_999=\"o:0;st:w;sR:8950;\"\n\t\t\t\t\t\t\t\tstyle=\"z-index:5;\"\n\t\t\t\t\t\t\t>\n\t\t\t\t\t\t\t<\/rs-layer><!--\n-->\t\t\t\t\t\t<\/rs-slide>\n\t\t\t\t\t<\/rs-slides>\n\t\t\t\t<\/rs-module>\n\t\t\t\t<script>\n\t\t\t\t\tsetREVStartSize({c: 'rev_slider_19_1',rl:[1240,1024,778,480],el:[650,768,960,720],gw:[1180,1024,778,480],gh:[650,768,960,720],type:'standard',justify:'',layout:'fullwidth',mh:\"0\"});if (window.RS_MODULES!==undefined && window.RS_MODULES.modules!==undefined && window.RS_MODULES.modules[\"revslider191\"]!==undefined) {window.RS_MODULES.modules[\"revslider191\"].once = false;window.revapi19 = undefined;if (window.RS_MODULES.checkMinimal!==undefined) window.RS_MODULES.checkMinimal()}\n\t\t\t\t<\/script>\n\t\t\t<\/rs-module-wrap>\n\t\t\t<!-- END REVOLUTION SLIDER -->\n[vc_empty_space height=&#8221;10px&#8221;][vc_column_text]<\/p>\n<pre><strong><span style=\"font-family: arial, helvetica, sans-serif; font-size: 24px;\">MedUSe TSKE-1000\n<\/span><span style=\"font-family: arial, helvetica, sans-serif; font-size: 16px; color: #808080;\">Placa transdutora MegaSonics<\/span><\/strong><\/pre>\n<hr>\n<h6><span style=\"font-family: arial, helvetica, sans-serif; font-size: 14px; color: #808080;\">As placas multi-frequ\u00eancia TSKE-1000 com frequ\u00eancias ultra-s\u00f3nicas de 1.000 kHz e pot\u00eancias ultra-s\u00f3nicas de 1.000 Weff.\/2.000 Wpeak. s\u00e3o uma alternativa de poupan\u00e7a de espa\u00e7o que pode ser instalada na parede lateral ou no fundo da cuba de ultra-sons se o espa\u00e7o for limitado. A massa \u00fatil da cuba \u00e9 retida. Os cestos e o equipamento de transporte existentes n\u00e3o t\u00eam de ser modificados. As placas vibrat\u00f3rias planas s\u00e3o ligadas a potentes geradores BBUS controlados por microprocessador para funcionamento. A liga\u00e7\u00e3o da placa de vibra\u00e7\u00e3o plana ao gerador \u00e9 feita atrav\u00e9s de um cabo HF com tecnologia Quick Connect.<\/span><\/h6>\n<p>[\/vc_column_text][\/vc_column][\/vc_row][vc_row][vc_column][vc_empty_space height=&#8221;15px&#8221;][\/vc_column][\/vc_row][vc_row][vc_column][vc_column_text]<\/p>\n<pre>\n<table id=\"tablepress-9\" class=\"tablepress tablepress-id-9\">\n<thead>\n<tr class=\"row-1 odd\">\n\t<th class=\"column-1\">Designation\/type<\/th><th class=\"column-2\">Dimensions\u00a0 (mm)<\/th><th class=\"column-3\">Frequencies\u00a0 (kHz)<\/th><th class=\"column-4\">Power (Weff)<\/th><th class=\"column-5\">Power (Wpeak)<\/th><th class=\"column-6\">Article no.<\/th>\n<\/tr>\n<\/thead>\n<tbody class=\"row-hover\">\n<tr class=\"row-2 even\">\n\t<td class=\"column-1\">Schwingerplatte TSKE-1000<\/td><td class=\"column-2\">200x200x20<\/td><td class=\"column-3\">1'000<\/td><td class=\"column-4\">500<\/td><td class=\"column-5\">1'000<\/td><td class=\"column-6\">1.13532<\/td>\n<\/tr>\n<tr class=\"row-3 odd\">\n\t<td class=\"column-1\">Schwingerplatte TSKE-1000<\/td><td class=\"column-2\">250x250x20<\/td><td class=\"column-3\">1'000<\/td><td class=\"column-4\">1'000<\/td><td class=\"column-5\">2'000<\/td><td class=\"column-6\">1.13533<\/td>\n<\/tr>\n<tr class=\"row-4 even\">\n\t<td class=\"column-1\">Schwingerplatte TSKE-1000<\/td><td class=\"column-2\">300x300x20<\/td><td class=\"column-3\">1'000<\/td><td class=\"column-4\">1'500<\/td><td class=\"column-5\">3'000<\/td><td class=\"column-6\">1.13534<\/td>\n<\/tr>\n<tr class=\"row-5 odd\">\n\t<td class=\"column-1\">Schwingerplatte TSKE-1000<\/td><td class=\"column-2\">350x350x20<\/td><td class=\"column-3\">1'000<\/td><td class=\"column-4\">2'000<\/td><td class=\"column-5\">4'000<\/td><td class=\"column-6\">1.13535<\/td>\n<\/tr>\n<tr class=\"row-6 even\">\n\t<td class=\"column-1\">Schwingerplatte TSKE-1000<\/td><td class=\"column-2\">400x400x20<\/td><td class=\"column-3\">1'000<\/td><td class=\"column-4\">2'500<\/td><td class=\"column-5\">5'000<\/td><td class=\"column-6\">1.13536<\/td>\n<\/tr>\n<\/tbody>\n<\/table>\n<!-- #tablepress-9 from cache --><\/pre>\n<p>[\/vc_column_text][\/vc_column][\/vc_row][vc_row][vc_column][vc_column_text]<\/p>\n<h6><span style=\"font-family: arial, helvetica, sans-serif; font-size: 10px; color: #808080;\">As medidas est\u00e3o sujeitas a altera\u00e7\u00f5es sem aviso pr\u00e9vio!<\/span><\/h6>\n<p>[\/vc_column_text][\/vc_column][\/vc_row]<\/p>\n","protected":false},"excerpt":{"rendered":"<p>[vc_row][vc_column][vc_empty_space height=&#8221;10px&#8221;][vc_column_text] MedUSe TSKE-1000 Placa transdutora MegaSonics As placas multi-frequ\u00eancia TSKE-1000 com frequ\u00eancias ultra-s\u00f3nicas de 1.000 kHz e pot\u00eancias ultra-s\u00f3nicas de 1.000 Weff.\/2.000 Wpeak. s\u00e3o uma alternativa de poupan\u00e7a de espa\u00e7o que pode ser instalada na parede lateral ou no fundo da cuba de ultra-sons se o espa\u00e7o for limitado. A massa \u00fatil da cuba [&hellip;]<\/p>\n","protected":false},"author":1,"featured_media":0,"parent":0,"menu_order":0,"comment_status":"closed","ping_status":"closed","template":"","meta":{"_monsterinsights_skip_tracking":false,"_monsterinsights_sitenote_active":false,"_monsterinsights_sitenote_note":"","_monsterinsights_sitenote_category":0,"footnotes":""},"jetpack_sharing_enabled":true,"_links":{"self":[{"href":"https:\/\/www.medisonics.com\/pt-br\/wp-json\/wp\/v2\/pages\/9907"}],"collection":[{"href":"https:\/\/www.medisonics.com\/pt-br\/wp-json\/wp\/v2\/pages"}],"about":[{"href":"https:\/\/www.medisonics.com\/pt-br\/wp-json\/wp\/v2\/types\/page"}],"author":[{"embeddable":true,"href":"https:\/\/www.medisonics.com\/pt-br\/wp-json\/wp\/v2\/users\/1"}],"replies":[{"embeddable":true,"href":"https:\/\/www.medisonics.com\/pt-br\/wp-json\/wp\/v2\/comments?post=9907"}],"version-history":[{"count":0,"href":"https:\/\/www.medisonics.com\/pt-br\/wp-json\/wp\/v2\/pages\/9907\/revisions"}],"wp:attachment":[{"href":"https:\/\/www.medisonics.com\/pt-br\/wp-json\/wp\/v2\/media?parent=9907"}],"curies":[{"name":"wp","href":"https:\/\/api.w.org\/{rel}","templated":true}]}}