{"id":9946,"date":"2022-05-17T13:11:53","date_gmt":"2022-05-17T13:11:53","guid":{"rendered":"https:\/\/www.medisonics.com\/306_tske_35\/"},"modified":"2022-05-17T13:11:53","modified_gmt":"2022-05-17T13:11:53","slug":"306_tske_35","status":"publish","type":"page","link":"https:\/\/www.medisonics.com\/pt-br\/306_tske_35\/","title":{"rendered":"306_tske_35"},"content":{"rendered":"<p>[vc_row][vc_column]\n\t\t\t<!-- START Home 300_1 REVOLUTION SLIDER 6.6.20 --><p class=\"rs-p-wp-fix\"><\/p>\n\t\t\t<rs-module-wrap id=\"rev_slider_19_1_wrapper\" data-source=\"gallery\" style=\"visibility:hidden;background:transparent;padding:0;margin:0px auto;margin-top:0;margin-bottom:0;\">\n\t\t\t\t<rs-module id=\"rev_slider_19_1\" style=\"\" data-version=\"6.6.20\">\n\t\t\t\t\t<rs-slides style=\"overflow: hidden; position: absolute;\">\n\t\t\t\t\t\t<rs-slide style=\"position: absolute;\" data-key=\"rs-45\" data-title=\"Slide\" data-anim=\"adpr:false;ms:50;\" data-in=\"o:0;\" data-out=\"a:false;\">\n\t\t\t\t\t\t\t<img decoding=\"async\" src=\"\/\/www.medisonics.com\/wp-content\/plugins\/revslider\/public\/assets\/assets\/dummy.png\" alt=\"Slide\" class=\"rev-slidebg tp-rs-img rs-lazyload\" data-lazyload=\"\/\/www.medisonics.com\/wp-content\/plugins\/revslider\/public\/assets\/assets\/transparent.png\" data-no-retina>\n<!--\n\t\t\t\t\t\t\t--><rs-layer\n\t\t\t\t\t\t\t\tid=\"slider-19-slide-45-layer-0\" \n\t\t\t\t\t\t\t\tclass=\"rs-nolc rs-layer-video intrinsic-ignore\"\n\t\t\t\t\t\t\t\tdata-type=\"video\"\n\t\t\t\t\t\t\t\tdata-rsp_ch=\"on\"\n\t\t\t\t\t\t\t\tdata-text=\"w:normal;s:20,17,12,7;l:0,21,15,9;\"\n\t\t\t\t\t\t\t\tdata-dim=\"w:100%;h:100%;\"\n\t\t\t\t\t\t\t\tdata-basealign=\"slide\"\n\t\t\t\t\t\t\t\tdata-video=\"vfc:true;twa:false;vd:100;rwd:f;l:true;ptimer:false;nse:f;sav:f;afs:f;vc:t;inl:f;\"\n\t\t\t\t\t\t\t\tdata-poster=\"\/\/www.medisonics.com\/wp-content\/uploads\/revslider\/video-media\/300_1_45_layer.jpeg\"\n\t\t\t\t\t\t\t\tdata-mp4=\"\/\/www.medisonics.com\/wp-content\/uploads\/2022\/05\/300_1.mp4\"\n\t\t\t\t\t\t\t\tdata-frame_1=\"sp:50;\"\n\t\t\t\t\t\t\t\tdata-frame_999=\"o:0;st:w;sR:8950;\"\n\t\t\t\t\t\t\t\tstyle=\"z-index:5;\"\n\t\t\t\t\t\t\t>\n\t\t\t\t\t\t\t<\/rs-layer><!--\n-->\t\t\t\t\t\t<\/rs-slide>\n\t\t\t\t\t<\/rs-slides>\n\t\t\t\t<\/rs-module>\n\t\t\t\t<script>\n\t\t\t\t\tsetREVStartSize({c: 'rev_slider_19_1',rl:[1240,1024,778,480],el:[650,768,960,720],gw:[1180,1024,778,480],gh:[650,768,960,720],type:'standard',justify:'',layout:'fullwidth',mh:\"0\"});if (window.RS_MODULES!==undefined && window.RS_MODULES.modules!==undefined && window.RS_MODULES.modules[\"revslider191\"]!==undefined) {window.RS_MODULES.modules[\"revslider191\"].once = false;window.revapi19 = undefined;if (window.RS_MODULES.checkMinimal!==undefined) window.RS_MODULES.checkMinimal()}\n\t\t\t\t<\/script>\n\t\t\t<\/rs-module-wrap>\n\t\t\t<!-- END REVOLUTION SLIDER -->\n[vc_empty_space height=&#8221;10px&#8221;][vc_empty_space height=&#8221;10px&#8221;][vc_column_text]<\/p>\n<pre><strong><span style=\"font-family: arial, helvetica, sans-serif; font-size: 24px;\">MedUSe TSKE-35\n<\/span><span style=\"font-family: arial, helvetica, sans-serif; font-size: 16px; color: #808080;\">Placa transdutora<\/span><\/strong><\/pre>\n<hr>\n<h6><span style=\"color: #808080; font-family: arial, helvetica, sans-serif; font-size: 14px;\">As placas de transdutores de frequ\u00eancia fixa TSKE-35 com frequ\u00eancias ultra-s\u00f3nicas de 30 kHz e pot\u00eancias ultra-s\u00f3nicas de 1.000 Watt.\/2.000 Wpeak. s\u00e3o uma alternativa de poupan\u00e7a de espa\u00e7o que pode ser instalada na parede lateral ou no fundo da cuba de ultra-sons se o espa\u00e7o for limitado. A massa \u00fatil da cuba \u00e9 retida. Os cestos e equipamento de transporte existentes n\u00e3o t\u00eam de ser modificados.<\/span><\/h6>\n<h6><span style=\"font-family: arial, helvetica, sans-serif; font-size: 14px; color: #808080;\">As placas vibrat\u00f3rias planas s\u00e3o ligadas a potentes geradores BBUS controlados por microprocessador para funcionamento. A liga\u00e7\u00e3o da placa vibrat\u00f3ria plana ao gerador \u00e9 feita atrav\u00e9s de um cabo HF com tecnologia Quick Connect.<\/span><\/h6>\n<h6><span style=\"color: #808080; font-family: arial, helvetica, sans-serif; font-size: 14px;\">Sistemas de balan\u00e7o de energia em sandu\u00edche<img loading=\"lazy\" decoding=\"async\" class=\"size-medium wp-image-3958 alignleft\" src=\"https:\/\/www.medisonics.com\/wp-content\/uploads\/2022\/05\/306_6-300x111.png\" alt=\"\" width=\"300\" height=\"111\" srcset=\"https:\/\/www.medisonics.com\/wp-content\/uploads\/2022\/05\/306_6-300x111.png 300w, https:\/\/www.medisonics.com\/wp-content\/uploads\/2022\/05\/306_6-1024x379.png 1024w, https:\/\/www.medisonics.com\/wp-content\/uploads\/2022\/05\/306_6-768x285.png 768w, https:\/\/www.medisonics.com\/wp-content\/uploads\/2022\/05\/306_6-1536x569.png 1536w, https:\/\/www.medisonics.com\/wp-content\/uploads\/2022\/05\/306_6-2048x759.png 2048w, https:\/\/www.medisonics.com\/wp-content\/uploads\/2022\/05\/306_6-1320x489.png 1320w, https:\/\/www.medisonics.com\/wp-content\/uploads\/2022\/05\/306_6-150x56.png 150w, https:\/\/www.medisonics.com\/wp-content\/uploads\/2022\/05\/306_6-100x37.png 100w\" sizes=\"(max-width: 300px) 100vw, 300px\" \/><br \/>\n<\/span><span style=\"color: #808080; font-family: arial, helvetica, sans-serif; font-size: 14px;\">Pegas pl\u00e1sticas de transporte<\/span><br \/>\n<span style=\"color: #808080; font-family: arial, helvetica, sans-serif; font-size: 14px;\">Gaiola de trabalho<\/span><br \/>\n<span style=\"color: #808080; font-family: arial, helvetica, sans-serif; font-size: 14px;\">Cobertura pl\u00e1stica e de a\u00e7o inoxid\u00e1vel<\/span><\/h6>\n<p>[\/vc_column_text][vc_column_text]<\/p>\n<h6><span style=\"font-family: arial, helvetica, sans-serif; font-size: 14px; color: #808080;\">\n<table id=\"tablepress-6\" class=\"tablepress tablepress-id-6\">\n<thead>\n<tr class=\"row-1 odd\">\n\t<th class=\"column-1\">Designation\/type<\/th><th class=\"column-2\">Dimensions\u00a0 (mm)<\/th><th class=\"column-3\">Frequencies  (kHz)\t<\/th><th class=\"column-4\">Power (Weff)<\/th><th class=\"column-5\">Power (Wpeak)<\/th><th class=\"column-6\">Article no.<\/th><th class=\"column-7\"><\/th><th class=\"column-8\"><\/th>\n<\/tr>\n<\/thead>\n<tbody class=\"row-hover\">\n<tr class=\"row-2 even\">\n\t<td class=\"column-1\">Schwingerplatte TSKE-35<\/td><td class=\"column-2\">300x350x50<\/td><td class=\"column-3\">35<\/td><td class=\"column-4\">1'000<\/td><td class=\"column-5\">2'000<\/td><td class=\"column-6\">1.13522<\/td><td class=\"column-7\"><\/td><td class=\"column-8\"><\/td>\n<\/tr>\n<tr class=\"row-3 odd\">\n\t<td class=\"column-1\">Schwingerplatte TSKE-35<\/td><td class=\"column-2\">300x400x50<\/td><td class=\"column-3\">35<\/td><td class=\"column-4\">1'000<\/td><td class=\"column-5\">2'000<\/td><td class=\"column-6\">1.13523<\/td><td class=\"column-7\"><\/td><td class=\"column-8\"><\/td>\n<\/tr>\n<tr class=\"row-4 even\">\n\t<td class=\"column-1\">Schwingerplatte TSKE-35<\/td><td class=\"column-2\">300x450x50<\/td><td class=\"column-3\">35<\/td><td class=\"column-4\">1'000<\/td><td class=\"column-5\">2'000<\/td><td class=\"column-6\">1.13524<\/td><td class=\"column-7\"><\/td><td class=\"column-8\"><\/td>\n<\/tr>\n<tr class=\"row-5 odd\">\n\t<td class=\"column-1\">Schwingerplatte TSKE-35<\/td><td class=\"column-2\">300x500x50<\/td><td class=\"column-3\">35<\/td><td class=\"column-4\">1'000<\/td><td class=\"column-5\">2'000<\/td><td class=\"column-6\">1.13525<\/td><td class=\"column-7\"><\/td><td class=\"column-8\"><\/td>\n<\/tr>\n<tr class=\"row-6 even\">\n\t<td class=\"column-1\">Schwingerplatte TSKE-35<\/td><td class=\"column-2\">350x350x50<\/td><td class=\"column-3\">35<\/td><td class=\"column-4\">1'000<\/td><td class=\"column-5\">2'000<\/td><td class=\"column-6\">1.13526<\/td><td class=\"column-7\"><\/td><td class=\"column-8\"><\/td>\n<\/tr>\n<\/tbody>\n<\/table>\n<!-- #tablepress-6 from cache --><\/span><\/h6>\n<p>[\/vc_column_text][\/vc_column][\/vc_row][vc_row][vc_column][vc_column_text]<\/p>\n<h6><span style=\"font-family: arial, helvetica, sans-serif; font-size: 10px; color: #808080;\">As medidas est\u00e3o sujeitas a altera\u00e7\u00f5es sem aviso pr\u00e9vio!<\/span><\/h6>\n<p>[\/vc_column_text][\/vc_column][\/vc_row]<\/p>\n","protected":false},"excerpt":{"rendered":"<p>[vc_row][vc_column][vc_empty_space height=&#8221;10px&#8221;][vc_empty_space height=&#8221;10px&#8221;][vc_column_text] MedUSe TSKE-35 Placa transdutora As placas de transdutores de frequ\u00eancia fixa TSKE-35 com frequ\u00eancias ultra-s\u00f3nicas de 30 kHz e pot\u00eancias ultra-s\u00f3nicas de 1.000 Watt.\/2.000 Wpeak. s\u00e3o uma alternativa de poupan\u00e7a de espa\u00e7o que pode ser instalada na parede lateral ou no fundo da cuba de ultra-sons se o espa\u00e7o for limitado. A [&hellip;]<\/p>\n","protected":false},"author":1,"featured_media":0,"parent":0,"menu_order":0,"comment_status":"closed","ping_status":"closed","template":"","meta":{"_monsterinsights_skip_tracking":false,"_monsterinsights_sitenote_active":false,"_monsterinsights_sitenote_note":"","_monsterinsights_sitenote_category":0,"footnotes":""},"jetpack_sharing_enabled":true,"_links":{"self":[{"href":"https:\/\/www.medisonics.com\/pt-br\/wp-json\/wp\/v2\/pages\/9946"}],"collection":[{"href":"https:\/\/www.medisonics.com\/pt-br\/wp-json\/wp\/v2\/pages"}],"about":[{"href":"https:\/\/www.medisonics.com\/pt-br\/wp-json\/wp\/v2\/types\/page"}],"author":[{"embeddable":true,"href":"https:\/\/www.medisonics.com\/pt-br\/wp-json\/wp\/v2\/users\/1"}],"replies":[{"embeddable":true,"href":"https:\/\/www.medisonics.com\/pt-br\/wp-json\/wp\/v2\/comments?post=9946"}],"version-history":[{"count":0,"href":"https:\/\/www.medisonics.com\/pt-br\/wp-json\/wp\/v2\/pages\/9946\/revisions"}],"wp:attachment":[{"href":"https:\/\/www.medisonics.com\/pt-br\/wp-json\/wp\/v2\/media?parent=9946"}],"curies":[{"name":"wp","href":"https:\/\/api.w.org\/{rel}","templated":true}]}}