{"id":9959,"date":"2022-05-17T12:50:19","date_gmt":"2022-05-17T12:50:19","guid":{"rendered":"https:\/\/www.medisonics.com\/402_meduse_hp\/"},"modified":"2022-05-17T12:50:19","modified_gmt":"2022-05-17T12:50:19","slug":"402_meduse_hp","status":"publish","type":"page","link":"https:\/\/www.medisonics.com\/pt-br\/402_meduse_hp\/","title":{"rendered":"402_meduse_hp"},"content":{"rendered":"<p>[vc_row][vc_column]\n\t\t\t<!-- START Home 400_1 REVOLUTION SLIDER 6.6.20 --><p class=\"rs-p-wp-fix\"><\/p>\n\t\t\t<rs-module-wrap id=\"rev_slider_20_1_wrapper\" data-source=\"gallery\" style=\"visibility:hidden;background:transparent;padding:0;margin:0px auto;margin-top:0;margin-bottom:0;\">\n\t\t\t\t<rs-module id=\"rev_slider_20_1\" style=\"\" data-version=\"6.6.20\">\n\t\t\t\t\t<rs-slides style=\"overflow: hidden; position: absolute;\">\n\t\t\t\t\t\t<rs-slide style=\"position: absolute;\" data-key=\"rs-46\" data-title=\"Slide\" data-anim=\"adpr:false;ms:50;\" data-in=\"o:0;\" data-out=\"a:false;\">\n\t\t\t\t\t\t\t<img decoding=\"async\" src=\"\/\/www.medisonics.com\/wp-content\/plugins\/revslider\/public\/assets\/assets\/dummy.png\" alt=\"Slide\" class=\"rev-slidebg tp-rs-img rs-lazyload\" data-lazyload=\"\/\/www.medisonics.com\/wp-content\/plugins\/revslider\/public\/assets\/assets\/transparent.png\" data-no-retina>\n<!--\n\t\t\t\t\t\t\t--><rs-layer\n\t\t\t\t\t\t\t\tid=\"slider-20-slide-46-layer-0\" \n\t\t\t\t\t\t\t\tclass=\"rs-fsv rs-nolc rs-layer-video intrinsic-ignore\"\n\t\t\t\t\t\t\t\tdata-type=\"video\"\n\t\t\t\t\t\t\t\tdata-rsp_ch=\"on\"\n\t\t\t\t\t\t\t\tdata-xy=\"x:0;y:0;\"\n\t\t\t\t\t\t\t\tdata-text=\"w:normal;s:20,17,12,7;l:0,21,15,9;\"\n\t\t\t\t\t\t\t\tdata-dim=\"w:100%;h:100%;\"\n\t\t\t\t\t\t\t\tdata-basealign=\"slide\"\n\t\t\t\t\t\t\t\tdata-video=\"vfc:true;vd:100;rwd:f;fc:true;l:true;ptimer:false;nse:f;sav:f;afs:f;vc:t;inl:f;\"\n\t\t\t\t\t\t\t\tdata-poster=\"\/\/www.medisonics.com\/wp-content\/uploads\/revslider\/video-media\/400_2_46_layer.jpeg\"\n\t\t\t\t\t\t\t\tdata-mp4=\"\/\/www.medisonics.com\/wp-content\/uploads\/2022\/05\/400_2.mp4\"\n\t\t\t\t\t\t\t\tdata-frame_1=\"sp:50;\"\n\t\t\t\t\t\t\t\tdata-frame_999=\"o:0;st:w;sR:8950;\"\n\t\t\t\t\t\t\t\tstyle=\"z-index:8;\"\n\t\t\t\t\t\t\t>\n\t\t\t\t\t\t\t<\/rs-layer><!--\n-->\t\t\t\t\t\t<\/rs-slide>\n\t\t\t\t\t<\/rs-slides>\n\t\t\t\t<\/rs-module>\n\t\t\t\t<script>\n\t\t\t\t\tsetREVStartSize({c: 'rev_slider_20_1',rl:[1240,1024,778,480],el:[640,768,960,720],gw:[1180,1024,778,480],gh:[640,768,960,720],type:'hero',justify:'',layout:'fullwidth',mh:\"0\"});if (window.RS_MODULES!==undefined && window.RS_MODULES.modules!==undefined && window.RS_MODULES.modules[\"revslider201\"]!==undefined) {window.RS_MODULES.modules[\"revslider201\"].once = false;window.revapi20 = undefined;if (window.RS_MODULES.checkMinimal!==undefined) window.RS_MODULES.checkMinimal()}\n\t\t\t\t<\/script>\n\t\t\t<\/rs-module-wrap>\n\t\t\t<!-- END REVOLUTION SLIDER -->\n[vc_empty_space height=&#8221;10px&#8221;][vc_empty_space height=&#8221;10px&#8221;][vc_column_text]<\/p>\n<pre><strong><span style=\"font-family: arial, helvetica, sans-serif; font-size: 24px;\">MedUSe HP\n<\/span><span style=\"font-family: arial, helvetica, sans-serif; font-size: 16px; color: #808080;\">Equipamento de limpeza por ultra-som<\/span><\/strong><\/pre>\n<hr>\n<h6><span style=\"font-family: arial, helvetica, sans-serif; font-size: 14px; color: #808080;\">As unidades de limpeza ultra-s\u00f3nica de alta pot\u00eancia da s\u00e9rie MedUSe HP, consistem em tanques de a\u00e7o inoxid\u00e1vel e foram especialmente desenvolvidas para uma vasta gama de aplica\u00e7\u00f5es nos sectores industrial e m\u00e9dico. Ao longo de muitos anos de experi\u00eancia e desenvolvimento inovador, a s\u00e9rie MedUSe foi concebida com tecnologia de ponta.<\/span><\/h6>\n<h6><span style=\"font-family: arial, helvetica, sans-serif; font-size: 14px; color: #808080;\">Os produtos de limpeza ultra-s\u00f3nicos satisfazem as necessidades de limpeza do cliente nos seus pr\u00f3prios laborat\u00f3rios de processo e podem ser facilmente colocados como modelo de mesa. O sistema \u00e9 concebido com tecnologia ultra-s\u00f3nica avan\u00e7ada e traz uma elevada pot\u00eancia ultra-s\u00f3nica de 30 W\/litro. A entrada de energia no tanque de processo \u00e9 feita por elementos vibrat\u00f3rios incorporados no ch\u00e3o com a mais recente tecnologia multi-frequ\u00eancia.<\/span><\/h6>\n<h6><span style=\"font-family: arial, helvetica, sans-serif; font-size: 14px; color: #808080;\">O desenvolvimento deste sistema est\u00e1 protegido ao abrigo da Lei Su\u00ed\u00e7a de Direitos de Autor (URG) SR231.1 de 1992 (rev. 2008).<\/span><\/h6>\n<h6><strong><span style=\"font-family: arial, helvetica, sans-serif; font-size: 14px; color: #000000;\">Caracter\u00edsticas:<br \/>\n<\/span><\/strong><span style=\"font-size: 14px; font-family: arial, helvetica, sans-serif; color: #808080;\">\u203a Limpeza de tanques e caixas em a\u00e7o inoxid\u00e1vel s\u00f3lido<br \/>\n\u203a Visualiza\u00e7\u00e3o do tempo de limpeza restante atrav\u00e9s do painel t\u00e1ctil<br \/>\n\u203a Fun\u00e7\u00f5es de varrimento, impulso e desgaseificador<br \/>\n\u203a Sistema de dosagem<br \/>\n\u203a Sistema de circula\u00e7\u00e3o<br \/>\n\u203a Cesto de pe\u00e7as<br \/>\n\u203a Cobertura de vidro<\/span><\/h6>\n<p>[\/vc_column_text][\/vc_column][\/vc_row][vc_row][vc_column][vc_empty_space height=&#8221;15px&#8221;][\/vc_column][\/vc_row][vc_row][vc_column][vc_column_text]\n<table id=\"tablepress-4\" class=\"tablepress tablepress-id-4\">\n<thead>\n<tr class=\"row-1 odd\">\n\t<th class=\"column-1\">Designation\/type<\/th><th class=\"column-2\">Dim. Devices (mm)<\/th><th class=\"column-3\">Dim.\u00a0 Tub\u00a0 (mm)<\/th><th class=\"column-4\">Bath volume\u00a0 (Liter)<\/th><th class=\"column-5\">Heating (W)<\/th><th class=\"column-6\">Frequencies (kHz)<\/th><th class=\"column-7\">Power (W)<\/th><th class=\"column-8\">Voltage (V\/f)<\/th><th class=\"column-9\">Article no.<\/th>\n<\/tr>\n<\/thead>\n<tbody class=\"row-hover\">\n<tr class=\"row-2 even\">\n\t<td class=\"column-1\">MedUSe 10<\/td><td class=\"column-2\">350x400x250<\/td><td class=\"column-3\">300x350x200<\/td><td class=\"column-4\">10<\/td><td class=\"column-5\">200<\/td><td class=\"column-6\">30-120<\/td><td class=\"column-7\">1'000<\/td><td class=\"column-8\">110\/220\/50\/60<\/td><td class=\"column-9\">1.00022<\/td>\n<\/tr>\n<tr class=\"row-3 odd\">\n\t<td class=\"column-1\">MedUSe 20<\/td><td class=\"column-2\">400x450x300<\/td><td class=\"column-3\">350x400x250<\/td><td class=\"column-4\">20<\/td><td class=\"column-5\">400<\/td><td class=\"column-6\">30-120<\/td><td class=\"column-7\">1'000<\/td><td class=\"column-8\">110\/220\/50\/60<\/td><td class=\"column-9\">1.00023<\/td>\n<\/tr>\n<tr class=\"row-4 even\">\n\t<td class=\"column-1\">MedUSe 30<\/td><td class=\"column-2\">450x500x350<\/td><td class=\"column-3\">400x450x300<\/td><td class=\"column-4\">30<\/td><td class=\"column-5\">3000<\/td><td class=\"column-6\">30-120<\/td><td class=\"column-7\">1'000<\/td><td class=\"column-8\">110\/220\/50\/60<\/td><td class=\"column-9\">1.00024<\/td>\n<\/tr>\n<tr class=\"row-5 odd\">\n\t<td class=\"column-1\">MedUSe 40<\/td><td class=\"column-2\">500x550x400<\/td><td class=\"column-3\">450x500x350<\/td><td class=\"column-4\">40<\/td><td class=\"column-5\">3000<\/td><td class=\"column-6\">30-120<\/td><td class=\"column-7\">2'000<\/td><td class=\"column-8\">110\/220\/50\/60<\/td><td class=\"column-9\">1.00025<\/td>\n<\/tr>\n<tr class=\"row-6 even\">\n\t<td class=\"column-1\">MedUSe 50<\/td><td class=\"column-2\">550x600x450<\/td><td class=\"column-3\">500x550x400<\/td><td class=\"column-4\">50<\/td><td class=\"column-5\">5000<\/td><td class=\"column-6\">30-120<\/td><td class=\"column-7\">2'000<\/td><td class=\"column-8\">110\/220\/50\/60<\/td><td class=\"column-9\">1.00026<\/td>\n<\/tr>\n<\/tbody>\n<\/table>\n<!-- #tablepress-4 from cache -->[\/vc_column_text][\/vc_column][\/vc_row][vc_row][vc_column][vc_column_text]<\/p>\n<h6><span style=\"font-family: arial, helvetica, sans-serif; font-size: 10px; color: #808080;\">As medidas est\u00e3o sujeitas a altera\u00e7\u00f5es sem aviso pr\u00e9vio!<\/span><\/h6>\n<p>[\/vc_column_text][\/vc_column][\/vc_row]<\/p>\n","protected":false},"excerpt":{"rendered":"<p>[vc_row][vc_column][vc_empty_space height=&#8221;10px&#8221;][vc_empty_space height=&#8221;10px&#8221;][vc_column_text] MedUSe HP Equipamento de limpeza por ultra-som As unidades de limpeza ultra-s\u00f3nica de alta pot\u00eancia da s\u00e9rie MedUSe HP, consistem em tanques de a\u00e7o inoxid\u00e1vel e foram especialmente desenvolvidas para uma vasta gama de aplica\u00e7\u00f5es nos sectores industrial e m\u00e9dico. Ao longo de muitos anos de experi\u00eancia e desenvolvimento inovador, a s\u00e9rie [&hellip;]<\/p>\n","protected":false},"author":1,"featured_media":0,"parent":0,"menu_order":0,"comment_status":"closed","ping_status":"closed","template":"","meta":{"_monsterinsights_skip_tracking":false,"_monsterinsights_sitenote_active":false,"_monsterinsights_sitenote_note":"","_monsterinsights_sitenote_category":0,"footnotes":""},"jetpack_sharing_enabled":true,"_links":{"self":[{"href":"https:\/\/www.medisonics.com\/pt-br\/wp-json\/wp\/v2\/pages\/9959"}],"collection":[{"href":"https:\/\/www.medisonics.com\/pt-br\/wp-json\/wp\/v2\/pages"}],"about":[{"href":"https:\/\/www.medisonics.com\/pt-br\/wp-json\/wp\/v2\/types\/page"}],"author":[{"embeddable":true,"href":"https:\/\/www.medisonics.com\/pt-br\/wp-json\/wp\/v2\/users\/1"}],"replies":[{"embeddable":true,"href":"https:\/\/www.medisonics.com\/pt-br\/wp-json\/wp\/v2\/comments?post=9959"}],"version-history":[{"count":0,"href":"https:\/\/www.medisonics.com\/pt-br\/wp-json\/wp\/v2\/pages\/9959\/revisions"}],"wp:attachment":[{"href":"https:\/\/www.medisonics.com\/pt-br\/wp-json\/wp\/v2\/media?parent=9959"}],"curies":[{"name":"wp","href":"https:\/\/api.w.org\/{rel}","templated":true}]}}